{"id":31296,"date":"2026-01-30T11:00:15","date_gmt":"2026-01-30T10:00:15","guid":{"rendered":"https:\/\/profika.com.pl\/?post_type=product&#038;p=31296"},"modified":"2026-01-30T11:00:15","modified_gmt":"2026-01-30T10:00:15","slug":"prowadnica-stihl-rollmatic-e-45cm-18-325-1-6","status":"publish","type":"product","link":"https:\/\/profika.com.pl\/index.php\/produkt\/prowadnica-stihl-rollmatic-e-45cm-18-325-1-6\/","title":{"rendered":"Prowadnica Stihl Rollmatic E 45cm 18&#8243; .325 1.6"},"content":{"rendered":"","protected":false},"excerpt":{"rendered":"<p>Numer katalogowy: 30030086817<br \/>\nD\u0142ugo\u015b\u0107 prowadnicy: 45cm 18&#8243;<br \/>\nPodzia\u0142ka: .325<br \/>\nGrubo\u015b\u0107 \u0142a\u0144cucha: 1.6<\/p>\n","protected":false},"featured_media":31297,"template":"","meta":[],"product_brand":[70],"product_cat":[136,73],"product_tag":[],"class_list":{"0":"post-31296","1":"product","2":"type-product","3":"status-publish","4":"has-post-thumbnail","6":"product_brand-stihl","7":"product_cat-prowadnice-akcesoria","8":"product_cat-akcesoria","10":"first","11":"instock","12":"shipping-taxable","13":"purchasable","14":"product-type-simple"},"aioseo_notices":[],"_links":{"self":[{"href":"https:\/\/profika.com.pl\/index.php\/wp-json\/wp\/v2\/product\/31296","targetHints":{"allow":["GET"]}}],"collection":[{"href":"https:\/\/profika.com.pl\/index.php\/wp-json\/wp\/v2\/product"}],"about":[{"href":"https:\/\/profika.com.pl\/index.php\/wp-json\/wp\/v2\/types\/product"}],"version-history":[{"count":2,"href":"https:\/\/profika.com.pl\/index.php\/wp-json\/wp\/v2\/product\/31296\/revisions"}],"predecessor-version":[{"id":31299,"href":"https:\/\/profika.com.pl\/index.php\/wp-json\/wp\/v2\/product\/31296\/revisions\/31299"}],"wp:featuredmedia":[{"embeddable":true,"href":"https:\/\/profika.com.pl\/index.php\/wp-json\/wp\/v2\/media\/31297"}],"wp:attachment":[{"href":"https:\/\/profika.com.pl\/index.php\/wp-json\/wp\/v2\/media?parent=31296"}],"wp:term":[{"taxonomy":"product_brand","embeddable":true,"href":"https:\/\/profika.com.pl\/index.php\/wp-json\/wp\/v2\/product_brand?post=31296"},{"taxonomy":"product_cat","embeddable":true,"href":"https:\/\/profika.com.pl\/index.php\/wp-json\/wp\/v2\/product_cat?post=31296"},{"taxonomy":"product_tag","embeddable":true,"href":"https:\/\/profika.com.pl\/index.php\/wp-json\/wp\/v2\/product_tag?post=31296"}],"curies":[{"name":"wp","href":"https:\/\/api.w.org\/{rel}","templated":true}]}}