{"id":31300,"date":"2026-01-30T11:11:50","date_gmt":"2026-01-30T10:11:50","guid":{"rendered":"https:\/\/profika.com.pl\/?post_type=product&#038;p=31300"},"modified":"2026-01-30T11:11:50","modified_gmt":"2026-01-30T10:11:50","slug":"prowadnica-stihl-light-04-35cm-3-8-1-1-mm","status":"publish","type":"product","link":"https:\/\/profika.com.pl\/index.php\/produkt\/prowadnica-stihl-light-04-35cm-3-8-1-1-mm\/","title":{"rendered":"Prowadnica Stihl Light 04 35cm 3\/8 1.1 mm"},"content":{"rendered":"","protected":false},"excerpt":{"rendered":"<p>Numer katalogowy: 30050004409<br \/>\nD\u0142ugo\u015b\u0107 prowadnicy: 35cm 14\u2033<br \/>\nPodzia\u0142ka: 3\/8\u2033<br \/>\nGrubo\u015b\u0107 \u0142a\u0144cucha: 1.1 mm<\/p>\n","protected":false},"featured_media":31301,"template":"","meta":[],"product_brand":[70],"product_cat":[136,73],"product_tag":[],"class_list":{"0":"post-31300","1":"product","2":"type-product","3":"status-publish","4":"has-post-thumbnail","6":"product_brand-stihl","7":"product_cat-prowadnice-akcesoria","8":"product_cat-akcesoria","10":"first","11":"instock","12":"shipping-taxable","13":"purchasable","14":"product-type-simple"},"aioseo_notices":[],"_links":{"self":[{"href":"https:\/\/profika.com.pl\/index.php\/wp-json\/wp\/v2\/product\/31300","targetHints":{"allow":["GET"]}}],"collection":[{"href":"https:\/\/profika.com.pl\/index.php\/wp-json\/wp\/v2\/product"}],"about":[{"href":"https:\/\/profika.com.pl\/index.php\/wp-json\/wp\/v2\/types\/product"}],"version-history":[{"count":2,"href":"https:\/\/profika.com.pl\/index.php\/wp-json\/wp\/v2\/product\/31300\/revisions"}],"predecessor-version":[{"id":31303,"href":"https:\/\/profika.com.pl\/index.php\/wp-json\/wp\/v2\/product\/31300\/revisions\/31303"}],"wp:featuredmedia":[{"embeddable":true,"href":"https:\/\/profika.com.pl\/index.php\/wp-json\/wp\/v2\/media\/31301"}],"wp:attachment":[{"href":"https:\/\/profika.com.pl\/index.php\/wp-json\/wp\/v2\/media?parent=31300"}],"wp:term":[{"taxonomy":"product_brand","embeddable":true,"href":"https:\/\/profika.com.pl\/index.php\/wp-json\/wp\/v2\/product_brand?post=31300"},{"taxonomy":"product_cat","embeddable":true,"href":"https:\/\/profika.com.pl\/index.php\/wp-json\/wp\/v2\/product_cat?post=31300"},{"taxonomy":"product_tag","embeddable":true,"href":"https:\/\/profika.com.pl\/index.php\/wp-json\/wp\/v2\/product_tag?post=31300"}],"curies":[{"name":"wp","href":"https:\/\/api.w.org\/{rel}","templated":true}]}}