{"id":31308,"date":"2026-01-30T11:55:01","date_gmt":"2026-01-30T10:55:01","guid":{"rendered":"https:\/\/profika.com.pl\/?post_type=product&#038;p=31308"},"modified":"2026-01-30T11:55:01","modified_gmt":"2026-01-30T10:55:01","slug":"prowadnica-stihl-light-04-40cm-13mm-325","status":"publish","type":"product","link":"https:\/\/profika.com.pl\/index.php\/produkt\/prowadnica-stihl-light-04-40cm-13mm-325\/","title":{"rendered":"Prowadnica Stihl Light 04 40cm 1,3mm .325&#8221;"},"content":{"rendered":"","protected":false},"excerpt":{"rendered":"<p>Numer katalogowy: 3003 000 3313<br \/>\nD\u0142ugo\u015b\u0107 prowadnicy: 40cm 16\u2033<br \/>\nPodzia\u0142ka: .325<br \/>\nGrubo\u015b\u0107 \u0142a\u0144cucha: 1.3 mm<\/p>\n","protected":false},"featured_media":31309,"template":"","meta":[],"product_brand":[70],"product_cat":[136,73],"product_tag":[],"class_list":{"0":"post-31308","1":"product","2":"type-product","3":"status-publish","4":"has-post-thumbnail","6":"product_brand-stihl","7":"product_cat-prowadnice-akcesoria","8":"product_cat-akcesoria","10":"first","11":"instock","12":"shipping-taxable","13":"purchasable","14":"product-type-simple"},"aioseo_notices":[],"_links":{"self":[{"href":"https:\/\/profika.com.pl\/index.php\/wp-json\/wp\/v2\/product\/31308","targetHints":{"allow":["GET"]}}],"collection":[{"href":"https:\/\/profika.com.pl\/index.php\/wp-json\/wp\/v2\/product"}],"about":[{"href":"https:\/\/profika.com.pl\/index.php\/wp-json\/wp\/v2\/types\/product"}],"version-history":[{"count":1,"href":"https:\/\/profika.com.pl\/index.php\/wp-json\/wp\/v2\/product\/31308\/revisions"}],"predecessor-version":[{"id":31310,"href":"https:\/\/profika.com.pl\/index.php\/wp-json\/wp\/v2\/product\/31308\/revisions\/31310"}],"wp:featuredmedia":[{"embeddable":true,"href":"https:\/\/profika.com.pl\/index.php\/wp-json\/wp\/v2\/media\/31309"}],"wp:attachment":[{"href":"https:\/\/profika.com.pl\/index.php\/wp-json\/wp\/v2\/media?parent=31308"}],"wp:term":[{"taxonomy":"product_brand","embeddable":true,"href":"https:\/\/profika.com.pl\/index.php\/wp-json\/wp\/v2\/product_brand?post=31308"},{"taxonomy":"product_cat","embeddable":true,"href":"https:\/\/profika.com.pl\/index.php\/wp-json\/wp\/v2\/product_cat?post=31308"},{"taxonomy":"product_tag","embeddable":true,"href":"https:\/\/profika.com.pl\/index.php\/wp-json\/wp\/v2\/product_tag?post=31308"}],"curies":[{"name":"wp","href":"https:\/\/api.w.org\/{rel}","templated":true}]}}