{"id":31311,"date":"2026-01-30T12:01:45","date_gmt":"2026-01-30T11:01:45","guid":{"rendered":"https:\/\/profika.com.pl\/?post_type=product&#038;p=31311"},"modified":"2026-01-30T12:01:45","modified_gmt":"2026-01-30T11:01:45","slug":"prowadnica-stihl-light-06-37cm-15-16mm-3-8","status":"publish","type":"product","link":"https:\/\/profika.com.pl\/index.php\/produkt\/prowadnica-stihl-light-06-37cm-15-16mm-3-8\/","title":{"rendered":"Prowadnica Stihl Light 06 37cm 15&#8243; 1,6mm 3\/8&#8221;"},"content":{"rendered":"","protected":false},"excerpt":{"rendered":"<p>Numer katalogowy: 30030005211<br \/>\nD\u0142ugo\u015b\u0107 prowadnicy: 37cm 15\u2033<br \/>\nPodzia\u0142ka: 3\/8\u2033<br \/>\nGrubo\u015b\u0107 \u0142a\u0144cucha: 1.6 mm<\/p>\n","protected":false},"featured_media":31312,"template":"","meta":[],"product_brand":[70],"product_cat":[136,73],"product_tag":[],"class_list":{"0":"post-31311","1":"product","2":"type-product","3":"status-publish","4":"has-post-thumbnail","6":"product_brand-stihl","7":"product_cat-prowadnice-akcesoria","8":"product_cat-akcesoria","10":"first","11":"instock","12":"shipping-taxable","13":"purchasable","14":"product-type-simple"},"aioseo_notices":[],"_links":{"self":[{"href":"https:\/\/profika.com.pl\/index.php\/wp-json\/wp\/v2\/product\/31311","targetHints":{"allow":["GET"]}}],"collection":[{"href":"https:\/\/profika.com.pl\/index.php\/wp-json\/wp\/v2\/product"}],"about":[{"href":"https:\/\/profika.com.pl\/index.php\/wp-json\/wp\/v2\/types\/product"}],"version-history":[{"count":1,"href":"https:\/\/profika.com.pl\/index.php\/wp-json\/wp\/v2\/product\/31311\/revisions"}],"predecessor-version":[{"id":31313,"href":"https:\/\/profika.com.pl\/index.php\/wp-json\/wp\/v2\/product\/31311\/revisions\/31313"}],"wp:featuredmedia":[{"embeddable":true,"href":"https:\/\/profika.com.pl\/index.php\/wp-json\/wp\/v2\/media\/31312"}],"wp:attachment":[{"href":"https:\/\/profika.com.pl\/index.php\/wp-json\/wp\/v2\/media?parent=31311"}],"wp:term":[{"taxonomy":"product_brand","embeddable":true,"href":"https:\/\/profika.com.pl\/index.php\/wp-json\/wp\/v2\/product_brand?post=31311"},{"taxonomy":"product_cat","embeddable":true,"href":"https:\/\/profika.com.pl\/index.php\/wp-json\/wp\/v2\/product_cat?post=31311"},{"taxonomy":"product_tag","embeddable":true,"href":"https:\/\/profika.com.pl\/index.php\/wp-json\/wp\/v2\/product_tag?post=31311"}],"curies":[{"name":"wp","href":"https:\/\/api.w.org\/{rel}","templated":true}]}}