{"id":31316,"date":"2026-01-30T12:26:01","date_gmt":"2026-01-30T11:26:01","guid":{"rendered":"https:\/\/profika.com.pl\/?post_type=product&#038;p=31316"},"modified":"2026-01-30T12:26:01","modified_gmt":"2026-01-30T11:26:01","slug":"prowadnica-stihl-light-04-35cm-13mm-325","status":"publish","type":"product","link":"https:\/\/profika.com.pl\/index.php\/produkt\/prowadnica-stihl-light-04-35cm-13mm-325\/","title":{"rendered":"Prowadnica Stihl Light 04 35cm 1,3mm .325&#8221;"},"content":{"rendered":"","protected":false},"excerpt":{"rendered":"<p>Numer katalogowy: 30030003309<br \/>\nD\u0142ugo\u015b\u0107 prowadnicy: 35cm 14\u2033<br \/>\nPodzia\u0142ka: .325&#8243;<br \/>\nGrubo\u015b\u0107 \u0142a\u0144cucha: 1.3 mm<\/p>\n","protected":false},"featured_media":31294,"template":"","meta":[],"product_brand":[70],"product_cat":[136,73],"product_tag":[],"class_list":{"0":"post-31316","1":"product","2":"type-product","3":"status-publish","4":"has-post-thumbnail","6":"product_brand-stihl","7":"product_cat-prowadnice-akcesoria","8":"product_cat-akcesoria","10":"first","11":"instock","12":"sale","13":"shipping-taxable","14":"purchasable","15":"product-type-simple"},"aioseo_notices":[],"_links":{"self":[{"href":"https:\/\/profika.com.pl\/index.php\/wp-json\/wp\/v2\/product\/31316","targetHints":{"allow":["GET"]}}],"collection":[{"href":"https:\/\/profika.com.pl\/index.php\/wp-json\/wp\/v2\/product"}],"about":[{"href":"https:\/\/profika.com.pl\/index.php\/wp-json\/wp\/v2\/types\/product"}],"version-history":[{"count":1,"href":"https:\/\/profika.com.pl\/index.php\/wp-json\/wp\/v2\/product\/31316\/revisions"}],"predecessor-version":[{"id":31317,"href":"https:\/\/profika.com.pl\/index.php\/wp-json\/wp\/v2\/product\/31316\/revisions\/31317"}],"wp:featuredmedia":[{"embeddable":true,"href":"https:\/\/profika.com.pl\/index.php\/wp-json\/wp\/v2\/media\/31294"}],"wp:attachment":[{"href":"https:\/\/profika.com.pl\/index.php\/wp-json\/wp\/v2\/media?parent=31316"}],"wp:term":[{"taxonomy":"product_brand","embeddable":true,"href":"https:\/\/profika.com.pl\/index.php\/wp-json\/wp\/v2\/product_brand?post=31316"},{"taxonomy":"product_cat","embeddable":true,"href":"https:\/\/profika.com.pl\/index.php\/wp-json\/wp\/v2\/product_cat?post=31316"},{"taxonomy":"product_tag","embeddable":true,"href":"https:\/\/profika.com.pl\/index.php\/wp-json\/wp\/v2\/product_tag?post=31316"}],"curies":[{"name":"wp","href":"https:\/\/api.w.org\/{rel}","templated":true}]}}