{"id":31325,"date":"2026-02-02T13:00:03","date_gmt":"2026-02-02T12:00:03","guid":{"rendered":"https:\/\/profika.com.pl\/?post_type=product&#038;p=31325"},"modified":"2026-02-02T13:00:03","modified_gmt":"2026-02-02T12:00:03","slug":"prowadnica-oregon-single-rivet-140sdea074-35cm14-3-8-13mm","status":"publish","type":"product","link":"https:\/\/profika.com.pl\/index.php\/produkt\/prowadnica-oregon-single-rivet-140sdea074-35cm14-3-8-13mm\/","title":{"rendered":"Prowadnica Oregon Single Rivet 140SDEA074 35cm(14\u201d) 3\/8\u201d 1,3mm"},"content":{"rendered":"","protected":false},"excerpt":{"rendered":"<p>indeks: <strong>001372<\/strong><br \/>\nNazwa serii: Single Rivet<br \/>\nZastosowanie: Hobby<br \/>\nPodzia\u0142ka: 3\/8&#8243; (niski profil)<br \/>\nD\u0142ugo\u015b\u0107 prowadnicy: 14&#8243; &#8211; 35cm<br \/>\nSzeroko\u015b\u0107 rowka: 1,3 mm<br \/>\nKo\u0144c\u00f3wka monta\u017cowa: A074<br \/>\nOdpowiednik prowadnicy:<br \/>\nStihl: 3005 000 4809<\/p>\n","protected":false},"featured_media":31326,"template":"","meta":[],"product_brand":[104],"product_cat":[136,73],"product_tag":[],"class_list":{"0":"post-31325","1":"product","2":"type-product","3":"status-publish","4":"has-post-thumbnail","6":"product_brand-oregon","7":"product_cat-prowadnice-akcesoria","8":"product_cat-akcesoria","10":"first","11":"instock","12":"sale","13":"shipping-taxable","14":"purchasable","15":"product-type-simple"},"aioseo_notices":[],"_links":{"self":[{"href":"https:\/\/profika.com.pl\/index.php\/wp-json\/wp\/v2\/product\/31325","targetHints":{"allow":["GET"]}}],"collection":[{"href":"https:\/\/profika.com.pl\/index.php\/wp-json\/wp\/v2\/product"}],"about":[{"href":"https:\/\/profika.com.pl\/index.php\/wp-json\/wp\/v2\/types\/product"}],"version-history":[{"count":1,"href":"https:\/\/profika.com.pl\/index.php\/wp-json\/wp\/v2\/product\/31325\/revisions"}],"predecessor-version":[{"id":31327,"href":"https:\/\/profika.com.pl\/index.php\/wp-json\/wp\/v2\/product\/31325\/revisions\/31327"}],"wp:featuredmedia":[{"embeddable":true,"href":"https:\/\/profika.com.pl\/index.php\/wp-json\/wp\/v2\/media\/31326"}],"wp:attachment":[{"href":"https:\/\/profika.com.pl\/index.php\/wp-json\/wp\/v2\/media?parent=31325"}],"wp:term":[{"taxonomy":"product_brand","embeddable":true,"href":"https:\/\/profika.com.pl\/index.php\/wp-json\/wp\/v2\/product_brand?post=31325"},{"taxonomy":"product_cat","embeddable":true,"href":"https:\/\/profika.com.pl\/index.php\/wp-json\/wp\/v2\/product_cat?post=31325"},{"taxonomy":"product_tag","embeddable":true,"href":"https:\/\/profika.com.pl\/index.php\/wp-json\/wp\/v2\/product_tag?post=31325"}],"curies":[{"name":"wp","href":"https:\/\/api.w.org\/{rel}","templated":true}]}}