{"id":31328,"date":"2026-02-02T13:17:42","date_gmt":"2026-02-02T12:17:42","guid":{"rendered":"https:\/\/profika.com.pl\/?post_type=product&#038;p=31328"},"modified":"2026-02-02T13:17:42","modified_gmt":"2026-02-02T12:17:42","slug":"zestaw-tnacy-oregon-combo-1x-140sdea041-2x-91p052e","status":"publish","type":"product","link":"https:\/\/profika.com.pl\/index.php\/produkt\/zestaw-tnacy-oregon-combo-1x-140sdea041-2x-91p052e\/","title":{"rendered":"Zestaw tn\u0105cy OREGON COMBO 1x 140SDEA041 + 2x 91P052E"},"content":{"rendered":"<p>Pasuje do:<\/p>\n<p><strong><strong>Husqvarna<\/strong><\/strong>: 23, E16, E316, E317, E321,<br \/>\n<strong>Oleo-Mac<\/strong>: GS35, GS350, GS370, 931, 932, GS410C,Solo613,<br \/>\n<strong>Makita<\/strong>: DCS230T, DCS232T, DCS3410TH, DCS3501, DCS4610, DCS300, DCS330, DCS300S, DCS340, DCS34, DCS341, DCS3500, DCS350, DCS3520A, DCS380, DCS390, DCS400, DCS401, DCS330S, UC3501, UC3520A, BUC250RDE, BUC122RFE, UC3030A, UC3530AK, UC3000, UC3500, UC4000, UC4030AK, 5012, 5016,<br \/>\n<strong>Jonsered<\/strong>: 2033TH,<br \/>\n<strong>Dolmar<\/strong>: PS330, PS33, PS34, PS340, PS341, PS344, PS3410, PS350, PS390, PS400, PS401, PS41, PS45, ES3, ES6, ES30, ES37, ES40, ES41, ES140, ES151, ES152, ES152A, ES153, ES160, ES161, ES162, ES162A, ES163, ES172, ES172A, ES173, ES183, ES2035, ES2040, 100, 101, 102, 103, 104, 105, 106, 108, 275, 285, PS330TH,<br \/>\n<strong>Partner<\/strong>: 360, 330, 335, 340, 345, 350, 351, 370, 385, P390, 395, P420, 391, P842,<br \/>\n<strong>Zenoah<\/strong>: G2500T, GZ3300, GZ3200T, G3200T, GZ3500T, G3800, G3800AVS, G2500PS, G2000T, GT250, GT310, G300T, G310TS, G320AVS, G250TS, G3100, G3200, G3300,<br \/>\n<strong>Homelite<\/strong>: HCS3335, HCS4041CA, 20AV, 23AV, 27, 3300, 3350, 3550, 3800, 3335, 4500, 4550, PS33, RANGER, CS40, TIMBERMAN, UT10901, UT10926, UT10974,<br \/>\n<strong>Alpina<\/strong>: ELECTRIC, E120, E130, ES182, ES202, E150, KS1400B, KS1500B, A10E, A14E, 352, 382,<br \/>\n<strong>Bosch<\/strong>: AKE35S, AKE40S,<br \/>\n<strong>Echo<\/strong>: CS2600ES, CS260TES, CS2700ES, CS3500ES, CS350WES, CS351WES, CS360WES, CS2511TES, CS2511WES, CS280TES, CS310, CS352ES, CS362WES,<br \/>\n<strong>FloraBest<\/strong>: FHE550A1, FKS2000, FKS2200,<br \/>\n<strong>Ryobi<\/strong>: PCN3335, APR02,<br \/>\n<strong>Shindaiwa<\/strong>: 285S, 300S, 305S, 352S, 360, 251TS, 251WS, 362WS.<\/p>\n","protected":false},"excerpt":{"rendered":"<p>Szeroko\u015b\u0107 rowka: 1,3 mm<br \/>\nIlo\u015b\u0107 ogniw: 52<br \/>\nPodzia\u0142ka: 3\/8&#8243;<br \/>\nRodzaj d\u0142uta: \u015bci\u0119te d\u0142uto<\/p>\n","protected":false},"featured_media":31329,"template":"","meta":[],"product_brand":[104],"product_cat":[136,73,99],"product_tag":[],"class_list":{"0":"post-31328","1":"product","2":"type-product","3":"status-publish","4":"has-post-thumbnail","6":"product_brand-oregon","7":"product_cat-prowadnice-akcesoria","8":"product_cat-akcesoria","9":"product_cat-lancuchy","11":"first","12":"instock","13":"shipping-taxable","14":"purchasable","15":"product-type-simple"},"aioseo_notices":[],"_links":{"self":[{"href":"https:\/\/profika.com.pl\/index.php\/wp-json\/wp\/v2\/product\/31328","targetHints":{"allow":["GET"]}}],"collection":[{"href":"https:\/\/profika.com.pl\/index.php\/wp-json\/wp\/v2\/product"}],"about":[{"href":"https:\/\/profika.com.pl\/index.php\/wp-json\/wp\/v2\/types\/product"}],"version-history":[{"count":4,"href":"https:\/\/profika.com.pl\/index.php\/wp-json\/wp\/v2\/product\/31328\/revisions"}],"predecessor-version":[{"id":31333,"href":"https:\/\/profika.com.pl\/index.php\/wp-json\/wp\/v2\/product\/31328\/revisions\/31333"}],"wp:featuredmedia":[{"embeddable":true,"href":"https:\/\/profika.com.pl\/index.php\/wp-json\/wp\/v2\/media\/31329"}],"wp:attachment":[{"href":"https:\/\/profika.com.pl\/index.php\/wp-json\/wp\/v2\/media?parent=31328"}],"wp:term":[{"taxonomy":"product_brand","embeddable":true,"href":"https:\/\/profika.com.pl\/index.php\/wp-json\/wp\/v2\/product_brand?post=31328"},{"taxonomy":"product_cat","embeddable":true,"href":"https:\/\/profika.com.pl\/index.php\/wp-json\/wp\/v2\/product_cat?post=31328"},{"taxonomy":"product_tag","embeddable":true,"href":"https:\/\/profika.com.pl\/index.php\/wp-json\/wp\/v2\/product_tag?post=31328"}],"curies":[{"name":"wp","href":"https:\/\/api.w.org\/{rel}","templated":true}]}}