{"id":31352,"date":"2026-02-03T09:54:01","date_gmt":"2026-02-03T08:54:01","guid":{"rendered":"https:\/\/profika.com.pl\/?post_type=product&#038;p=31352"},"modified":"2026-02-03T09:54:01","modified_gmt":"2026-02-03T08:54:01","slug":"pilarka-akumulatorowa-mastercut-ru-cs01-mini-21v-15ah","status":"publish","type":"product","link":"https:\/\/profika.com.pl\/index.php\/produkt\/pilarka-akumulatorowa-mastercut-ru-cs01-mini-21v-15ah\/","title":{"rendered":"Pilarka akumulatorowa MASTERCUT RU-CS01 mini 21V 1,5Ah"},"content":{"rendered":"<p>Akumulatorowa pilarka \u0142a\u0144cuchowa MasterCut RU-CS01 to lekkie i por\u0119czne narz\u0119dzie przeznaczone do ci\u0119cia drewna i ga\u0142\u0119zi o \u015brednicy do 150 mm. Wyposa\u017cona w bezszczotkowy silnik 4815 o mocy 850 W, zapewnia wysok\u0105 wydajno\u015b\u0107 pracy przy minimalnym wysi\u0142ku operatora.<br \/>\nUrz\u0105dzenie zasilane jest akumulatorem Li-ion 21 V \/ 1,5 Ah, kt\u00f3ry umo\u017cliwia szybkie i efektywne ci\u0119cie. Pilarka posiada kompaktow\u0105 konstrukcj\u0119 i nisk\u0105 wag\u0119 (2,8 kg), co u\u0142atwia manewrowanie, ci\u0119cie w trudno dost\u0119pnych miejscach oraz prac\u0119 przez d\u0142u\u017cszy czas bez zm\u0119czenia.<br \/>\nW zestawie znajduj\u0105 si\u0119 wszystkie niezb\u0119dne akcesoria: prowadnica, uchwyt boczny, \u0142a\u0144cuch, bateria i \u0142adowarka, co pozwala rozpocz\u0105\u0107 prac\u0119 zaraz po wyj\u0119ciu z opakowania.<\/p>\n","protected":false},"excerpt":{"rendered":"<p><strong>Specyfikacja techniczna<\/strong><\/p>\n<p><strong>Waga:<\/strong> 2,8 kg<br \/>\n<strong>Typ silnika:<\/strong> bezszczotkowy<br \/>\n<strong>Model silnika:<\/strong> 4815<br \/>\n<strong>Maksymalna moc silnika:<\/strong> 850 W<br \/>\n<strong>Pr\u0119dko\u015b\u0107 bez obci\u0105\u017cenia:<\/strong> 2750 obr.\/min<br \/>\n<strong>Typ akumulatora:<\/strong> Li-ion, 5S1P 5C<br \/>\n<strong>Napi\u0119cie akumulatora:<\/strong> 21 V<br \/>\n<strong>Pojemno\u015b\u0107 akumulatora:<\/strong> 1,5 Ah<br \/>\n<strong>Nat\u0119\u017cenie ja\u0142owe: <\/strong>5 A<br \/>\n<strong>Wielko\u015b\u0107 prowadnicy:<\/strong> 8\u201d (20 cm)<br \/>\n<strong>\u015arednica ci\u0119cia:<\/strong> maks. 150 mm<br \/>\n<strong>Czas \u0142adowania:<\/strong> 2\u20133 h<br \/>\n<strong>Czas pracy bez obci\u0105\u017cenia: <\/strong>25 min<\/p>\n","protected":false},"featured_media":31353,"template":"","meta":[],"product_brand":[132],"product_cat":[138,74],"product_tag":[],"class_list":{"0":"post-31352","1":"product","2":"type-product","3":"status-publish","4":"has-post-thumbnail","6":"product_brand-mastercut","7":"product_cat-pilarki-akumulatorowe","8":"product_cat-narzedzia","10":"first","11":"instock","12":"sale","13":"shipping-taxable","14":"purchasable","15":"product-type-simple"},"aioseo_notices":[],"_links":{"self":[{"href":"https:\/\/profika.com.pl\/index.php\/wp-json\/wp\/v2\/product\/31352","targetHints":{"allow":["GET"]}}],"collection":[{"href":"https:\/\/profika.com.pl\/index.php\/wp-json\/wp\/v2\/product"}],"about":[{"href":"https:\/\/profika.com.pl\/index.php\/wp-json\/wp\/v2\/types\/product"}],"version-history":[{"count":1,"href":"https:\/\/profika.com.pl\/index.php\/wp-json\/wp\/v2\/product\/31352\/revisions"}],"predecessor-version":[{"id":31355,"href":"https:\/\/profika.com.pl\/index.php\/wp-json\/wp\/v2\/product\/31352\/revisions\/31355"}],"wp:featuredmedia":[{"embeddable":true,"href":"https:\/\/profika.com.pl\/index.php\/wp-json\/wp\/v2\/media\/31353"}],"wp:attachment":[{"href":"https:\/\/profika.com.pl\/index.php\/wp-json\/wp\/v2\/media?parent=31352"}],"wp:term":[{"taxonomy":"product_brand","embeddable":true,"href":"https:\/\/profika.com.pl\/index.php\/wp-json\/wp\/v2\/product_brand?post=31352"},{"taxonomy":"product_cat","embeddable":true,"href":"https:\/\/profika.com.pl\/index.php\/wp-json\/wp\/v2\/product_cat?post=31352"},{"taxonomy":"product_tag","embeddable":true,"href":"https:\/\/profika.com.pl\/index.php\/wp-json\/wp\/v2\/product_tag?post=31352"}],"curies":[{"name":"wp","href":"https:\/\/api.w.org\/{rel}","templated":true}]}}