{"id":31356,"date":"2026-02-03T10:22:40","date_gmt":"2026-02-03T09:22:40","guid":{"rendered":"https:\/\/profika.com.pl\/?post_type=product&#038;p=31356"},"modified":"2026-02-03T10:23:52","modified_gmt":"2026-02-03T09:23:52","slug":"ego-power-cs1411e-14-35cm-25ah-56v","status":"publish","type":"product","link":"https:\/\/profika.com.pl\/index.php\/produkt\/ego-power-cs1411e-14-35cm-25ah-56v\/","title":{"rendered":"EGO POWER CS1411E 14&#8243; 35CM 2,5AH 56V"},"content":{"rendered":"<p><strong>W zestawie:<\/strong><br \/>\npilarka EGO CS1410E, akumulator 2,5 Ah, \u0142adowarka<\/p>\n<p><strong>Wybierz narz\u0119dzia akumulatorowe &#8211; chro\u0144 \u015brodowisko naturalne<\/strong><br \/>\nEGO anga\u017cuje si\u0119 w produkcj\u0119 innowacyjnych, niezawodnych i przyjaznych dla \u015brodowiska urz\u0105dze\u0144 akumulatorowych. Celem firmy jest tworzenie produkt\u00f3w niewp\u0142ywaj\u0105cych negatywnie na \u015brodowisko.<br \/>\nZ pasj\u0105 dbamy o \u015brodowisko ale jeste\u015bmy na pocz\u0105tku tej fascynuj\u0105cej przygody!<br \/>\nW 2004 roku EGO, na terenie w\u0142asnego parku przesy\u0142owego Green Power, zbudowa\u0142o ogr\u00f3d dachowy o powierzchni 7000 m2. Zamontowana jest tam 2-megawatowa instalacja fotowoltaiczna, znana jako The Blue Roof, kt\u00f3ra wytwarza energi\u0119 pozwalaj\u0105c\u0105 zaoszcz\u0119dzi\u0107 r\u00f3wnowarto\u015b\u0107 755 ton w\u0119gla, zmniejsza tak\u017ce emisj\u0119 dwutlenku siarki o 50 ton oraz dwutlenku w\u0119gla o 1677 ton ROCZNIE (!). Park przemys\u0142owy korzysta r\u00f3wnie\u017c z najnowszych technologii ogrzewania gruntowego, klimatyzacji i magazynowania wody. Sam system ogrzewania za pomoc\u0105 gruntowych pomp ciep\u0142a pozwala zaoszcz\u0119dzi\u0107 1 milion kWh energii elektrycznej rocznie, co odpowiada 378 tonom w\u0119gla. Zmniejsza to emisj\u0119 dwutlenku siarki o oko\u0142o 25 ton i dwutlenku w\u0119gla o 839 ton rocznie.<br \/>\n<strong><br \/>\nZadbaj o sw\u00f3j ogr\u00f3d, zadbaj o swoje zdrowie<\/strong><br \/>\nBadania wskazuj\u0105, \u017ce regularne przebywanie na \u015bwie\u017cym powietrzu ma pozytywny wp\u0142yw na ludzki organizm i pozwala na budowanie w\u0142asnej odporno\u015bci. Cz\u0119ste korzystanie z ogrodu dodatnie wp\u0142ywa na nastr\u00f3j i redukuje stres. Kontakt z przyrod\u0105 wyj\u0105tkowo koj\u0105co oddzia\u0142uje na ludzki organizm. Prace w ogrodzie pozwalaj\u0105 si\u0119 wyciszy\u0107, zapomnie\u0107 o \u015bwiecie zewn\u0119trznym i skupi\u0107 si\u0119 na tym co tu i teraz. Tw\u00f3j ogr\u00f3d to Twoje zdrowie.<\/p>\n<p><strong>EGO to komfort w ogrodzie!<br \/>\nElektronarz\u0119dzia akumulatorowe EGO to:<\/strong><br \/>\nnr 1 w USA w\u015br\u00f3d akumulatorowych narz\u0119dzi ogrodowych<br \/>\nwi\u0119ksza moc i wydajno\u015b\u0107 &#8211; ma wi\u0119ksze napi\u0119cie, bo a\u017c 56V (podczas gdy najcz\u0119\u015bciej spotyka si\u0119 36V)<br \/>\nu\u017cycie jednej baterii do wielu r\u00f3\u017cnych urz\u0105dze\u0144<br \/>\nnowoczesny design<br \/>\nzero spalin! &#8211; sprz\u0119t ogrodniczy przyjazny \u015brodowisku<br \/>\nZbuduj w\u0142asny EKOsystem EGO<br \/>\nJeden akumulator mo\u017cesz wykorzysta\u0107 do ca\u0142ego zestawu narz\u0119dzi o tej samej serii napi\u0119cia.<\/p>\n<p><strong>Wszystkie sprz\u0119ty marki EGO kupisz bezpo\u015brednio u nas.<\/strong><br \/>\n<strong>Super jako\u015b\u0107 i atrakcyjna cena<br \/>\nEGO to marka b\u0119d\u0105ca jednym ze \u015bwiatowych lider\u00f3w w produkcji elektronarz\u0119dzi i urz\u0105dze\u0144 akumulatorowych. Firma powsta\u0142a w 1993 roku, zatrudnia ponad 7000 wykwalifikowanych pracownik\u00f3w oraz produkuje ponad 10 milion\u00f3w urz\u0105dze\u0144 rocznie. Produkty marki EGO sprzedawane s\u0105 globalnie i dost\u0119pne s\u0105 w ponad 100 krajach na ca\u0142ym \u015bwiecie. Urz\u0105dzenia gwarantuj\u0105 wysok\u0105 jako\u015b\u0107 oraz dba\u0142o\u015b\u0107 o \u015brodowisko naturalne.<\/strong><\/p>\n","protected":false},"excerpt":{"rendered":"<p><strong>Dane techniczne:<\/strong><br \/>\n<strong>d\u0142ugo\u015b\u0107 prowadnicy:<\/strong> 35cm<br \/>\n<strong>pr\u0119dko\u015b\u0107 \u0142a\u0144cucha:<\/strong> 20 m\/s<br \/>\n<strong>prowadnica:<\/strong> AG1400<br \/>\n<strong>\u0142a\u0144cuch:<\/strong> AC1400 (3\/8\u2033 x 1.1 mm)<br \/>\n<strong>zbiornik oleju:<\/strong> 150ml<br \/>\n<strong>smarowanie \u0142a\u0144cucha:<\/strong> automatyczne<br \/>\n<strong>hamulec bezpiecze\u0144stwa:<\/strong> tak<br \/>\n<strong>napi\u0119cie \u0142a\u0144cucha:<\/strong> p\u00f3\u0142automatyczne<br \/>\n<strong>waga bez akumulatora:<\/strong> 4.1 kg<br \/>\n<strong>typ silnika:<\/strong> bezszczotkowy<\/p>\n","protected":false},"featured_media":31357,"template":"","meta":[],"product_brand":[103],"product_cat":[138,74],"product_tag":[],"class_list":{"0":"post-31356","1":"product","2":"type-product","3":"status-publish","4":"has-post-thumbnail","6":"product_brand-ego","7":"product_cat-pilarki-akumulatorowe","8":"product_cat-narzedzia","10":"first","11":"instock","12":"sale","13":"shipping-taxable","14":"purchasable","15":"product-type-simple"},"aioseo_notices":[],"_links":{"self":[{"href":"https:\/\/profika.com.pl\/index.php\/wp-json\/wp\/v2\/product\/31356","targetHints":{"allow":["GET"]}}],"collection":[{"href":"https:\/\/profika.com.pl\/index.php\/wp-json\/wp\/v2\/product"}],"about":[{"href":"https:\/\/profika.com.pl\/index.php\/wp-json\/wp\/v2\/types\/product"}],"version-history":[{"count":3,"href":"https:\/\/profika.com.pl\/index.php\/wp-json\/wp\/v2\/product\/31356\/revisions"}],"predecessor-version":[{"id":31361,"href":"https:\/\/profika.com.pl\/index.php\/wp-json\/wp\/v2\/product\/31356\/revisions\/31361"}],"wp:featuredmedia":[{"embeddable":true,"href":"https:\/\/profika.com.pl\/index.php\/wp-json\/wp\/v2\/media\/31357"}],"wp:attachment":[{"href":"https:\/\/profika.com.pl\/index.php\/wp-json\/wp\/v2\/media?parent=31356"}],"wp:term":[{"taxonomy":"product_brand","embeddable":true,"href":"https:\/\/profika.com.pl\/index.php\/wp-json\/wp\/v2\/product_brand?post=31356"},{"taxonomy":"product_cat","embeddable":true,"href":"https:\/\/profika.com.pl\/index.php\/wp-json\/wp\/v2\/product_cat?post=31356"},{"taxonomy":"product_tag","embeddable":true,"href":"https:\/\/profika.com.pl\/index.php\/wp-json\/wp\/v2\/product_tag?post=31356"}],"curies":[{"name":"wp","href":"https:\/\/api.w.org\/{rel}","templated":true}]}}