{"id":31367,"date":"2026-02-03T11:27:50","date_gmt":"2026-02-03T10:27:50","guid":{"rendered":"https:\/\/profika.com.pl\/?post_type=product&#038;p=31367"},"modified":"2026-02-03T11:27:50","modified_gmt":"2026-02-03T10:27:50","slug":"kosiarka-spalinowa-stihl-rm-443-3-t","status":"publish","type":"product","link":"https:\/\/profika.com.pl\/index.php\/produkt\/kosiarka-spalinowa-stihl-rm-443-3-t\/","title":{"rendered":"Kosiarka spalinowa STIHL RM 443.3 T"},"content":{"rendered":"<p>Kosiarka spalinowa RM 443 T: zwrotno\u015b\u0107 na nieregularnych trawnikach i wygodny nap\u0119d k\u00f3\u0142<br \/>\nDzi\u0119ki zwrotnej, kompaktowej kosiarce STIHL RM 443 T ogrodnicy-hobby\u015bci mog\u0105 z \u0142atwo\u015bci\u0105 piel\u0119gnowa\u0107 ogrody \u015bredniej wielko\u015bci i o nieregularnych kszta\u0142tach . Szeroko\u015b\u0107 koszenia 41 cm, lekkobie\u017cne ko\u0142a i lekka polimerowa obudowa zapewniaj\u0105 wysok\u0105 zwrotno\u015b\u0107. Kosz\u0105c trawniki wi\u0119ksze lub na zboczach docenisz 1-biegowy nap\u0119d k\u00f3\u0142. Mo\u017cesz uruchomi\u0107 silnik przy minimalnym wysi\u0142ku dzi\u0119ki funkcji \u0142atwego uruchamiania. Standardowe wyposa\u017cenie w n\u00f3\u017c wielofunkcyjny, zintegrowan\u0105 funkcj\u0119 mulczowania i wyrzut boczny kosiarka nadaje si\u0119 do koszenia, jak i mulczowania. Mo\u017cesz kosi\u0107 standardowo lub rozprowadzi\u0107 pokos po trawniku przez wyrzut boczny. <\/p>\n<p>Wygodna kierownica z regulacj\u0105 wysoko\u015bci zapewnia wygodne i ergonomiczne koszenie. Centralnie umieszczona, siedmiostopniowa regulacja wysoko\u015bci koszenia jest \u0142atwa w obs\u0142udze i umo\u017cliwia koszenie na wysoko\u015bci od 20 mm do 100 mm. Pojemnik na traw\u0119 o pojemno\u015bci 52 l sk\u0142ada si\u0119 w celu szybkiego i \u0142atwego opr\u00f3\u017cniania i jest wyposa\u017cony we wska\u017anik poziomu nape\u0142nienia, kt\u00f3ry pokazuje, kiedy nale\u017cy opr\u00f3\u017cni\u0107 kosz.<\/p>\n","protected":false},"excerpt":{"rendered":"<p><strong>Nr katalogowy:<\/strong> WB400113415<br \/>\n<strong>Szeroko\u015b\u0107 ci\u0119cia<\/strong>: 41 cm<br \/>\n<strong>Wysoko\u015b\u0107 ci\u0119cia:<\/strong> 20 &#8211; 100 mm<br \/>\n<strong>Regulacja wysoko\u015bci ci\u0119cia<\/strong>:\t7-stopniowa (centralna)<br \/>\n<strong>Pojemno\u015b\u0107 kosza na traw\u0119<\/strong>:\t52 l<br \/>\n<strong>Nap\u0119d:<\/strong>\t3,5 km\/h<br \/>\n<strong>Typ silnika<\/strong>:\tEVC 200.5 C<br \/>\n<strong>Pojemno\u015b\u0107 skokowa<\/strong>:\t139 cm\u00b3<br \/>\n<strong>Moc znamionowa<\/strong>:\t2.1 kW \/ 2.8 KM<br \/>\n<strong>Gwarantowany poziom mocy akustycznej LWA<\/strong>:\t93 dB(A)<br \/>\n<strong>Poziom ci\u015bnienia akustycznego mierzony wed\u0142ug LpA<\/strong>:\t79 dB(A)<br \/>\n<strong>Wsp\u00f3\u0142czynnik niepewno\u015bci poziomu ci\u015bnienia akustycznego KpA<\/strong>:\t2 dB(A)<br \/>\n<strong>Wibracje ramienia prowadz\u0105cego ahw<\/strong>:\t4,4 m\/s\u00b2<br \/>\n<strong>Niepewno\u015b\u0107 wibracji K<\/strong>:\t2,2 m\/s\u00b2<br \/>\n<strong>CO2<\/strong>:\t922 g\/kWh<\/p>\n","protected":false},"featured_media":31368,"template":"","meta":[],"product_brand":[70],"product_cat":[139,74],"product_tag":[],"class_list":{"0":"post-31367","1":"product","2":"type-product","3":"status-publish","4":"has-post-thumbnail","6":"product_brand-stihl","7":"product_cat-kosiarki-spalinowe","8":"product_cat-narzedzia","10":"first","11":"instock","12":"sale","13":"shipping-taxable","14":"purchasable","15":"product-type-simple"},"aioseo_notices":[],"_links":{"self":[{"href":"https:\/\/profika.com.pl\/index.php\/wp-json\/wp\/v2\/product\/31367","targetHints":{"allow":["GET"]}}],"collection":[{"href":"https:\/\/profika.com.pl\/index.php\/wp-json\/wp\/v2\/product"}],"about":[{"href":"https:\/\/profika.com.pl\/index.php\/wp-json\/wp\/v2\/types\/product"}],"version-history":[{"count":3,"href":"https:\/\/profika.com.pl\/index.php\/wp-json\/wp\/v2\/product\/31367\/revisions"}],"predecessor-version":[{"id":31372,"href":"https:\/\/profika.com.pl\/index.php\/wp-json\/wp\/v2\/product\/31367\/revisions\/31372"}],"wp:featuredmedia":[{"embeddable":true,"href":"https:\/\/profika.com.pl\/index.php\/wp-json\/wp\/v2\/media\/31368"}],"wp:attachment":[{"href":"https:\/\/profika.com.pl\/index.php\/wp-json\/wp\/v2\/media?parent=31367"}],"wp:term":[{"taxonomy":"product_brand","embeddable":true,"href":"https:\/\/profika.com.pl\/index.php\/wp-json\/wp\/v2\/product_brand?post=31367"},{"taxonomy":"product_cat","embeddable":true,"href":"https:\/\/profika.com.pl\/index.php\/wp-json\/wp\/v2\/product_cat?post=31367"},{"taxonomy":"product_tag","embeddable":true,"href":"https:\/\/profika.com.pl\/index.php\/wp-json\/wp\/v2\/product_tag?post=31367"}],"curies":[{"name":"wp","href":"https:\/\/api.w.org\/{rel}","templated":true}]}}