{"id":31386,"date":"2026-02-03T13:44:36","date_gmt":"2026-02-03T12:44:36","guid":{"rendered":"https:\/\/profika.com.pl\/?post_type=product&#038;p=31386"},"modified":"2026-02-03T13:44:36","modified_gmt":"2026-02-03T12:44:36","slug":"kosiarka-spalinowa-stihl-rm-253-3-t","status":"publish","type":"product","link":"https:\/\/profika.com.pl\/index.php\/produkt\/kosiarka-spalinowa-stihl-rm-253-3-t\/","title":{"rendered":"Kosiarka spalinowa STIHL RM 253 .3 T"},"content":{"rendered":"<p>Kosiarka spalinowa STIHL RM 253 T to kluczowy sprz\u0119t do profesjonalnej piel\u0119gnacji trawnik\u00f3w o obszarze nawet do 1 800 m2. Je\u015bli tw\u00f3j teren ma nier\u00f3wno\u015bci lub du\u017ce powierzchnie, na pewno docenisz wbudowany nap\u0119d. Opr\u00f3cz k\u00f3\u0142 o niskim wsp\u00f3\u0142czynniku tarcia, RM 253 T wyposa\u017cona jest w jednobiegowy nap\u0119d k\u00f3\u0142, kt\u00f3ry zapewnia dodatkowy komfort podczas pracy.<\/p>\n<p>Komfort zaczyna si\u0119 ju\u017c przy uruchamianiu &#8211; funkcja \u0142atwego startu sprawia, \u017ce uruchomienie silnika jest prostsze ni\u017c kiedykolwiek. Dzi\u0119ki szerokiemu zasi\u0119gowi koszenia wynosz\u0105cemu 51 cm, nawet obszary o powierzchni do 1 800 m2 mo\u017cna szybko i sprawnie koszy\u0107.<\/p>\n<p>Standardowe wyposa\u017cenie w n\u00f3\u017c wielofunkcyjny, przystawk\u0119 do mulczowania oraz wyrzut boczny czyni t\u0119 kosiark\u0119 wszechstronn\u0105. Mo\u017cesz koszy\u0107 standardowo lub rozprowadzi\u0107 pokos po trawniku przez wyrzut boczny. Pojemny 55-litrowy kosz do zbierania trawy z wska\u017anikiem poziomu nape\u0142nienia sprawia, \u017ce nie musisz si\u0119 martwi\u0107 o opr\u00f3\u017cnianie go zbyt cz\u0119sto.<\/p>\n","protected":false},"excerpt":{"rendered":"<p><strong>DANE TECHNICZNE<\/strong><br \/>\n<strong>Szeroko\u015b\u0107 ci\u0119cia:<\/strong> 51 cm<br \/>\n<strong>Wysoko\u015b\u0107 ci\u0119cia:<\/strong> 20 &#8211; 100 mm<br \/>\n<strong>Regulacja wysoko\u015bci ci\u0119cia:<\/strong> 7-stopniowa (centralna)<br \/>\n<strong>Pojemno\u015b\u0107 kosza na traw\u0119:<\/strong> 55 l<br \/>\n<strong>Nap\u0119d:<\/strong> 3,5 km\/h<br \/>\n<strong>Typ silnika:<\/strong> EVC 205.0<br \/>\n<strong>Pojemno\u015b\u0107 skokowa: <\/strong>127 cm\u00b3<br \/>\n<strong>Moc znamionowa:<\/strong> 1,8 kW \/ 2,5 KM<br \/>\n<strong>Ci\u0119\u017car: <\/strong>32 kg<br \/>\n<strong>Gwarantowany poziom mocy akustycznej:<\/strong> LWA 97 dB(A)<br \/>\n<strong>Poziom ci\u015bnienia akustycznego mierzony wed\u0142ug LpA:<\/strong> 83 dB(A)<br \/>\n<strong>Wsp\u00f3\u0142czynnik niepewno\u015bci poziomu ci\u015bnienia akustycznego KpA: <\/strong>2 dB(A)<br \/>\n<strong>Wibracje ramienia prowadz\u0105cego ahw:<\/strong> 4,4 m\/s\u00b2<br \/>\n<strong>Niepewno\u015b\u0107 wibracji K:<\/strong> 2,2 m\/s\u00b2<\/p>\n","protected":false},"featured_media":31387,"template":"","meta":[],"product_brand":[70],"product_cat":[139,74],"product_tag":[],"class_list":{"0":"post-31386","1":"product","2":"type-product","3":"status-publish","4":"has-post-thumbnail","6":"product_brand-stihl","7":"product_cat-kosiarki-spalinowe","8":"product_cat-narzedzia","10":"first","11":"instock","12":"shipping-taxable","13":"purchasable","14":"product-type-simple"},"aioseo_notices":[],"_links":{"self":[{"href":"https:\/\/profika.com.pl\/index.php\/wp-json\/wp\/v2\/product\/31386","targetHints":{"allow":["GET"]}}],"collection":[{"href":"https:\/\/profika.com.pl\/index.php\/wp-json\/wp\/v2\/product"}],"about":[{"href":"https:\/\/profika.com.pl\/index.php\/wp-json\/wp\/v2\/types\/product"}],"version-history":[{"count":1,"href":"https:\/\/profika.com.pl\/index.php\/wp-json\/wp\/v2\/product\/31386\/revisions"}],"predecessor-version":[{"id":31389,"href":"https:\/\/profika.com.pl\/index.php\/wp-json\/wp\/v2\/product\/31386\/revisions\/31389"}],"wp:featuredmedia":[{"embeddable":true,"href":"https:\/\/profika.com.pl\/index.php\/wp-json\/wp\/v2\/media\/31387"}],"wp:attachment":[{"href":"https:\/\/profika.com.pl\/index.php\/wp-json\/wp\/v2\/media?parent=31386"}],"wp:term":[{"taxonomy":"product_brand","embeddable":true,"href":"https:\/\/profika.com.pl\/index.php\/wp-json\/wp\/v2\/product_brand?post=31386"},{"taxonomy":"product_cat","embeddable":true,"href":"https:\/\/profika.com.pl\/index.php\/wp-json\/wp\/v2\/product_cat?post=31386"},{"taxonomy":"product_tag","embeddable":true,"href":"https:\/\/profika.com.pl\/index.php\/wp-json\/wp\/v2\/product_tag?post=31386"}],"curies":[{"name":"wp","href":"https:\/\/api.w.org\/{rel}","templated":true}]}}