{"id":31394,"date":"2026-02-03T14:10:27","date_gmt":"2026-02-03T13:10:27","guid":{"rendered":"https:\/\/profika.com.pl\/?post_type=product&#038;p=31394"},"modified":"2026-02-03T14:10:27","modified_gmt":"2026-02-03T13:10:27","slug":"kosiarka-spalinowa-stihl-rm448-3v","status":"publish","type":"product","link":"https:\/\/profika.com.pl\/index.php\/produkt\/kosiarka-spalinowa-stihl-rm448-3v\/","title":{"rendered":"Kosiarka spalinowa STIHL RM448.3V"},"content":{"rendered":"<p>Dzi\u0119ki kosiarce STIHL RM 448 V wymagaj\u0105cy u\u017cytkownik prywatny mo\u017ce bardzo komfortowo piel\u0119gnowa\u0107 ogrody \u015bredniej wielko\u015bci . Je\u015bli chcesz dostosowa\u0107 pr\u0119dko\u015b\u0107 koszenia swojej kosiarki do w\u0142asnych preferencji  lub do warunk\u00f3w trawnika, to ta kosiarka z p\u0142ynn\u0105 regulacj\u0105 nap\u0119du na ko\u0142a Vario jest w\u0142a\u015bciwym wyborem. Mo\u017cesz uruchomi\u0107 silnik przy minimalnym wysi\u0142ku dzi\u0119ki funkcji \u0142atwego uruchamiania. Standardowe wyposa\u017cenie w n\u00f3\u017c wielofunkcyjny, zintegrowan\u0105 funkcj\u0119 mulczowania i wyrzut boczny kosiarka nadaje si\u0119 do koszenia, jak i mulczowania. Mo\u017cesz kosi\u0107 standardowo lub rozprowadzi\u0107 pokos po trawniku przez wyrzut boczny. <\/p>\n<p>Szeroko\u015b\u0107 koszenia 46 cm, lekkobie\u017cne ko\u0142a i lekka polimerowa obudowa zapewniaj\u0105 kosiarce STIHL RM 448 V wysok\u0105 zwrotno\u015b\u0107. Wygodna kierownica z regulacj\u0105 wysoko\u015bci zapewnia wygodne i ergonomiczne koszenie. Centralnie umieszczona, siedmiostopniowa regulacja wysoko\u015bci koszenia jest \u0142atwa w obs\u0142udze i umo\u017cliwia koszenie na wysoko\u015bci od 20 mm do 100 mm. Pojemnik na traw\u0119 o pojemno\u015bci 52 l sk\u0142ada si\u0119 w celu szybkiego i \u0142atwego opr\u00f3\u017cniania i jest wyposa\u017cony we wska\u017anik poziomu nape\u0142nienia, kt\u00f3ry pokazuje, kiedy nale\u017cy opr\u00f3\u017cni\u0107 kosz.<\/p>\n","protected":false},"excerpt":{"rendered":"<p><strong>DANE TECHNICZNE:<\/strong><\/p>\n<p><strong>Szeroko\u015b\u0107 ci\u0119cia:<strong><\/strong> 46 cm<br \/>\n<strong>Wysoko\u015b\u0107 ci\u0119cia:<\/strong> 20 &#8211; 100 mm<br \/>\n<strong>Regulacja wysoko\u015bci ci\u0119cia:<\/strong> 7-stopniowa (centralna)<br \/>\n<strong>Pojemno\u015b\u0107 kosza na traw\u0119:<\/strong> 52 l<br \/>\n<strong>Nap\u0119d:<\/strong> 2,4 &#8211; 4,2 km\/h<br \/>\n<strong>Typ silnika:<\/strong> EVC 300.1<br \/>\n<strong>Pojemno\u015b\u0107 skokowa:<\/strong> 166 cm\u00b3<br \/>\n<strong>Moc znamionowa:<\/strong> 2.6 kW \/ 3.5 KM<br \/>\n<strong>Ci\u0119\u017car:<\/strong> 32 kg<\/p>\n","protected":false},"featured_media":31395,"template":"","meta":[],"product_brand":[70],"product_cat":[139,74],"product_tag":[],"class_list":{"0":"post-31394","1":"product","2":"type-product","3":"status-publish","4":"has-post-thumbnail","6":"product_brand-stihl","7":"product_cat-kosiarki-spalinowe","8":"product_cat-narzedzia","10":"first","11":"instock","12":"sale","13":"shipping-taxable","14":"purchasable","15":"product-type-simple"},"aioseo_notices":[],"_links":{"self":[{"href":"https:\/\/profika.com.pl\/index.php\/wp-json\/wp\/v2\/product\/31394","targetHints":{"allow":["GET"]}}],"collection":[{"href":"https:\/\/profika.com.pl\/index.php\/wp-json\/wp\/v2\/product"}],"about":[{"href":"https:\/\/profika.com.pl\/index.php\/wp-json\/wp\/v2\/types\/product"}],"version-history":[{"count":2,"href":"https:\/\/profika.com.pl\/index.php\/wp-json\/wp\/v2\/product\/31394\/revisions"}],"predecessor-version":[{"id":31398,"href":"https:\/\/profika.com.pl\/index.php\/wp-json\/wp\/v2\/product\/31394\/revisions\/31398"}],"wp:featuredmedia":[{"embeddable":true,"href":"https:\/\/profika.com.pl\/index.php\/wp-json\/wp\/v2\/media\/31395"}],"wp:attachment":[{"href":"https:\/\/profika.com.pl\/index.php\/wp-json\/wp\/v2\/media?parent=31394"}],"wp:term":[{"taxonomy":"product_brand","embeddable":true,"href":"https:\/\/profika.com.pl\/index.php\/wp-json\/wp\/v2\/product_brand?post=31394"},{"taxonomy":"product_cat","embeddable":true,"href":"https:\/\/profika.com.pl\/index.php\/wp-json\/wp\/v2\/product_cat?post=31394"},{"taxonomy":"product_tag","embeddable":true,"href":"https:\/\/profika.com.pl\/index.php\/wp-json\/wp\/v2\/product_tag?post=31394"}],"curies":[{"name":"wp","href":"https:\/\/api.w.org\/{rel}","templated":true}]}}