{"id":31403,"date":"2026-02-06T09:54:09","date_gmt":"2026-02-06T08:54:09","guid":{"rendered":"https:\/\/profika.com.pl\/?post_type=product&#038;p=31403"},"modified":"2026-02-06T09:55:48","modified_gmt":"2026-02-06T08:55:48","slug":"glebogryzarka-stihl-mh-585-32-km","status":"publish","type":"product","link":"https:\/\/profika.com.pl\/index.php\/produkt\/glebogryzarka-stihl-mh-585-32-km\/","title":{"rendered":"Glebogryzarka STIHL MH 585 3,2 KM"},"content":{"rendered":"<p>Wszechstronna i mocna glebogryzarka MH 585 marki Stihl o szeroko\u015bci roboczej a\u017c 85 cm. Wyposa\u017cona w bieg wsteczny, kt\u00f3ry znacz\u0105co u\u0142atwia manewrowanie.<br \/>\nGlebogryzarka STIHL MH 585 jest wszechstronnym narz\u0119dziem do pracy na \u015brednich i du\u017cych powierzchniach. Wyposa\u017cona w g\u00f3rnozaworowy silnik o mocy wystarczaj\u0105cej do pracy nawet na trudniejszych pod\u0142o\u017cach. Nisko po\u0142o\u017cony \u015brodek ci\u0119\u017cko\u015bci zapewnia oszcz\u0119dno\u015b\u0107 energii. Regulacja uchwytu zar\u00f3wno w pionie jak i w poziomie w po\u0142\u0105czeniu z systemem antywibracyjnym zapewniaj\u0105 komfort i ergonomi\u0119 podczas korzystania z urz\u0105dzenia.<br \/>\nDo czyszczenia lub monta\u017cu no\u017cy tn\u0105cych, STIHL MH 585 mo\u017cna przechyla\u0107 na ko\u0142a transportowe, dzi\u0119ki czemu s\u0105 bardzo \u0142atwo dost\u0119pne. Szeroka gama wyposa\u017cenia dodatkowego zwi\u0119kszaj\u0105cego mo\u017cliwo\u015bci i poprawiaj\u0105cego prac\u0119 urz\u0105dzenia.<br \/>\nGlebogryzarka fabrycznie nowa, wymaga monta\u017cu we w\u0142asnym zakresie. Olej do silnika oraz przek\u0142adni nale\u017cy dokupi\u0107 osobno.<\/p>\n","protected":false},"excerpt":{"rendered":"<p>Nr katalogowy: <strong>6241 011 3922<\/strong><\/p>\n<p><strong><strong>DANE TECHNICZNE:<\/strong><br \/>\n<strong>Maks. szeroko\u015b\u0107 robocza:<\/strong> 85 cm<br \/>\n<strong>Poziom mocy akustycznej gwarantowany:<\/strong> 93db<br \/>\n<strong>Pojemno\u015b\u0107 zbiornika paliwa:<\/strong> 1,4L<br \/>\n<strong>\u015ared. zesp. rob. \u00d8 cm:<\/strong> 32<br \/>\n<strong>Nap\u0119d:<\/strong><strong> 1V + 1R<br \/>\n<strong>Szer. rob. cm:<\/strong> 85<br \/>\n<strong>Moc znamionowa:<\/strong> 2,3 kW \/ 3,2 KM<br \/>\n<strong>Ci\u0119\u017car kg:<\/strong> 44<br \/>\n<strong>Pojemno\u015b\u0107 skokowa cm\u00b3:<\/strong> 149<br \/>\n<strong>Typ silnika:<\/strong> Kohler Courage HD 675 OHV SC<\/strong><\/p>\n","protected":false},"featured_media":31404,"template":"","meta":[],"product_brand":[70],"product_cat":[74,82],"product_tag":[],"class_list":{"0":"post-31403","1":"product","2":"type-product","3":"status-publish","4":"has-post-thumbnail","6":"product_brand-stihl","7":"product_cat-narzedzia","8":"product_cat-glebogryzarki","10":"first","11":"instock","12":"shipping-taxable","13":"purchasable","14":"product-type-simple"},"aioseo_notices":[],"_links":{"self":[{"href":"https:\/\/profika.com.pl\/index.php\/wp-json\/wp\/v2\/product\/31403","targetHints":{"allow":["GET"]}}],"collection":[{"href":"https:\/\/profika.com.pl\/index.php\/wp-json\/wp\/v2\/product"}],"about":[{"href":"https:\/\/profika.com.pl\/index.php\/wp-json\/wp\/v2\/types\/product"}],"version-history":[{"count":3,"href":"https:\/\/profika.com.pl\/index.php\/wp-json\/wp\/v2\/product\/31403\/revisions"}],"predecessor-version":[{"id":31409,"href":"https:\/\/profika.com.pl\/index.php\/wp-json\/wp\/v2\/product\/31403\/revisions\/31409"}],"wp:featuredmedia":[{"embeddable":true,"href":"https:\/\/profika.com.pl\/index.php\/wp-json\/wp\/v2\/media\/31404"}],"wp:attachment":[{"href":"https:\/\/profika.com.pl\/index.php\/wp-json\/wp\/v2\/media?parent=31403"}],"wp:term":[{"taxonomy":"product_brand","embeddable":true,"href":"https:\/\/profika.com.pl\/index.php\/wp-json\/wp\/v2\/product_brand?post=31403"},{"taxonomy":"product_cat","embeddable":true,"href":"https:\/\/profika.com.pl\/index.php\/wp-json\/wp\/v2\/product_cat?post=31403"},{"taxonomy":"product_tag","embeddable":true,"href":"https:\/\/profika.com.pl\/index.php\/wp-json\/wp\/v2\/product_tag?post=31403"}],"curies":[{"name":"wp","href":"https:\/\/api.w.org\/{rel}","templated":true}]}}