{"id":31410,"date":"2026-02-06T10:35:01","date_gmt":"2026-02-06T09:35:01","guid":{"rendered":"https:\/\/profika.com.pl\/?post_type=product&#038;p=31410"},"modified":"2026-02-06T10:35:01","modified_gmt":"2026-02-06T09:35:01","slug":"glebogryzarka-spalinowa-bk-55-2l-loncin-196-powercut","status":"publish","type":"product","link":"https:\/\/profika.com.pl\/index.php\/produkt\/glebogryzarka-spalinowa-bk-55-2l-loncin-196-powercut\/","title":{"rendered":"Glebogryzarka spalinowa BK-55-2L LONCIN 196 POWERCUT"},"content":{"rendered":"<p>Mocna glebogryzarka spalinowa Powercut BK-55-2L z pasowo-z\u0119batym przeniesieniem nap\u0119du. Przeniesienie nap\u0119du na no\u017ce odbywa si\u0119 za pomoc\u0105 \u0142a\u0144cucha zamkni\u0119tego w metalowej obudowie. Os\u0142ona \u0142a\u0144cucha sk\u0142ada si\u0119 z dw\u00f3ch po\u0142\u00f3wek, z\u0142\u0105czonych za pomoc\u0105 \u015brub, daje to \u0142atwy dost\u0119p do z\u0119batek osi oraz \u0142a\u0144cucha nap\u0119dowego w przyapdku konserwacji urz\u0105dzenia. Osie no\u017cy o zwi\u0119kszonej \u015brednicy (30mm!) a tak\u017ce wytrzyma\u0142o\u015bci, bez trudu wytrzymuj\u0105 prac\u0119 zar\u00f3wno z no\u017cami jak te\u017c prac\u0119 z ko\u0142a metalowymi oraz gumowymi.<\/p>\n<p>Regulowana szeroko\u015b\u0107 pracy w trzech zakresach. Posze\u017cenie lub zw\u0119\u017cenie szeroko\u015bci agregatu spulchniaj\u0105cego odbywa si\u0119 w \u0142atwy i prosty spos\u00f3b bez konieczno\u015bciu u\u017cywania narz\u0119dzi. Przy maksymalnej ilo\u015bci zestawu no\u017cy szerko\u015b\u0107 pracy to 84cm. Masywne pojedyncze no\u017ce agregatu skutecznie spulchniaj\u0105 uprawian\u0105 ziemi\u0119 na maksymaln\u0105 g\u0142\u0119boko\u015b\u0107 33cm. A odpowiednio dobrane obroty zapewniaj\u0105 skuteczno\u015b\u0107 i wydajn\u0105 efektywno\u015b\u0107 pracy (132 obr\/min). Maszyna w podstawowym wyposa\u017ceniu zainstalowany ma tylny dr\u0105\u017cek, kt\u00f3ry stabilizuje prac\u0119 glebogryzarki w ziemi, a tak\u017ce u\u0142atwia ustalenie g\u0142\u0119boko\u015b\u0107 pracy.<\/p>\n<p>Regulowane r\u0105czki glebogryzarki BK-55-2L pozwol\u0105 dopasowa\u0107 ich wysoko\u015b\u0107 do operatora i warunk\u00f3w pracy. Regulacja odbywa si\u0119 bez u\u017cycia narz\u0119dzi w dw\u00f3ch p\u0142aszczyznach, g\u00f3ra-d\u00f3\u0142 oraz lewo-prawo. Dzi\u0119ki mo\u017cliwo\u015bc ustawienia r\u0105czek na boki operator glebogryzarki spalinowej nie zadeptuje spulchnionej gleby.<\/p>\n<p>Za\u0142\u0105czanie no\u017cy odbywa si\u0119 przez naci\u015bni\u0119cie d\u017awigni znajduj\u0105cej si\u0119 w ergonomicznym po\u0142o\u017ceniu pod palcami operatora. Jedna d\u017awignia s\u0142u\u017cy do pracy do przodu, a druga do wycofania z niewygodnego terenu. D\u017awignie za\u0142\u0105czania bieg\u00f3w wyposa\u017cone s\u0105 dodatkowo w zabezpiecznie przed przypadkowym uruchomieniem no\u017cy. Ponadto manetki wykonane s\u0105 z wytrzyma\u0142ego tworzywa. Na r\u0105czkach umiejscowiona jest d\u017awignia regulacji obrot\u00f3w silnika, kt\u00f3r\u0105 kontorlujemy obroty silnika w efekcie r\u00f3wnie\u017c i no\u017cy.<\/p>\n<p>Jednostka nap\u0119dowa to wytrzyma\u0142y silnik czterosuwowy wyposa\u017cony w skuteczny mokry filtr powietrza spe\u0142niaj\u0105cy najnowsze normy emisji spalin i ha\u0142asu. Przednie ko\u0142a transprotowe w prosty spos\u00f3b mo\u017cna odchyli\u0107 do g\u00f3ry w czasie pracy w ziemi.<br \/>\nUrz\u0105dzenie mo\u017cna doposa\u017cy\u0107 w dodatkowy osprz\u0119t taki jak p\u0142ug do orki, obsypnik do ziemi, kultywator (plewnik), wyorywacz do warzyw, ko\u0142a metalowe. Stalowe ko\u0142a s\u0105 konieczne, aby mo\u017cna by\u0142o pracowa\u0107 wymienionym osprz\u0119tem. Przy ch\u0119ci rozbudowy glebogryzarki BK-55-2L o wy\u017cej wymieniony osprz\u0119t nalezy pami\u0119ta\u0107 o konsoli\/adapterze, kt\u00f3ry nie znajduje si\u0119 w wyposa\u017ceniu podstawowym.<\/p>\n","protected":false},"excerpt":{"rendered":"<p>DANE TECHNICZNE:<\/p>\n<p><strong><strong>Silnik: Loncin OHV<br \/>\n<strong>Pojemno\u015b\u0107 silnika: 196cm3<br \/>\n<strong>Szeroko\u015b\u0107 pracy regulowana: 30\/55\/84cm<\/strong><br \/>\nMaksymalna g\u0142\u0119boko\u015b\u0107 pracy: 35cm<\/strong><br \/>\n<strong>Nap\u0119d na no\u017ce: 1 bieg do przodu i 1 bieg wsteczny<\/strong><br \/>\n<strong>Przeniesienie nap\u0119du na no\u017ce za pomoc\u0105 \u0142a\u0144cucha<\/strong><br \/>\n<strong>Regulacja obrot\u00f3w silnika za pomoc\u0105 manetki przy r\u0105czkach<\/strong><br \/>\n<strong>Uchwyt regulowany w pionie i poziomie<\/strong><br \/>\n<strong>Ko\u0142o dojazdowe przednie<\/strong><br \/>\n<strong>Adapter osprz\u0119tu jako wyposa\u017cenie dodatkowe<\/strong><br \/>\nWaga: 54kg<\/strong><\/strong><\/p>\n","protected":false},"featured_media":31411,"template":"","meta":[],"product_brand":[140],"product_cat":[82],"product_tag":[],"class_list":{"0":"post-31410","1":"product","2":"type-product","3":"status-publish","4":"has-post-thumbnail","6":"product_brand-powercut","7":"product_cat-glebogryzarki","9":"first","10":"instock","11":"sale","12":"shipping-taxable","13":"purchasable","14":"product-type-simple"},"aioseo_notices":[],"_links":{"self":[{"href":"https:\/\/profika.com.pl\/index.php\/wp-json\/wp\/v2\/product\/31410","targetHints":{"allow":["GET"]}}],"collection":[{"href":"https:\/\/profika.com.pl\/index.php\/wp-json\/wp\/v2\/product"}],"about":[{"href":"https:\/\/profika.com.pl\/index.php\/wp-json\/wp\/v2\/types\/product"}],"version-history":[{"count":2,"href":"https:\/\/profika.com.pl\/index.php\/wp-json\/wp\/v2\/product\/31410\/revisions"}],"predecessor-version":[{"id":31416,"href":"https:\/\/profika.com.pl\/index.php\/wp-json\/wp\/v2\/product\/31410\/revisions\/31416"}],"wp:featuredmedia":[{"embeddable":true,"href":"https:\/\/profika.com.pl\/index.php\/wp-json\/wp\/v2\/media\/31411"}],"wp:attachment":[{"href":"https:\/\/profika.com.pl\/index.php\/wp-json\/wp\/v2\/media?parent=31410"}],"wp:term":[{"taxonomy":"product_brand","embeddable":true,"href":"https:\/\/profika.com.pl\/index.php\/wp-json\/wp\/v2\/product_brand?post=31410"},{"taxonomy":"product_cat","embeddable":true,"href":"https:\/\/profika.com.pl\/index.php\/wp-json\/wp\/v2\/product_cat?post=31410"},{"taxonomy":"product_tag","embeddable":true,"href":"https:\/\/profika.com.pl\/index.php\/wp-json\/wp\/v2\/product_tag?post=31410"}],"curies":[{"name":"wp","href":"https:\/\/api.w.org\/{rel}","templated":true}]}}