{"id":31418,"date":"2026-02-09T14:19:33","date_gmt":"2026-02-09T13:19:33","guid":{"rendered":"https:\/\/profika.com.pl\/?post_type=product&#038;p=31418"},"modified":"2026-02-09T14:19:33","modified_gmt":"2026-02-09T13:19:33","slug":"kosiarka-akumulatorowa-ego-power-lm1702e-sp-zestaw","status":"publish","type":"product","link":"https:\/\/profika.com.pl\/index.php\/produkt\/kosiarka-akumulatorowa-ego-power-lm1702e-sp-zestaw\/","title":{"rendered":"Kosiarka akumulatorowa EGO Power+ LM1702E-SP ZESTAW"},"content":{"rendered":"<p><strong>Moc Bezszczotkowego Silnika \u2013 Ciche i Skuteczne Koszenie<\/strong><br \/>\nBezobs\u0142ugowy silnik bezszczotkowy to serce kosiarki LM1700E-SP. Jego moc pozwala na \u0142atwe i szybkie koszenie trawnika o sugerowanej powierzchni do 800m2 . Nie wymaga wymiany szczotek, co gwarantuje d\u0142ugotrwa\u0142\u0105 wydajno\u015b\u0107. Zastosowanie nowoczesnej technologii sprawia, \u017ce praca kosiarki jest nie tylko efektywna, ale r\u00f3wnie\u017c cicha, utrzymuj\u0105c poziom g\u0142o\u015bno\u015bci na poziomie 78dB \u2013 95dB.<\/p>\n<p><strong>NAP\u0118D OBS\u0141UGIWANY POKR\u0118T\u0141EM \u2013 Wyj\u0105tkowy Komfort Ruchu<\/strong><br \/>\nNowa funkcja nap\u0119du obs\u0142ugiwanego pokr\u0119t\u0142em w kosiarce LM1700E-SP marki EGO to innowacyjne rozwi\u0105zanie, kt\u00f3re zapewnia dodatkowy komfort podczas koszenia trawnika. Dzi\u0119ki temu u\u017cytkownik mo\u017ce p\u0142ynnie dostosowa\u0107 pr\u0119dko\u015b\u0107 ruchu kosiarki do w\u0142asnych potrzeb, co sprawia, \u017ce praca staje si\u0119 jeszcze bardziej komfortowa.<\/p>\n<p><strong>Funkcje Dostosowane do Twoich Potrzeb \u2013 System Mulczowania i Regulacja Wysoko\u015bci<\/strong><br \/>\nKosiarka akumulatorowa EGO Power + LM1702-SP to nie tylko narz\u0119dzie do koszenia. Dzi\u0119ki mo\u017cliwo\u015bci do\u0142\u0105czenia systemu mulczowania (zestaw ABP1710 dost\u0119pny osobno), zapewnia skuteczne i precyzyjne koszenie, zbieranie oraz rozdrabnianie trawy. Dodatkowo, regulowana wysoko\u015b\u0107 koszenia w zakresie 20\/27\/37\/60\/70\/80 mm oraz ergonomiczny uchwyt sprawiaj\u0105, \u017ce dostosowanie urz\u0105dzenia do indywidualnych potrzeb jest proste i intuicyjne.<\/p>\n<p><strong>Uniwersalno\u015b\u0107 Dzi\u0119ki Zgodno\u015bci z Bateriami EGO Power+<\/strong><br \/>\nKosiarka LM1700E-SP zosta\u0142a stworzona z my\u015bl\u0105 o u\u017cytkownikach posiadaj\u0105cych ju\u017c sprz\u0119t marki EGO Power+. W zestawie z bateri\u0105 4.0Ah i \u0142adowark\u0105 CH2100E,jednak\u017ce umo\u017cliwia korzystanie z baterii o pojemno\u015bci od 2.5 do 12 Ah 56V Arc Lithium. Dla tych, kt\u00f3rzy rozpoczynaj\u0105 swoj\u0105 przygod\u0119 z seri\u0105 EGO, model LM1700E-SP z bateri\u0105 4Ah oraz standardow\u0105 \u0142adowark\u0105 jest idealnym rozwi\u0105zaniem, pozwalaj\u0105c na skoszenie do 480 m2 na jednym \u0142adowaniu.<\/p>\n<p><strong>Zalety Potwierdzone przez U\u017cytkownik\u00f3w \u2013 Solidno\u015b\u0107 i Niezawodno\u015b\u0107<\/strong><br \/>\nMocny silnik bezszczotkowy, mo\u017cliwo\u015b\u0107 mulczowania, regulacja wysoko\u015bci koszenia, przeznaczenie do trawnik\u00f3w do 800 m2, i wytrzyma\u0142a konstrukcja \u2013 to tylko niekt\u00f3re z zalet, kt\u00f3re sprawiaj\u0105, \u017ce kosiarka LM1700E-SP to solidne narz\u0119dzie, gotowe sprosta\u0107 nawet najbardziej wymagaj\u0105cym potrzebom Twojej dzia\u0142ki. Niezale\u017cnie od wyboru \u2013 kosiarki LM1700E-SP z nap\u0119dem czy zestawu LM1702E-SP z bateri\u0105 4Ah i \u0142adowark\u0105 CH2001 \u2013 mo\u017cesz by\u0107 pewien, \u017ce produkt spe\u0142ni Twoje oczekiwania, zadbaj\u0105c o doskona\u0142y stan Twojego trawnika.<\/p>\n","protected":false},"excerpt":{"rendered":"<p><strong>Kosiarka Akumulatorowa LM1702E-SP EGO Power+<br \/>\nW zestawie z bateri\u0105 EGO Power+ 4.0Ah oraz \u0142adowark\u0105 CH2100E<\/strong><\/p>\n<p>Nowoczesna i efektywna kosiarka o szeroko\u015bci roboczej 42 cm , idealna do piel\u0119gnacji trawnika o powierzchni do 800 m2. Wyposa\u017cona w bezszczotkowy silnik, nap\u0119d obs\u0142ugiwany pokr\u0119t\u0142em, regulacj\u0119 wysoko\u015bci koszenia i funkcj\u0119 mulczowania. Maksymalny komfort i cicha praca, bez konieczno\u015bci stosowania paliwa. Uniwersalno\u015b\u0107 dzi\u0119ki zgodno\u015bci ze wszystkimi bateriami EGO Power+. W zestawie z bateri\u0105 4.0Ah zapewnia obs\u0142ug\u0119 do 480m2 trawnika na jednym \u0142adowaniu.<\/p>\n","protected":false},"featured_media":31419,"template":"","meta":[],"product_brand":[103],"product_cat":[74,81],"product_tag":[],"class_list":{"0":"post-31418","1":"product","2":"type-product","3":"status-publish","4":"has-post-thumbnail","6":"product_brand-ego","7":"product_cat-narzedzia","8":"product_cat-kosiarki-akumulatorowe","10":"first","11":"instock","12":"sale","13":"shipping-taxable","14":"purchasable","15":"product-type-simple"},"aioseo_notices":[],"_links":{"self":[{"href":"https:\/\/profika.com.pl\/index.php\/wp-json\/wp\/v2\/product\/31418","targetHints":{"allow":["GET"]}}],"collection":[{"href":"https:\/\/profika.com.pl\/index.php\/wp-json\/wp\/v2\/product"}],"about":[{"href":"https:\/\/profika.com.pl\/index.php\/wp-json\/wp\/v2\/types\/product"}],"version-history":[{"count":1,"href":"https:\/\/profika.com.pl\/index.php\/wp-json\/wp\/v2\/product\/31418\/revisions"}],"predecessor-version":[{"id":31424,"href":"https:\/\/profika.com.pl\/index.php\/wp-json\/wp\/v2\/product\/31418\/revisions\/31424"}],"wp:featuredmedia":[{"embeddable":true,"href":"https:\/\/profika.com.pl\/index.php\/wp-json\/wp\/v2\/media\/31419"}],"wp:attachment":[{"href":"https:\/\/profika.com.pl\/index.php\/wp-json\/wp\/v2\/media?parent=31418"}],"wp:term":[{"taxonomy":"product_brand","embeddable":true,"href":"https:\/\/profika.com.pl\/index.php\/wp-json\/wp\/v2\/product_brand?post=31418"},{"taxonomy":"product_cat","embeddable":true,"href":"https:\/\/profika.com.pl\/index.php\/wp-json\/wp\/v2\/product_cat?post=31418"},{"taxonomy":"product_tag","embeddable":true,"href":"https:\/\/profika.com.pl\/index.php\/wp-json\/wp\/v2\/product_tag?post=31418"}],"curies":[{"name":"wp","href":"https:\/\/api.w.org\/{rel}","templated":true}]}}