{"id":31425,"date":"2026-02-09T15:10:33","date_gmt":"2026-02-09T14:10:33","guid":{"rendered":"https:\/\/profika.com.pl\/?post_type=product&#038;p=31425"},"modified":"2026-02-09T15:10:33","modified_gmt":"2026-02-09T14:10:33","slug":"rozdrabniacz-elektryczny-stihl-ghe140l","status":"publish","type":"product","link":"https:\/\/profika.com.pl\/index.php\/produkt\/rozdrabniacz-elektryczny-stihl-ghe140l\/","title":{"rendered":"Rozdrabniacz elektryczny STIHL GHE140L"},"content":{"rendered":"","protected":false},"excerpt":{"rendered":"<p><strong><strong>Szczeg\u00f3\u0142y produktu<\/strong>:<\/strong><br \/>\nKompaktowy i cichy rozdrabniacz do ga\u0142\u0119zi o \u015brednicy do 40 mm<br \/>\nWyt\u0142umienie urz\u0105dzenia umo\u017cliwia prac\u0119 w obszarach wra\u017cliwych na ha\u0142as w pobli\u017cu domu<br \/>\nZmniejsza obj\u0119to\u015b\u0107 rozdrobnionego materia\u0142u nawet o 75%<br \/>\nZintegrowany pojemnik do zbierania rozdrobnionego materia\u0142u<br \/>\n\u0141atwy w transporcie dzi\u0119ki konstrukcji na ko\u0142ach<br \/>\nRozdrabniacz mo\u017cna z\u0142o\u017cy\u0107 do pojemnika na zr\u0119bki<\/p>\n","protected":false},"featured_media":31426,"template":"","meta":[],"product_brand":[70],"product_cat":[134,133],"product_tag":[],"class_list":{"0":"post-31425","1":"product","2":"type-product","3":"status-publish","4":"has-post-thumbnail","6":"product_brand-stihl","7":"product_cat-maszyny","8":"product_cat-rozdrabniacze-i-rebaki","10":"first","11":"instock","12":"shipping-taxable","13":"purchasable","14":"product-type-simple"},"aioseo_notices":[],"_links":{"self":[{"href":"https:\/\/profika.com.pl\/index.php\/wp-json\/wp\/v2\/product\/31425","targetHints":{"allow":["GET"]}}],"collection":[{"href":"https:\/\/profika.com.pl\/index.php\/wp-json\/wp\/v2\/product"}],"about":[{"href":"https:\/\/profika.com.pl\/index.php\/wp-json\/wp\/v2\/types\/product"}],"version-history":[{"count":2,"href":"https:\/\/profika.com.pl\/index.php\/wp-json\/wp\/v2\/product\/31425\/revisions"}],"predecessor-version":[{"id":31431,"href":"https:\/\/profika.com.pl\/index.php\/wp-json\/wp\/v2\/product\/31425\/revisions\/31431"}],"wp:featuredmedia":[{"embeddable":true,"href":"https:\/\/profika.com.pl\/index.php\/wp-json\/wp\/v2\/media\/31426"}],"wp:attachment":[{"href":"https:\/\/profika.com.pl\/index.php\/wp-json\/wp\/v2\/media?parent=31425"}],"wp:term":[{"taxonomy":"product_brand","embeddable":true,"href":"https:\/\/profika.com.pl\/index.php\/wp-json\/wp\/v2\/product_brand?post=31425"},{"taxonomy":"product_cat","embeddable":true,"href":"https:\/\/profika.com.pl\/index.php\/wp-json\/wp\/v2\/product_cat?post=31425"},{"taxonomy":"product_tag","embeddable":true,"href":"https:\/\/profika.com.pl\/index.php\/wp-json\/wp\/v2\/product_tag?post=31425"}],"curies":[{"name":"wp","href":"https:\/\/api.w.org\/{rel}","templated":true}]}}