{"id":31450,"date":"2026-02-16T11:01:25","date_gmt":"2026-02-16T10:01:25","guid":{"rendered":"https:\/\/profika.com.pl\/?post_type=product&#038;p=31450"},"modified":"2026-02-19T15:31:54","modified_gmt":"2026-02-19T14:31:54","slug":"kosa-akumulatorowa-stihl-fsa-50","status":"publish","type":"product","link":"https:\/\/profika.com.pl\/index.php\/produkt\/kosa-akumulatorowa-stihl-fsa-50\/","title":{"rendered":"Kosa akumulatorowa STIHL FSA 50"},"content":{"rendered":"<p>STIHL FSA 50 to uniwersalna, akumulatorowa podkaszarka do przydomowego ogrodu, kt\u00f3ra \u0142\u0105czy wysok\u0105 wydajno\u015b\u0107 koszenia, lekko\u015b\u0107 i wszechstronn\u0105 regulacj\u0119. Doskonale nadaje si\u0119 do wycinania zaro\u015bli, koszenia mniejszych trawnik\u00f3w i podkaszania kraw\u0119dzi, a dzi\u0119ki inteligentnej elektronice pracuje ze sta\u0142\u0105 moc\u0105, niezale\u017cnie od poziomu na\u0142adowania akumulatora. Cichy silnik sprawia, \u017ce kosa jest idealna do stref wra\u017cliwych na ha\u0142as. <\/p>\n<p>Ergonomia i komfort pracy stoj\u0105 na najwy\u017cszym poziomie \u2013 d\u0142ugo\u015b\u0107 wysi\u0119gnika i uchwyt obwiedniowy regulowane bez narz\u0119dzi, g\u0142owica kosz\u0105ca ustawiana w 3 pozycjach, a pa\u0142\u0105k dystansowy u\u0142atwia precyzyjne koszenie wok\u00f3\u0142 drzew i innych obiekt\u00f3w. FSA 50 mo\u017cna te\u017c w prosty spos\u00f3b przezbroi\u0107 w kraw\u0119dziark\u0119, co zwi\u0119ksza jej funkcjonalno\u015b\u0107.<\/p>\n","protected":false},"excerpt":{"rendered":"<p><strong>Napi\u0119cie znamionowe \/ Maks. napi\u0119cie<\/strong><\/strong> \t36\/40V<br \/>\n<strong>Pob\u00f3r mocy<\/strong>\t0.43 kW<br \/>\n<strong>Moc<\/strong>\t0,30 kW<br \/>\n<strong>Ci\u0119\u017car<\/strong> \t2,9 kg<br \/>\n<strong>\u015arednica ci\u0119cia<\/strong> \t280mm<br \/>\n<strong>D\u0142ugo\u015b\u0107 ca\u0142kowita <\/strong><strong>\t148 cm<br \/>\n<strong>System akumulatorowy<\/strong>\tAK<br \/>\n<strong>Zalecany akumulator<\/strong>\tAK 10<br \/>\n<strong>Maksymalny czas pracy akumulatora<\/strong> AK 10\/20\/30S 25\/50\/60 min<br \/>\n<strong>Poziom mocy akustycznej<\/strong><\/strong>\t82<br \/>\n<strong>Poziom ci\u015bnienia akustycznego\t<\/strong>69<br \/>\n<strong>Warto\u015b\u0107 drga\u0144 strona lewa\/prawa <\/strong> \t1,6\/0,9 m\/s\u00b2<\/p>\n<p><strong>W zestawie bez akumulatora i \u0142adowarki.<\/strong><strong><\/p>\n","protected":false},"featured_media":31451,"template":"","meta":[],"product_brand":[70],"product_cat":[75],"product_tag":[],"class_list":{"0":"post-31450","1":"product","2":"type-product","3":"status-publish","4":"has-post-thumbnail","6":"product_brand-stihl","7":"product_cat-podkaszarki","9":"first","10":"instock","11":"sale","12":"shipping-taxable","13":"purchasable","14":"product-type-simple"},"aioseo_notices":[],"_links":{"self":[{"href":"https:\/\/profika.com.pl\/index.php\/wp-json\/wp\/v2\/product\/31450","targetHints":{"allow":["GET"]}}],"collection":[{"href":"https:\/\/profika.com.pl\/index.php\/wp-json\/wp\/v2\/product"}],"about":[{"href":"https:\/\/profika.com.pl\/index.php\/wp-json\/wp\/v2\/types\/product"}],"version-history":[{"count":2,"href":"https:\/\/profika.com.pl\/index.php\/wp-json\/wp\/v2\/product\/31450\/revisions"}],"predecessor-version":[{"id":31659,"href":"https:\/\/profika.com.pl\/index.php\/wp-json\/wp\/v2\/product\/31450\/revisions\/31659"}],"wp:featuredmedia":[{"embeddable":true,"href":"https:\/\/profika.com.pl\/index.php\/wp-json\/wp\/v2\/media\/31451"}],"wp:attachment":[{"href":"https:\/\/profika.com.pl\/index.php\/wp-json\/wp\/v2\/media?parent=31450"}],"wp:term":[{"taxonomy":"product_brand","embeddable":true,"href":"https:\/\/profika.com.pl\/index.php\/wp-json\/wp\/v2\/product_brand?post=31450"},{"taxonomy":"product_cat","embeddable":true,"href":"https:\/\/profika.com.pl\/index.php\/wp-json\/wp\/v2\/product_cat?post=31450"},{"taxonomy":"product_tag","embeddable":true,"href":"https:\/\/profika.com.pl\/index.php\/wp-json\/wp\/v2\/product_tag?post=31450"}],"curies":[{"name":"wp","href":"https:\/\/api.w.org\/{rel}","templated":true}]}}