{"id":31459,"date":"2026-02-18T09:26:24","date_gmt":"2026-02-18T08:26:24","guid":{"rendered":"https:\/\/profika.com.pl\/?post_type=product&#038;p=31459"},"modified":"2026-02-19T15:29:47","modified_gmt":"2026-02-19T14:29:47","slug":"kompresor-koa-20-z-akumulatorem-as-2-i-ladowarka-al-1","status":"publish","type":"product","link":"https:\/\/profika.com.pl\/index.php\/produkt\/kompresor-koa-20-z-akumulatorem-as-2-i-ladowarka-al-1\/","title":{"rendered":"Kompresor KOA 20, z akumulatorem AS 2 i \u0142adowark\u0105 AL 1"},"content":{"rendered":"<p>Kompresor akumulatorowy KOA 20 w zestawie z akumulatorem AS 2 i standardow\u0105 \u0142adowark\u0105 AL 1: sprawia, \u017ce pompowanie i spuszczanie powietrza z opon, sprz\u0119tu rekreacyjnego i sportowego jest \u0142atwe i wygodne<br \/>\nNie masz jeszcze akumulatora lub \u0142adowarki z systemu STIHL AS? W takim razie ten por\u0119czny zestaw jest w\u0142a\u015bnie dla Ciebie. Opr\u00f3cz kompresora akumulatorowego STIHL KOA 20 otrzymasz akumulator STIHL AS 2 oraz standardow\u0105 \u0142adowark\u0119 STIHL AL 1. Oznacza to, \u017ce mo\u017cesz rozpocz\u0105\u0107 prac\u0119 od razu po otrzymaniu zestawu.<\/p>\n<p>Kompaktowy kompresor akumulatorowy STIHL KOA 20 jest idealny do \u0142atwego i oszcz\u0119dzaj\u0105cego czas pompowania opon samochodowych lub rowerowych, a tak\u017ce do wygodnego pompowania i szybkiego spuszczania powietrza ze sprz\u0119tu rekreacyjnego i sportowego, takiego jak pi\u0142ki czy pontony. Zasilany jest akumulatorem STIHL AS System. Kompresor akumulatorowy KOA 20 jest nie tylko bardzo przydatny w domu, ale tak\u017ce w podr\u00f3\u017cy np. gdy trzeba napompowa\u0107 ko\u0142a przyczepy.<\/p>\n<p>Kompresor akumulatorowy STIHL KOA 20 jest \u0142atwy w obs\u0142udze. Przy wszechstronnych zastosowaniach r\u00f3\u017cnych ustawie\u0144 KOA 20 mo\u017cna dokonywa\u0107 za pomoc\u0105 ergonomicznego wy\u015bwietlacza, kt\u00f3ry jest dobrze widoczny z g\u00f3ry. Mo\u017cesz wybra\u0107 mi\u0119dzy trybem wysokiego ci\u015bnienia a trybem obj\u0119to\u015bci za naci\u015bni\u0119ciem jednego przycisku, ustawi\u0107 \u017c\u0105dane ci\u015bnienie i sprawdzi\u0107 poziom na\u0142adowania akumulatora. Podczas procesu pompowania i opr\u00f3\u017cniania z powietrza gumowe n\u00f3\u017cki KOA 20 zapewniaj\u0105 bezpieczn\u0105 stabilno\u015b\u0107 przy niskich wibracjach, a jasne \u015bwiat\u0142o LED zapewnia dobr\u0105 widoczno\u015b\u0107 w ciemno\u015bci. STIHL KOA 20 posiada r\u00f3wnie\u017c funkcj\u0119 automatycznego wy\u0142\u0105czania: gdy tylko zostanie osi\u0105gni\u0119te \u017c\u0105dane ci\u015bnienie, pompa zatrzymuje proces nape\u0142niania, a urz\u0105dzenie wy\u0142\u0105cza si\u0119 automatycznie po ok. 5 minutach bezczynno\u015bci. Oszcz\u0119dza to energi\u0119 i wyd\u0142u\u017ca \u017cywotno\u015b\u0107 baterii. Opr\u00f3cz w\u0119\u017cy ci\u015bnieniowych i obj\u0119to\u015bciowych w zestawie znajduje si\u0119 r\u00f3wnie\u017c kilka adapter\u00f3w. Zar\u00f3wno w\u0119\u017ce, jak i adaptery mog\u0105 by\u0107 przechowywane bezpo\u015brednio na kompresorze akumulatorowym KOA 20, dzi\u0119ki czemu s\u0105 zawsze \u0142atwo dost\u0119pne.<\/p>\n","protected":false},"excerpt":{"rendered":"<p><strong>Dane techniczne<\/strong><br \/>\n<strong>Napi\u0119cie znamionowe<\/strong>\t11 V<br \/>\n<strong>Maks. napi\u0119cie<\/strong>\t12 V<br \/>\n<strong>System akumulatorowy<\/strong>\tAS<br \/>\n<strong>Zalecany akumulator<\/strong>\tAS 2<br \/>\n<strong>Ci\u0119\u017car urzdzenia<\/strong>\t1.5 kg<br \/>\n<strong>Max. ci\u015bnienie (pompa wysokoci\u015bnieniowa)<\/strong>\t10.3 bar<br \/>\n<strong>Max. ci\u015bnienie (pompa wysokoci\u015bnieniowa)<\/strong>\t150 psi<br \/>\n<strong>Max. strumie\u0144 obj\u0119to\u015bci<\/strong>\t360 l\/min<br \/>\n<strong>Maksymalny czas pracy akumulatora AS 2 z funkcj\u0105 wysokiego ci\u015bnienia<\/strong>\t23 min 1)<br \/>\n<strong>Maksymalny czas pracy akumulatora AS 2 z funkcj\u0105 pompowania<\/strong>\t23 min 1)<br \/>\n<strong>W\u0105\u017c d\u0142ugo\u015bci<\/strong>\t605 mm<br \/>\n<strong>D\u0142ugo\u015b\u0107 urz\u0105dzenia<\/strong>\t282 mm<br \/>\n<strong>Szeroko\u015b\u0107 urz\u0105dzenia<\/strong>\t105 mm<br \/>\n<strong>Wysoko\u015b\u0107 urz\u0105dzenia<\/strong>\t223 mm<\/p>\n","protected":false},"featured_media":31460,"template":"","meta":[],"product_brand":[70],"product_cat":[141],"product_tag":[],"class_list":{"0":"post-31459","1":"product","2":"type-product","3":"status-publish","4":"has-post-thumbnail","6":"product_brand-stihl","7":"product_cat-sprezarki","9":"first","10":"instock","11":"sale","12":"shipping-taxable","13":"purchasable","14":"product-type-simple"},"aioseo_notices":[],"_links":{"self":[{"href":"https:\/\/profika.com.pl\/index.php\/wp-json\/wp\/v2\/product\/31459","targetHints":{"allow":["GET"]}}],"collection":[{"href":"https:\/\/profika.com.pl\/index.php\/wp-json\/wp\/v2\/product"}],"about":[{"href":"https:\/\/profika.com.pl\/index.php\/wp-json\/wp\/v2\/types\/product"}],"version-history":[{"count":3,"href":"https:\/\/profika.com.pl\/index.php\/wp-json\/wp\/v2\/product\/31459\/revisions"}],"predecessor-version":[{"id":31657,"href":"https:\/\/profika.com.pl\/index.php\/wp-json\/wp\/v2\/product\/31459\/revisions\/31657"}],"wp:featuredmedia":[{"embeddable":true,"href":"https:\/\/profika.com.pl\/index.php\/wp-json\/wp\/v2\/media\/31460"}],"wp:attachment":[{"href":"https:\/\/profika.com.pl\/index.php\/wp-json\/wp\/v2\/media?parent=31459"}],"wp:term":[{"taxonomy":"product_brand","embeddable":true,"href":"https:\/\/profika.com.pl\/index.php\/wp-json\/wp\/v2\/product_brand?post=31459"},{"taxonomy":"product_cat","embeddable":true,"href":"https:\/\/profika.com.pl\/index.php\/wp-json\/wp\/v2\/product_cat?post=31459"},{"taxonomy":"product_tag","embeddable":true,"href":"https:\/\/profika.com.pl\/index.php\/wp-json\/wp\/v2\/product_tag?post=31459"}],"curies":[{"name":"wp","href":"https:\/\/api.w.org\/{rel}","templated":true}]}}