{"id":31468,"date":"2026-02-18T10:32:54","date_gmt":"2026-02-18T09:32:54","guid":{"rendered":"https:\/\/profika.com.pl\/?post_type=product&#038;p=31468"},"modified":"2026-02-19T15:27:54","modified_gmt":"2026-02-19T14:27:54","slug":"podkaszarka-akumulatorowa-fsa-30-set","status":"publish","type":"product","link":"https:\/\/profika.com.pl\/index.php\/produkt\/podkaszarka-akumulatorowa-fsa-30-set\/","title":{"rendered":"Podkaszarka akumulatorowa FSA 30 SET"},"content":{"rendered":"<p>Kosa akumulatorowa FSA 30 w zestawie z akumulatorem AS 2 i \u0142adowark\u0105 AL 1. Z \u0142atwo\u015bci\u0105 wykonuj prace zwi\u0105zane z koszeniem i sprz\u0105taniem wok\u00f3\u0142 domu<br \/>\nJe\u015bli nie posiadasz jeszcze urz\u0105dzenia STIHL AS-System, warto kupi\u0107 akumulatorow\u0105 kos\u0119 do trawnika STIHL FSA 30 w zestawie z akumulatorem STIHL AS 2 i standardow\u0105 \u0142adowark\u0105 STIHL AL 1 idealnie nadaj\u0105c\u0105 si\u0119 do koszenia trawy na \u015bredniej wysoko\u015bci, konserwacji kraw\u0119dzi trawnika. Dzi\u0119ki temu mo\u017cesz od razu rozpocz\u0105\u0107 prace piel\u0119gnacyjne w ogrodzie. Poniewa\u017c kosa FSA 30 jest wyj\u0105tkowo cicha, mo\u017cna jej u\u017cywa\u0107 r\u00f3wnie\u017c do pracy w obszarach wra\u017cliwych na ha\u0142as.<\/p>\n<p>STIHL FSA 30 jest standardowo wyposa\u017cona w g\u0142owic\u0119 tn\u0105ca STIHL PolyCut 3-2 z 2 wytrzyma\u0142ymi i ruchomymi ostrzami z tworzywa sztucznego PolyCut. Aby umo\u017cliwi\u0107 szybk\u0105 wymian\u0119 ostrza, w schowku na urz\u0105dzeniu mo\u017cna przechowywa\u0107 i wymienia\u0107 bezpo\u015brednio na g\u0142owicy kosz\u0105cej do 6 ostrzy PolyCut, bez u\u017cycia narz\u0119dzi. Istnieje r\u00f3wnie\u017c mo\u017cliwo\u015b\u0107 korzystania z FSA 30 z g\u0142owic\u0105 tn\u0105ca AutoCut C 3-2 i jest ona dost\u0119pna jako akcesorium &#8211; wyposa\u017cona w \u017cy\u0142k\u0119 do koszenia o \u015brednicy 1,4 mm.<\/p>\n<p>Dzi\u0119ki ergonomicznej konstrukcji, wygodnym opcjom regulacji i niskiej wadze wynosz\u0105cej zaledwie 2,3 kg wraz z akumulatorem, FSA 30 umo\u017cliwia komfortow\u0105 i bezproblemow\u0105 prac\u0119. Mi\u0119kka r\u0119koje\u015b\u0107 wygodnie le\u017cy w d\u0142oni i umo\u017cliwia prost\u0105, intuicyjn\u0105 obs\u0142ug\u0119. Teleskopowy wysi\u0119gnik i uchwyt obwiedniowy (p\u0119telkowy) mo\u017cna regulowa\u0107 stopniowo za naci\u015bni\u0119ciem jednego przycisku, w zale\u017cno\u015bci od wzrostu. K\u0105t roboczy narz\u0119dzia kosz\u0105cego mo\u017cna r\u00f3wnie\u017c \u0142atwo regulowa\u0107, aby zapewni\u0107 jeszcze bardziej komfortow\u0105 prac\u0119, a kos\u0119 mo\u017cna obr\u00f3ci\u0107 nawet o 90\u00b0, aby umo\u017cliwi\u0107 precyzyjne przycinanie kraw\u0119dzi trawnika. Rozk\u0142adany pa\u0142\u0105k dystansowy u\u0142atwia precyzyjne i p\u0142ynne koszenie wok\u00f3\u0142 ro\u015blin, drzew, krzew\u00f3w i innych obiekt\u00f3w. Akumulatorowa kosa FSA 30 jest wyposa\u017cona w praktyczne oczko do zawieszania,  kt\u00f3re pozwala zaoszcz\u0119dzi\u0107 miejsce podczas przechowywania na \u015bcianie w gara\u017cu lub w pomieszczeniu gospodarczym.<\/p>\n","protected":false},"excerpt":{"rendered":"<p><strong>Dane techniczne<\/strong><br \/>\n<strong>Napi\u0119cie znamionowe<\/strong>\t11 V<br \/>\n<strong>Maks. napi\u0119cie<\/strong>\t12 V<br \/>\n<strong>Pob\u00f3r mocy<\/strong>\t0.24 kW<br \/>\n<strong>Moc<\/strong>\t0.13 kW 1)<br \/>\n<strong>System akumulatorowy<\/strong>\tAS<br \/>\n<strong>Zalecany akumulator<\/strong>\tAS<br \/>\n<strong>Ci\u0119\u017car urz\u0105dzenia bez akumulatora<\/strong>\t2.1 kg<br \/>\n<strong>\u015arednica kraw\u0119dzi tn\u0105cej<\/strong>\t230 mm<br \/>\n<strong>Maksymalny czas pracy akumulatora AS 2 z g\u0142owic\u0105 \u017cy\u0142kow\u0105<\/strong>\t10 min<br \/>\n<strong>Maksymalny czas pracy akumulatora AS 2 z g\u0142owic\u0105 PolyCut<\/strong>\t19 min<br \/>\n<strong>Max. powierzchnia na jednym \u0142adowaniu akumulatora AS 2<\/strong>\t45 m\u00b2<br \/>\n<strong>Max. kraw\u0119d\u017a trawnika na jednym \u0142adowaniu akumulatora AS 2<\/strong>\t180 m<br \/>\n<strong>D\u0142ugo\u015b\u0107 urz\u0105dzenia bez narz\u0119dzia tn\u0105cego<\/strong>\t116 cm<\/p>\n","protected":false},"featured_media":31473,"template":"","meta":[],"product_brand":[70],"product_cat":[74,75],"product_tag":[],"class_list":{"0":"post-31468","1":"product","2":"type-product","3":"status-publish","4":"has-post-thumbnail","6":"product_brand-stihl","7":"product_cat-narzedzia","8":"product_cat-podkaszarki","10":"first","11":"instock","12":"sale","13":"shipping-taxable","14":"purchasable","15":"product-type-simple"},"aioseo_notices":[],"_links":{"self":[{"href":"https:\/\/profika.com.pl\/index.php\/wp-json\/wp\/v2\/product\/31468","targetHints":{"allow":["GET"]}}],"collection":[{"href":"https:\/\/profika.com.pl\/index.php\/wp-json\/wp\/v2\/product"}],"about":[{"href":"https:\/\/profika.com.pl\/index.php\/wp-json\/wp\/v2\/types\/product"}],"version-history":[{"count":5,"href":"https:\/\/profika.com.pl\/index.php\/wp-json\/wp\/v2\/product\/31468\/revisions"}],"predecessor-version":[{"id":31656,"href":"https:\/\/profika.com.pl\/index.php\/wp-json\/wp\/v2\/product\/31468\/revisions\/31656"}],"wp:featuredmedia":[{"embeddable":true,"href":"https:\/\/profika.com.pl\/index.php\/wp-json\/wp\/v2\/media\/31473"}],"wp:attachment":[{"href":"https:\/\/profika.com.pl\/index.php\/wp-json\/wp\/v2\/media?parent=31468"}],"wp:term":[{"taxonomy":"product_brand","embeddable":true,"href":"https:\/\/profika.com.pl\/index.php\/wp-json\/wp\/v2\/product_brand?post=31468"},{"taxonomy":"product_cat","embeddable":true,"href":"https:\/\/profika.com.pl\/index.php\/wp-json\/wp\/v2\/product_cat?post=31468"},{"taxonomy":"product_tag","embeddable":true,"href":"https:\/\/profika.com.pl\/index.php\/wp-json\/wp\/v2\/product_tag?post=31468"}],"curies":[{"name":"wp","href":"https:\/\/api.w.org\/{rel}","templated":true}]}}