{"id":31477,"date":"2026-02-18T11:23:25","date_gmt":"2026-02-18T10:23:25","guid":{"rendered":"https:\/\/profika.com.pl\/?post_type=product&#038;p=31477"},"modified":"2026-02-19T15:26:13","modified_gmt":"2026-02-19T14:26:13","slug":"pilarka-akumulatorowa-gta-26","status":"publish","type":"product","link":"https:\/\/profika.com.pl\/index.php\/produkt\/pilarka-akumulatorowa-gta-26\/","title":{"rendered":"Pilarka akumulatorowa GTA 26"},"content":{"rendered":"<p>Przecinarka akumulatorowa GTA 26<br \/>\nWszechstronna akumulatorowa przecinarka do drewna. Do przycinania drzew i krzew\u00f3w, rozdrabniania odpad\u00f3w zielonych i prac stolarskich. Pi\u0142a \u0142a\u0144cuchowa PM3 1\/4\u201d zapewnia wysok\u0105 wydajno\u015b\u0107 ci\u0119cia i du\u017c\u0105 moc. Antypo\u015blizgowy uchwyt, wysoki komfort pracy, doskona\u0142a ergonomia. Beznarz\u0119dziowa wymiana pi\u0142y \u0142a\u0144cuchowej, ruchoma os\u0142ona ochronna zapewniaj\u0105ca bezpieczn\u0105 prac\u0119, wska\u017anik na\u0142adowania. Zestaw bez akumulatora i \u0142adowarki.<\/p>\n","protected":false},"excerpt":{"rendered":"<p><strong>Dane techniczne<\/strong><br \/>\n<strong>Napi\u0119cie znamionowe<\/strong>\t11 V<br \/>\n<strong>Maks. napi\u0119cie<\/strong>\t12 V<br \/>\n<strong>Pob\u00f3r mocy<\/strong>\t0.30 kW<br \/>\n<strong>Moc<\/strong>\t0.18 kW 1)<br \/>\n<strong>System akumulatorowy<\/strong>\tAS<br \/>\n<strong>Ci\u0119\u017car urz\u0105dzenia bez akumulatora<\/strong>\t1.1 kg<br \/>\n<strong>D\u0142ugo\u015b\u0107 prowadnicy<\/strong>\t10 cm<br \/>\n<strong>Szeroko\u015b\u0107 rowka<\/strong>\t1.10 mm<br \/>\n<strong>Podzia\u0142ka \u0142a\u0144cucha<\/strong>\t1\/4&#8243;P<br \/>\n<strong>Poziom ochrony IP<\/strong><br \/>\n<strong>Max. ci\u0119cia na jednym \u0142adowaniu akumulatora AS<\/strong><\/p>\n","protected":false},"featured_media":31478,"template":"","meta":[],"product_brand":[70],"product_cat":[138,74],"product_tag":[],"class_list":{"0":"post-31477","1":"product","2":"type-product","3":"status-publish","4":"has-post-thumbnail","6":"product_brand-stihl","7":"product_cat-pilarki-akumulatorowe","8":"product_cat-narzedzia","10":"first","11":"instock","12":"sale","13":"shipping-taxable","14":"purchasable","15":"product-type-simple"},"aioseo_notices":[],"_links":{"self":[{"href":"https:\/\/profika.com.pl\/index.php\/wp-json\/wp\/v2\/product\/31477","targetHints":{"allow":["GET"]}}],"collection":[{"href":"https:\/\/profika.com.pl\/index.php\/wp-json\/wp\/v2\/product"}],"about":[{"href":"https:\/\/profika.com.pl\/index.php\/wp-json\/wp\/v2\/types\/product"}],"version-history":[{"count":4,"href":"https:\/\/profika.com.pl\/index.php\/wp-json\/wp\/v2\/product\/31477\/revisions"}],"predecessor-version":[{"id":31655,"href":"https:\/\/profika.com.pl\/index.php\/wp-json\/wp\/v2\/product\/31477\/revisions\/31655"}],"wp:featuredmedia":[{"embeddable":true,"href":"https:\/\/profika.com.pl\/index.php\/wp-json\/wp\/v2\/media\/31478"}],"wp:attachment":[{"href":"https:\/\/profika.com.pl\/index.php\/wp-json\/wp\/v2\/media?parent=31477"}],"wp:term":[{"taxonomy":"product_brand","embeddable":true,"href":"https:\/\/profika.com.pl\/index.php\/wp-json\/wp\/v2\/product_brand?post=31477"},{"taxonomy":"product_cat","embeddable":true,"href":"https:\/\/profika.com.pl\/index.php\/wp-json\/wp\/v2\/product_cat?post=31477"},{"taxonomy":"product_tag","embeddable":true,"href":"https:\/\/profika.com.pl\/index.php\/wp-json\/wp\/v2\/product_tag?post=31477"}],"curies":[{"name":"wp","href":"https:\/\/api.w.org\/{rel}","templated":true}]}}