{"id":31494,"date":"2026-02-18T12:01:44","date_gmt":"2026-02-18T11:01:44","guid":{"rendered":"https:\/\/profika.com.pl\/?post_type=product&#038;p=31494"},"modified":"2026-02-19T15:21:20","modified_gmt":"2026-02-19T14:21:20","slug":"nozyce-akumulatorowe-hsa-40-set","status":"publish","type":"product","link":"https:\/\/profika.com.pl\/index.php\/produkt\/nozyce-akumulatorowe-hsa-40-set\/","title":{"rendered":"No\u017cyce akumulatorowe HSA 40 SET"},"content":{"rendered":"<p>Akumulatorowe no\u017cyce do \u017cywop\u0142ot\u00f3w HSA 40 w zestawie z 2 akumulatorami AS 2 i \u0142adowark\u0105 AL 1: wydajne ci\u0119cie mniejszych i \u015brednich \u017cywop\u0142ot\u00f3w wok\u00f3\u0142 domu.<br \/>\nWyj\u0105tkowo lekkie i ciche akumulatorowe no\u017cyce do \u017cywop\u0142otu STIHL HSA 40 do przycinania \u017cywop\u0142ot\u00f3w i piel\u0119gnacji prywatnych ogrod\u00f3w. Wycinane laserowo, hartowane i szlifowane diamentowo ostrza, zabezpieczone os\u0142on\u0105, zapewniaj\u0105 wysok\u0105 wydajno\u015b\u0107 ci\u0119cia. Prosta i bezpieczna obs\u0142uga. STIHL HSA 40 posiada uchwyt obwiedniowy ze zintegrowanym prze\u0142\u0105cznikiem. Mi\u0119kka powierzchnia uchwytu zapewnia dobry chwyt w ka\u017cdym kierunku pracy. Przykr\u0119cana os\u0142ona prowadnicy chroni ostrza tn\u0105ce przed uszkodzeniem np. podczas pracy blisko pod\u0142o\u017ca lub przy kontakcie ze \u015bcianami. STIHL HSA 40 ma praktyczny zaczep do zawieszania na tylnym uchwycie podczas przechowywania urz\u0105dzenia. Akumulatorowe no\u017cyce do \u017cywop\u0142otu HSA 40 s\u0105 wyposa\u017cone listw\u0119 tn\u0105c\u0105 o d\u0142ugo\u015bci ci\u0119cia 50 cm. Wersja z dwoma akumulatorami AS 2 i \u0142adowark\u0105 AL 1.<\/p>\n","protected":false},"excerpt":{"rendered":"<p><strong>Dane techniczne<\/strong><br \/>\n<strong>Napi\u0119cie znamionowe<\/strong>\t11 V<br \/>\n<strong>Pob\u00f3r mocy<\/strong>\t0.23 kW<br \/>\n<strong>Moc<\/strong>\t0.14 kW<br \/>\n<strong>System akumulatorowy<\/strong>\tAS<br \/>\n<strong>Zalecany akumulator<\/strong>\tAS 2<br \/>\n<strong>Pr\u0119dko\u015b\u0107 skokowa<\/strong>\t2800 obr.\/min<br \/>\n<strong>Ci\u0119\u017car urz\u0105dzenia bez akumulatora<\/strong>\t2.1 kg<br \/>\n<strong>D\u0142ugo\u015b\u0107 kraw\u0119dzi tn\u0105cej<\/strong>\t50 cm<br \/>\n<strong>Odst\u0119p mi\u0119dzy z\u0119bami tn\u0105cymi<\/strong>\t24 mm<br \/>\n<strong>Max. czas pracy akumulatora<\/strong> AS 2\t40 min<br \/>\n<strong>D\u0142ugo\u015b\u0107 urz\u0105dzenia z no\u017cem<\/strong>\t94 cm<\/p>\n","protected":false},"featured_media":31495,"template":"","meta":[],"product_brand":[70],"product_cat":[74,77],"product_tag":[],"class_list":{"0":"post-31494","1":"product","2":"type-product","3":"status-publish","4":"has-post-thumbnail","6":"product_brand-stihl","7":"product_cat-narzedzia","8":"product_cat-nozyce","10":"first","11":"instock","12":"sale","13":"shipping-taxable","14":"purchasable","15":"product-type-simple"},"aioseo_notices":[],"_links":{"self":[{"href":"https:\/\/profika.com.pl\/index.php\/wp-json\/wp\/v2\/product\/31494","targetHints":{"allow":["GET"]}}],"collection":[{"href":"https:\/\/profika.com.pl\/index.php\/wp-json\/wp\/v2\/product"}],"about":[{"href":"https:\/\/profika.com.pl\/index.php\/wp-json\/wp\/v2\/types\/product"}],"version-history":[{"count":2,"href":"https:\/\/profika.com.pl\/index.php\/wp-json\/wp\/v2\/product\/31494\/revisions"}],"predecessor-version":[{"id":31652,"href":"https:\/\/profika.com.pl\/index.php\/wp-json\/wp\/v2\/product\/31494\/revisions\/31652"}],"wp:featuredmedia":[{"embeddable":true,"href":"https:\/\/profika.com.pl\/index.php\/wp-json\/wp\/v2\/media\/31495"}],"wp:attachment":[{"href":"https:\/\/profika.com.pl\/index.php\/wp-json\/wp\/v2\/media?parent=31494"}],"wp:term":[{"taxonomy":"product_brand","embeddable":true,"href":"https:\/\/profika.com.pl\/index.php\/wp-json\/wp\/v2\/product_brand?post=31494"},{"taxonomy":"product_cat","embeddable":true,"href":"https:\/\/profika.com.pl\/index.php\/wp-json\/wp\/v2\/product_cat?post=31494"},{"taxonomy":"product_tag","embeddable":true,"href":"https:\/\/profika.com.pl\/index.php\/wp-json\/wp\/v2\/product_tag?post=31494"}],"curies":[{"name":"wp","href":"https:\/\/api.w.org\/{rel}","templated":true}]}}