{"id":31499,"date":"2026-02-18T12:13:52","date_gmt":"2026-02-18T11:13:52","guid":{"rendered":"https:\/\/profika.com.pl\/?post_type=product&#038;p=31499"},"modified":"2026-02-19T15:20:00","modified_gmt":"2026-02-19T14:20:00","slug":"pilarka-msa-60-c-b-1-4-set","status":"publish","type":"product","link":"https:\/\/profika.com.pl\/index.php\/produkt\/pilarka-msa-60-c-b-1-4-set\/","title":{"rendered":"Pilarka MSA 60 C-B 1\/4 SET"},"content":{"rendered":"<p>Pilarka akumulatorowa MSA 60 C-B | zestaw z AK 20 i AL 101: ergonomiczna praca bez ochronnik\u00f3w s\u0142uchu<br \/>\nLekka i \u0142atwa w obs\u0142udze akumulatorowa pilarka \u0142a\u0144cuchowa  do okazjonalnej piel\u0119gnacji teren\u00f3w przydomowych oraz  prostych prac rzemie\u015blniczych. Idealnie sprawdzi si\u0119 na terenach wymagaj\u0105cych zachowania ciszy i w pomieszczeniach. Pi\u0142a \u0142a\u0144cuchowa PM3 \u00bc&#8221;  zapewniaj\u0105ca du\u017c\u0105 precyzj\u0119 i wysok\u0105 wydajno\u015b\u0107 ci\u0119cia, ergonomiczna d\u017awignia obs\u0142ugi z funkcj\u0105 potencjometru do p\u0142ynnej regulacji pr\u0119dko\u015bci obrotowej, b\u0142yskawiczny napinacz pi\u0142y \u0142a\u0144cuchowej STIHL do napinania pi\u0142y \u0142a\u0144cuchowej bez u\u017cycia narz\u0119dzi, przezroczysty zbiornik oleju u\u0142atwiaj\u0105cy kontrol\u0119 poziomu nape\u0142nienia. Zestaw z akumulatorem AK 20 i \u0142adowark\u0105 AL 101.<\/p>\n","protected":false},"excerpt":{"rendered":"<p><strong>Dane techniczne<\/strong><br \/>\n<strong>Napi\u0119cie znamionowe<\/strong>\t36 V<br \/>\n<strong>Maks. napi\u0119cie<\/strong>\t40 V<br \/>\n<strong>Pob\u00f3r mocy<\/strong>\t0.90 kW<br \/>\n<strong>Moc<\/strong>\t0.70 kW<br \/>\n<strong>System akumulatorowy<\/strong>\tAK<br \/>\n<strong>Zalecany akumulator<\/strong>\tAK 20<br \/>\n<strong>Ci\u0119\u017car urz\u0105dzenia bez akumulatora<\/strong>\t2.5 kg<br \/>\n<strong>D\u0142ugo\u015b\u0107 prowadnicy<\/strong>\t30 cm<br \/>\n<strong>Szeroko\u015b\u0107 rowka<\/strong>\t1.10 mm<br \/>\n<strong>Podzia\u0142ka pi\u0142y \u0142a\u0144cuchowej<\/strong>\t1\/4&#8243;P<br \/>\n<strong>Max. czas pracy akumulatora AK 10<\/strong>\t18 min<br \/>\n<strong>Max. czas pracy akumulatora AK 20<\/strong>\t40 min<br \/>\n<strong>Max. czas pracy akumulatora AK 30<\/strong>\t55 min<br \/>\n<strong>Max. czas pracy akumulatora AK 30 S<\/strong>\t55 min<br \/>\n<strong>D\u0142ugo\u015b\u0107 urz\u0105dzenia z przypor\u0105 szponow\u0105<\/strong>\t451 mm<\/p>\n","protected":false},"featured_media":31500,"template":"","meta":[],"product_brand":[70],"product_cat":[138,74],"product_tag":[],"class_list":{"0":"post-31499","1":"product","2":"type-product","3":"status-publish","4":"has-post-thumbnail","6":"product_brand-stihl","7":"product_cat-pilarki-akumulatorowe","8":"product_cat-narzedzia","10":"first","11":"instock","12":"sale","13":"shipping-taxable","14":"purchasable","15":"product-type-simple"},"aioseo_notices":[],"_links":{"self":[{"href":"https:\/\/profika.com.pl\/index.php\/wp-json\/wp\/v2\/product\/31499","targetHints":{"allow":["GET"]}}],"collection":[{"href":"https:\/\/profika.com.pl\/index.php\/wp-json\/wp\/v2\/product"}],"about":[{"href":"https:\/\/profika.com.pl\/index.php\/wp-json\/wp\/v2\/types\/product"}],"version-history":[{"count":3,"href":"https:\/\/profika.com.pl\/index.php\/wp-json\/wp\/v2\/product\/31499\/revisions"}],"predecessor-version":[{"id":31651,"href":"https:\/\/profika.com.pl\/index.php\/wp-json\/wp\/v2\/product\/31499\/revisions\/31651"}],"wp:featuredmedia":[{"embeddable":true,"href":"https:\/\/profika.com.pl\/index.php\/wp-json\/wp\/v2\/media\/31500"}],"wp:attachment":[{"href":"https:\/\/profika.com.pl\/index.php\/wp-json\/wp\/v2\/media?parent=31499"}],"wp:term":[{"taxonomy":"product_brand","embeddable":true,"href":"https:\/\/profika.com.pl\/index.php\/wp-json\/wp\/v2\/product_brand?post=31499"},{"taxonomy":"product_cat","embeddable":true,"href":"https:\/\/profika.com.pl\/index.php\/wp-json\/wp\/v2\/product_cat?post=31499"},{"taxonomy":"product_tag","embeddable":true,"href":"https:\/\/profika.com.pl\/index.php\/wp-json\/wp\/v2\/product_tag?post=31499"}],"curies":[{"name":"wp","href":"https:\/\/api.w.org\/{rel}","templated":true}]}}