{"id":31505,"date":"2026-02-18T12:29:06","date_gmt":"2026-02-18T11:29:06","guid":{"rendered":"https:\/\/profika.com.pl\/?post_type=product&#038;p=31505"},"modified":"2026-02-19T15:18:22","modified_gmt":"2026-02-19T14:18:22","slug":"kosa-akumulatorowa-autocut-fsa-50-bez-aku-i-ladow","status":"publish","type":"product","link":"https:\/\/profika.com.pl\/index.php\/produkt\/kosa-akumulatorowa-autocut-fsa-50-bez-aku-i-ladow\/","title":{"rendered":"Kosa akumulatorowa AutoCut FSA 50 bez aku. i \u0142adow."},"content":{"rendered":"<p>Kosa akumulatorowa FSA 50: Wygodne i wydajne koszenie i wycinanie zaro\u015bli wok\u00f3\u0142 domu<br \/>\nUniwersalna podkaszarka akumulatorowa STIHL FSA 50 STIHL AK-System cechuje si\u0119 du\u017c\u0105 wydajno\u015bci\u0105 koszenia, niskim ci\u0119\u017carem i wszechstronnymi mo\u017cliwo\u015bciami regulacji przy pracach w przydomowym ogrodzie. STIHL FSA 50 nadaje si\u0119 do wycinania zaro\u015bli, skoszenia mniejszych powierzchni trawnika oraz podkaszania brzeg\u00f3w trawnik\u00f3w. Ponadto dzi\u0119ki inteligentnej elektronice FSA 50 mo\u017ce pracowa\u0107 z nieprzerwanie wysok\u0105 pe\u0142n\u0105 moc\u0105, niezale\u017cnie od poziomu na\u0142adowania akumulatora. Silnik elektryczny jest wyj\u0105tkowo cichy i dlatego nadaje si\u0119 do stosowania w strefach szczeg\u00f3lnie wra\u017cliwych na ha\u0142as. To ogromna zaleta, zw\u0142aszcza podczas pracy we w\u0142asnym ogrodzie i blisko dom\u00f3w.<\/p>\n<p>Szczeg\u00f3ln\u0105 uwag\u0119 zwr\u00f3cono na ergonomiczn\u0105 prac\u0119 kos\u0105 akumulatorow\u0105: d\u0142ugo\u015b\u0107 wysi\u0119gnika i uchwyt obwiedniowy mo\u017cna wygodnie regulowa\u0107 bez u\u017cycia narz\u0119dzi, a g\u0142owic\u0119 kosz\u0105c\u0105 mo\u017cna ustawi\u0107 w 3 pozycjach. STIHL FSA 50 mo\u017cna r\u00f3wnie\u017c  w kilku prostych ruchach i bez u\u017cycia narz\u0119dzi przezbroi\u0107 z podkaszarki do trawy w kraw\u0119dziark\u0119. Kolejn\u0105 zalet\u0105 jest sk\u0142adany elastyczny pa\u0142\u0105k dystansowy umo\u017cliwiaj\u0105cy delikatne i precyzyjne, niemal idealne przycinanie wok\u00f3\u0142 drzew oraz innych obiekt\u00f3w.<\/p>\n<p>Bezstopniowa regulacja pr\u0119dko\u015bci obrotowej silnika elektrycznego umo\u017cliwia p\u0142ynne dostosowanie pr\u0119dko\u015bci obrotowej do danego zastosowania. Powoduje to ni\u017csze zu\u017cycie energii i mo\u017ce wyd\u0142u\u017cy\u0107 \u017cywotno\u015b\u0107 akumulatora. Podkaszarka STIHL FSA 50 jest standardowo wyposa\u017cona w g\u0142owic\u0119 kosz\u0105c\u0105 STIHL AutoCut C 3-2, kt\u00f3r\u0105 mo\u017cna wymienia\u0107 bez u\u017cycia narz\u0119dzi. Umo\u017cliwia to automatyczn\u0105 regulacj\u0119 \u017cy\u0142ki tn\u0105cej poprzez lekkie uderzenie g\u0142owic\u0105 o pod\u0142o\u017ce oraz wygodne nawijanie \u017cy\u0142k\u0105 STIHL od zewn\u0105trz  bez konieczno\u015bci otwierania obudowy. W opcji dodatkowej dost\u0119pna jest beznarz\u0119dziowa g\u0142owica kosz\u0105ca STIHL PolyCut 3-2 z no\u017cami z tworzywa sztucznego. Dzi\u0119ki praktycznemu uchwytowi monta\u017cowemu STIHL FSA 50 mo\u017cna zawiesi\u0107 na \u015bcianie i przechowywa\u0107 je w niezabieraj\u0105cym miejsca miejscu.<\/p>\n","protected":false},"excerpt":{"rendered":"<p><strong>Dane techniczne<\/strong><br \/>\n<strong>Napi\u0119cie znamionowe<\/strong>\t36 V<br \/>\n<strong>Maks. napi\u0119cie<\/strong>\t40 V<br \/>\n<strong>Pob\u00f3r mocy<\/strong>\t0.43 kW<br \/>\n<strong>Moc<\/strong>\t0.30 kW<br \/>\n<strong>System akumulatorowy<\/strong>\tAK<br \/>\n<strong>Zalecany akumulator<\/strong>\tAK 10<br \/>\n<strong>Ci\u0119\u017car urz\u0105dzenia bez akumulatora<\/strong>\t2.9 kg<br \/>\n<strong>\u015arednica kraw\u0119dzi tn\u0105cej<\/strong>\t280 mm<br \/>\n<strong>Maksymalny czas pracy akumulatora AK 10 z g\u0142owic\u0105 \u017cy\u0142kow\u0105<\/strong>\t25 min<br \/>\n<strong>Maksymalny czas pracy akumulatora AK 10 z g\u0142owic\u0105 PolyCut<\/strong>\t50 min<br \/>\n<strong>Maksymalny czas pracy akumulatora AK 20 z g\u0142owic\u0105 \u017cy\u0142kow\u0105<\/strong>\t50 min<br \/>\n<strong>Maksymalny czas pracy akumulatora AK 20 z g\u0142owic\u0105 PolyCut<\/strong>\t100 min<br \/>\n<strong>Maksymalny czas pracy akumulatora AK 30 z g\u0142owic\u0105 \u017cy\u0142kow\u0105<\/strong>\t60 min<br \/>\n<strong>Maksymalny czas pracy akumulatora AK 30 z g\u0142owic\u0105 PolyCut<\/strong>\t120 min<br \/>\n<strong>Max. powierzchnia na jednym \u0142adowaniu akumulatora<\/strong> AK 10\t125 m\u00b2<br \/>\n<strong>Max. powierzchnia na jednym \u0142adowaniu akumulatora<\/strong> AK 20\t250 m\u00b2<br \/>\n<strong>Max. powierzchnia na jednym \u0142adowaniu akumulatora<\/strong> AK 30\t300 m\u00b2<br \/>\n<strong>Max. powierzchnia na jednym \u0142adowaniu akumulatora<\/strong> AK 30 S\t300 m\u00b2<br \/>\n<strong>Max. kraw\u0119d\u017a trawnika na jednym \u0142adowaniu akumulatora<\/strong> AK 10\t625 m<br \/>\n<strong>Max. kraw\u0119d\u017a trawnika na jednym \u0142adowaniu akumulatora<\/strong> AK 20\t1250 m<br \/>\n<strong>Max. kraw\u0119d\u017a trawnika na jednym \u0142adowaniu akumulatora<\/strong> AK 30\t1500 m<br \/>\n<strong>Max. kraw\u0119d\u017a trawnika na jednym \u0142adowaniu akumulatora<\/strong> AK 30 S\t1500 m<br \/>\n<strong>D\u0142ugo\u015b\u0107 urz\u0105dzenia bez narz\u0119dzia tn\u0105cego<\/strong>\t148 cm<\/p>\n","protected":false},"featured_media":31506,"template":"","meta":[],"product_brand":[70],"product_cat":[74,81],"product_tag":[],"class_list":{"0":"post-31505","1":"product","2":"type-product","3":"status-publish","4":"has-post-thumbnail","6":"product_brand-stihl","7":"product_cat-narzedzia","8":"product_cat-kosiarki-akumulatorowe","10":"first","11":"instock","12":"sale","13":"shipping-taxable","14":"purchasable","15":"product-type-simple"},"aioseo_notices":[],"_links":{"self":[{"href":"https:\/\/profika.com.pl\/index.php\/wp-json\/wp\/v2\/product\/31505","targetHints":{"allow":["GET"]}}],"collection":[{"href":"https:\/\/profika.com.pl\/index.php\/wp-json\/wp\/v2\/product"}],"about":[{"href":"https:\/\/profika.com.pl\/index.php\/wp-json\/wp\/v2\/types\/product"}],"version-history":[{"count":3,"href":"https:\/\/profika.com.pl\/index.php\/wp-json\/wp\/v2\/product\/31505\/revisions"}],"predecessor-version":[{"id":31650,"href":"https:\/\/profika.com.pl\/index.php\/wp-json\/wp\/v2\/product\/31505\/revisions\/31650"}],"wp:featuredmedia":[{"embeddable":true,"href":"https:\/\/profika.com.pl\/index.php\/wp-json\/wp\/v2\/media\/31506"}],"wp:attachment":[{"href":"https:\/\/profika.com.pl\/index.php\/wp-json\/wp\/v2\/media?parent=31505"}],"wp:term":[{"taxonomy":"product_brand","embeddable":true,"href":"https:\/\/profika.com.pl\/index.php\/wp-json\/wp\/v2\/product_brand?post=31505"},{"taxonomy":"product_cat","embeddable":true,"href":"https:\/\/profika.com.pl\/index.php\/wp-json\/wp\/v2\/product_cat?post=31505"},{"taxonomy":"product_tag","embeddable":true,"href":"https:\/\/profika.com.pl\/index.php\/wp-json\/wp\/v2\/product_tag?post=31505"}],"curies":[{"name":"wp","href":"https:\/\/api.w.org\/{rel}","templated":true}]}}