{"id":31511,"date":"2026-02-18T12:40:44","date_gmt":"2026-02-18T11:40:44","guid":{"rendered":"https:\/\/profika.com.pl\/?post_type=product&#038;p=31511"},"modified":"2026-02-19T15:16:05","modified_gmt":"2026-02-19T14:16:05","slug":"nozyce-akumulatorowe-hsa-50-set","status":"publish","type":"product","link":"https:\/\/profika.com.pl\/index.php\/produkt\/nozyce-akumulatorowe-hsa-50-set\/","title":{"rendered":"No\u017cyce akumulatorowe HSA 50 SET"},"content":{"rendered":"<p>No\u017cyce akumulatorowe HSA 50: precyzyjne i ciche przycinanie \u015brednich \u017cywop\u0142ot\u00f3w i krzew\u00f3w<br \/>\nAkumulatorowe no\u017cyce do \u017cywop\u0142otu STIHL HSA 50 to wszechstronne narz\u0119dzie do przycinania \u017cywop\u0142otu i piel\u0119gnacji ogrodu w gospodarstwie domowym. W tym zestawie otrzymujesz akumulatorowe no\u017cyce do \u017cywop\u0142otu STIHL HSA 50 wraz z 1 akumulatorem litowo-jonowym STIHL AK 10 i standardow\u0105 \u0142adowark\u0105 STIHL AL 101. Oznacza to, \u017ce mo\u017cesz od razu rozpocz\u0105\u0107 prac\u0119 i efektywnie przycina\u0107 \u015bredniej wielko\u015bci \u017cywop\u0142oty i krzewy (np. bukszpany) w obszarach wra\u017cliwych na ha\u0142as.<\/p>\n<p>Wewn\u0119trzny element steruj\u0105cy w uchwycie obwiedniowym umo\u017cliwia \u0142atwe i wygodne ci\u0119cie akumulatorowymi no\u017cycami do \u017cywop\u0142otu STIHL HSA 50 zar\u00f3wno lew\u0105, jak i praw\u0105 r\u0119k\u0105. Wycinane laserowo, szlifowane diamentowo oraz hartowane ostrze tn\u0105ce zapewnia szybki post\u0119p pracy przy bardzo dobrej wydajno\u015bci ci\u0119cia. Dzi\u0119ki geometrii ostrza w kszta\u0142cie kropli wody z rozstawem z\u0119b\u00f3w 30 mm ga\u0142\u0119zie s\u0105 przytrzymane w listwie tn\u0105cej zapewniaj\u0105c czyste ci\u0119cie.<\/p>\n<p>Podczas pracy blisko ziemi listwa tn\u0105ca STIHL HSA 50 jest chroniona przez przykr\u0119can\u0105 os\u0142on\u0119 ko\u0144c\u00f3wki.<\/p>\n<p>Akumulatorowe no\u017cyce do \u017cywop\u0142otu HSA 50 maj\u0105 listw\u0119 tn\u0105c\u0105 o d\u0142ugo\u015bci 50 cm.<\/p>\n","protected":false},"excerpt":{"rendered":"<p><strong>Dane techniczne<\/strong><br \/>\n<strong>Napi\u0119cie znamionowe<\/strong>\t36 V<br \/>\n<strong>Maks. napi\u0119cie<\/strong>\t40 V<br \/>\n<strong>Pob\u00f3r mocy<\/strong>\t0.35 kW<br \/>\n<strong>Moc<\/strong>\t0.22 kW<br \/>\n<strong>System akumulatorowy<\/strong>\tAK<br \/>\n<strong>Zalecany akumulator<\/strong>\tAK 10<br \/>\n<strong>Pr\u0119dko\u015b\u0107 skokowa<\/strong>\t2800 obr.\/min<br \/>\n<strong>Ci\u0119\u017car urz\u0105dzenia bez akumulatora<\/strong>\t2.9 kg<br \/>\n<strong>D\u0142ugo\u015b\u0107 kraw\u0119dzi tn\u0105cej<\/strong>\t50 cm<br \/>\n<strong>Odst\u0119p mi\u0119dzy z\u0119bami tn\u0105cymi<\/strong>\t30 mm<br \/>\n<strong>Max. czas pracy akumulatora<\/strong> AK 10\t50 min<br \/>\n<strong>Max. czas pracy akumulatora<\/strong> AK 20\t100 min<br \/>\n<strong>Max. czas pracy akumulatora<\/strong> AK 30\t130 min<br \/>\n<strong>Max. czas pracy akumulatora<\/strong> AK 30 S\t130 min<br \/>\n<strong>D\u0142ugo\u015b\u0107 urz\u0105dzenia z no\u017cem<\/strong>\t101 cm<\/p>\n","protected":false},"featured_media":31512,"template":"","meta":[],"product_brand":[70],"product_cat":[74,77],"product_tag":[],"class_list":{"0":"post-31511","1":"product","2":"type-product","3":"status-publish","4":"has-post-thumbnail","6":"product_brand-stihl","7":"product_cat-narzedzia","8":"product_cat-nozyce","10":"first","11":"instock","12":"sale","13":"shipping-taxable","14":"purchasable","15":"product-type-simple"},"aioseo_notices":[],"_links":{"self":[{"href":"https:\/\/profika.com.pl\/index.php\/wp-json\/wp\/v2\/product\/31511","targetHints":{"allow":["GET"]}}],"collection":[{"href":"https:\/\/profika.com.pl\/index.php\/wp-json\/wp\/v2\/product"}],"about":[{"href":"https:\/\/profika.com.pl\/index.php\/wp-json\/wp\/v2\/types\/product"}],"version-history":[{"count":3,"href":"https:\/\/profika.com.pl\/index.php\/wp-json\/wp\/v2\/product\/31511\/revisions"}],"predecessor-version":[{"id":31649,"href":"https:\/\/profika.com.pl\/index.php\/wp-json\/wp\/v2\/product\/31511\/revisions\/31649"}],"wp:featuredmedia":[{"embeddable":true,"href":"https:\/\/profika.com.pl\/index.php\/wp-json\/wp\/v2\/media\/31512"}],"wp:attachment":[{"href":"https:\/\/profika.com.pl\/index.php\/wp-json\/wp\/v2\/media?parent=31511"}],"wp:term":[{"taxonomy":"product_brand","embeddable":true,"href":"https:\/\/profika.com.pl\/index.php\/wp-json\/wp\/v2\/product_brand?post=31511"},{"taxonomy":"product_cat","embeddable":true,"href":"https:\/\/profika.com.pl\/index.php\/wp-json\/wp\/v2\/product_cat?post=31511"},{"taxonomy":"product_tag","embeddable":true,"href":"https:\/\/profika.com.pl\/index.php\/wp-json\/wp\/v2\/product_tag?post=31511"}],"curies":[{"name":"wp","href":"https:\/\/api.w.org\/{rel}","templated":true}]}}