{"id":31517,"date":"2026-02-18T12:51:12","date_gmt":"2026-02-18T11:51:12","guid":{"rendered":"https:\/\/profika.com.pl\/?post_type=product&#038;p=31517"},"modified":"2026-02-19T15:13:55","modified_gmt":"2026-02-19T14:13:55","slug":"nozyce-akumulatorowe-hla-56-bez-aku-i-ladow","status":"publish","type":"product","link":"https:\/\/profika.com.pl\/index.php\/produkt\/nozyce-akumulatorowe-hla-56-bez-aku-i-ladow\/","title":{"rendered":"No\u017cyce akumulatorowe HLA 56 bez aku. i \u0142adow."},"content":{"rendered":"<p>No\u017cyce akumulatorowe na wysi\u0119gniku, bez akumulatora i \u0142adowarki<br \/>\nLekkie akumulatorowe no\u017cyce do \u017cywop\u0142ot\u00f3w na wysi\u0119gniku<br \/>\ndo ci\u0119cia wy\u017cszych \u017cywop\u0142ot\u00f3w i krzew\u00f3w w<br \/>\nogrodzie. Listwa tn\u0105ca z jednostronnie szlifowanymi z\u0119bami<br \/>\nw kszta\u0142cie kropli, k\u0105t nachylenia regulowany stopniowo w zakresie od -45\u00b0 do +90\u00b0, podzielny wysi\u0119gnik u\u0142atwia transport. D\u0142ugo\u015b\u0107 transportowa 115 cm, d\u0142ugo\u015b\u0107 ca\u0142kowita 210 cm, ci\u0119\u017car<br \/>\n3,8 kg.<\/p>\n","protected":false},"excerpt":{"rendered":"<p><strong>Dane techniczne<\/strong><br \/>\n<strong>Napi\u0119cie znamionowe<\/strong>\t36 V<br \/>\n<strong>Maks. napi\u0119cie<\/strong>\t40 V<br \/>\n<strong>Pob\u00f3r mocy<\/strong>\t0.35 kW<br \/>\n<strong>Moc<\/strong>\t0.21 kW<br \/>\n<strong>Zalecany akumulator<\/strong>\tAK 20<br \/>\n<strong>System akumulatorowy<\/strong>\tAK<br \/>\n<strong>Pr\u0119dko\u015b\u0107 skokowa<\/strong>\t2800 obr.\/min<br \/>\n<strong>Ci\u0119\u017car urz\u0105dzenia bez akumulatora<\/strong>\t3.8 kg<br \/>\n<strong>D\u0142ugo\u015b\u0107 kraw\u0119dzi tn\u0105cej<\/strong>\t45 cm<br \/>\n<strong>Odst\u0119p mi\u0119dzy z\u0119bami tn\u0105cymi<\/strong>\t30 mm<br \/>\n<strong>Poziom ochrony IP<\/strong>\tIPX0<br \/>\n<strong>Max. czas pracy akumulatora<\/strong> AK 10\t50 min<br \/>\n<strong>Max. czas pracy akumulatora<\/strong> AK 20\t100 min<br \/>\n<strong>Max. czas pracy akumulatora<\/strong> AK 30\t120 min<br \/>\n<strong>Max. czas pracy akumulatora<\/strong> AK 30 S\t120 min<br \/>\n<strong>Max. d\u0142ugo\u015b\u0107 urz\u0105dzenia z narz\u0119dziami<\/strong>\t210 cm<\/p>\n","protected":false},"featured_media":31518,"template":"","meta":[],"product_brand":[70],"product_cat":[74,77],"product_tag":[],"class_list":{"0":"post-31517","1":"product","2":"type-product","3":"status-publish","4":"has-post-thumbnail","6":"product_brand-stihl","7":"product_cat-narzedzia","8":"product_cat-nozyce","10":"first","11":"instock","12":"sale","13":"shipping-taxable","14":"purchasable","15":"product-type-simple"},"aioseo_notices":[],"_links":{"self":[{"href":"https:\/\/profika.com.pl\/index.php\/wp-json\/wp\/v2\/product\/31517","targetHints":{"allow":["GET"]}}],"collection":[{"href":"https:\/\/profika.com.pl\/index.php\/wp-json\/wp\/v2\/product"}],"about":[{"href":"https:\/\/profika.com.pl\/index.php\/wp-json\/wp\/v2\/types\/product"}],"version-history":[{"count":1,"href":"https:\/\/profika.com.pl\/index.php\/wp-json\/wp\/v2\/product\/31517\/revisions"}],"predecessor-version":[{"id":31521,"href":"https:\/\/profika.com.pl\/index.php\/wp-json\/wp\/v2\/product\/31517\/revisions\/31521"}],"wp:featuredmedia":[{"embeddable":true,"href":"https:\/\/profika.com.pl\/index.php\/wp-json\/wp\/v2\/media\/31518"}],"wp:attachment":[{"href":"https:\/\/profika.com.pl\/index.php\/wp-json\/wp\/v2\/media?parent=31517"}],"wp:term":[{"taxonomy":"product_brand","embeddable":true,"href":"https:\/\/profika.com.pl\/index.php\/wp-json\/wp\/v2\/product_brand?post=31517"},{"taxonomy":"product_cat","embeddable":true,"href":"https:\/\/profika.com.pl\/index.php\/wp-json\/wp\/v2\/product_cat?post=31517"},{"taxonomy":"product_tag","embeddable":true,"href":"https:\/\/profika.com.pl\/index.php\/wp-json\/wp\/v2\/product_tag?post=31517"}],"curies":[{"name":"wp","href":"https:\/\/api.w.org\/{rel}","templated":true}]}}