{"id":31524,"date":"2026-02-19T09:14:48","date_gmt":"2026-02-19T08:14:48","guid":{"rendered":"https:\/\/profika.com.pl\/?post_type=product&#038;p=31524"},"modified":"2026-02-19T15:10:45","modified_gmt":"2026-02-19T14:10:45","slug":"kosa-mechaniczna-fs-55-autocut-27-2","status":"publish","type":"product","link":"https:\/\/profika.com.pl\/index.php\/produkt\/kosa-mechaniczna-fs-55-autocut-27-2\/","title":{"rendered":"Kosa mechaniczna FS 55 AutoCut 27-2"},"content":{"rendered":"<p>Kosa spalinowa FS 55: wydajnie kosi wi\u0119ksze powierzchnie trawnik\u00f3w<br \/>\nKosa spalinowa STIHL FS 55 jest idealna dla wymagaj\u0105cych w\u0142a\u015bcicieli ogrod\u00f3w i umo\u017cliwia wydajne koszenie du\u017cych powierzchni. Mocny silnik STIHL 2-MIX tej spalinowej kosy jest ekonomiczny w u\u017cyciu. STIHL FS 55 jest wyposa\u017cona w system STIHL ElastoStart, kt\u00f3ry u\u0142atwia uruchomienie urz\u0105dzenia, amortyzuj\u0105c i chroni\u0105c w ten spos\u00f3b mi\u0119\u015bnie i stawy. Obs\u0142ugiwany jedn\u0105 r\u0119k\u0105 uchwyt wielofunkcyjny umo\u017cliwia dost\u0119p do wszystkich element\u00f3w steruj\u0105cych jedn\u0105 r\u0119k\u0105, co u\u0142atwia obs\u0142ug\u0119 urz\u0105dzenia, a tym samym prac\u0119.<\/p>\n<p>Kosa spalinowa STIHL FS 55 jest wyposa\u017cona w solidny uchwyt obur\u0119czny. Ten ergonomiczny uchwyt u\u0142atwia naturalny ruch kosy, pomagaj\u0105c wydajne kosi\u0107 wi\u0119ksze powierzchnie. W przypadku d\u0142u\u017cszego korzystania z kosy, pas no\u015bny do\u0142\u0105czany w standardzie zapewnia lepsze roz\u0142o\u017cenie ci\u0119\u017caru, dzi\u0119ki czemu praca jest wykonywana z wi\u0119ksz\u0105 \u0142atwo\u015bci\u0105. Kosa spalinowa STIHL FS 55 jest standardowo wyposa\u017cona w g\u0142owic\u0119 tn\u0105c\u0105 \u017cy\u0142kow\u0105 AutoCut 27-2 i pas no\u015bny.<\/p>\n","protected":false},"excerpt":{"rendered":"<p><strong>Dane techniczne<\/strong><br \/>\n<strong>Pojemno\u015b\u0107 skokowa<\/strong>\t27.2 cm\u00b3<br \/>\n<strong>Moc<\/strong>\t0.80 kW<br \/>\n<strong>Moc<\/strong>\t1.02 KM<br \/>\n<strong>CO2<\/strong>\t857 g\/kWh<br \/>\n<strong>Ci\u0119\u017car urz\u0105dzenia bez paliwa<\/strong>\t4.8 kg<br \/>\n<strong>\u015arednica kraw\u0119dzi tn\u0105cej<\/strong>\t420 mm<br \/>\n<strong>Standardowe narz\u0119dzia tn\u0105ce<\/strong>\tG\u0142owica \u017cy\u0142k. AC 25-2<br \/>\n<strong>Pojemno\u015b\u0107 zbiornika<\/strong>\t0.330 l<br \/>\n<strong>Pojemno\u015b\u0107 zbiornika<\/strong>\t330 cm\u00b3<br \/>\n<strong>D\u0142ugo\u015b\u0107 urz\u0105dzenia bez narz\u0119dzia tn\u0105cego<\/strong>\t170 cm<\/p>\n","protected":false},"featured_media":31525,"template":"","meta":[],"product_brand":[70],"product_cat":[74,76],"product_tag":[],"class_list":{"0":"post-31524","1":"product","2":"type-product","3":"status-publish","4":"has-post-thumbnail","6":"product_brand-stihl","7":"product_cat-narzedzia","8":"product_cat-kosy","10":"first","11":"instock","12":"sale","13":"shipping-taxable","14":"purchasable","15":"product-type-simple"},"aioseo_notices":[],"_links":{"self":[{"href":"https:\/\/profika.com.pl\/index.php\/wp-json\/wp\/v2\/product\/31524","targetHints":{"allow":["GET"]}}],"collection":[{"href":"https:\/\/profika.com.pl\/index.php\/wp-json\/wp\/v2\/product"}],"about":[{"href":"https:\/\/profika.com.pl\/index.php\/wp-json\/wp\/v2\/types\/product"}],"version-history":[{"count":2,"href":"https:\/\/profika.com.pl\/index.php\/wp-json\/wp\/v2\/product\/31524\/revisions"}],"predecessor-version":[{"id":31648,"href":"https:\/\/profika.com.pl\/index.php\/wp-json\/wp\/v2\/product\/31524\/revisions\/31648"}],"wp:featuredmedia":[{"embeddable":true,"href":"https:\/\/profika.com.pl\/index.php\/wp-json\/wp\/v2\/media\/31525"}],"wp:attachment":[{"href":"https:\/\/profika.com.pl\/index.php\/wp-json\/wp\/v2\/media?parent=31524"}],"wp:term":[{"taxonomy":"product_brand","embeddable":true,"href":"https:\/\/profika.com.pl\/index.php\/wp-json\/wp\/v2\/product_brand?post=31524"},{"taxonomy":"product_cat","embeddable":true,"href":"https:\/\/profika.com.pl\/index.php\/wp-json\/wp\/v2\/product_cat?post=31524"},{"taxonomy":"product_tag","embeddable":true,"href":"https:\/\/profika.com.pl\/index.php\/wp-json\/wp\/v2\/product_tag?post=31524"}],"curies":[{"name":"wp","href":"https:\/\/api.w.org\/{rel}","templated":true}]}}