{"id":31527,"date":"2026-02-19T09:24:41","date_gmt":"2026-02-19T08:24:41","guid":{"rendered":"https:\/\/profika.com.pl\/?post_type=product&#038;p=31527"},"modified":"2026-02-19T15:08:56","modified_gmt":"2026-02-19T14:08:56","slug":"kosa-mechaniczna-fs-235","status":"publish","type":"product","link":"https:\/\/profika.com.pl\/index.php\/produkt\/kosa-mechaniczna-fs-235\/","title":{"rendered":"Kosa mechaniczna FS 235"},"content":{"rendered":"<p>Imponuj\u0105ca moc 1,55 kW \/ 2,1 KM, obur\u0119czny uchwyt oraz g\u0142owica i tr\u00f3jz\u0105b<br \/>\nImponuj\u0105ca moc koszenia traw i zaro\u015bli. Solidny i niezawodny<br \/>\nsilnik.<\/p>\n<p>Wyposa\u017cenie:<\/p>\n<p>Silnik 2-MIX<\/p>\n<p>1-punktowy system antywibracyjny STIHL<\/p>\n<p>Uchwyt obur\u0119czny<\/p>\n<p>Prze\u0142\u0105cznik wielofunkcyjny<\/p>\n<p>Komfortowa g\u0142owica kosz\u0105ca AutoCut C 26-2<\/p>\n<p>Tr\u00f3jz\u0105b<\/p>\n<p>Szelki Standard Plus<\/p>\n","protected":false},"excerpt":{"rendered":"<p><strong>Dane techniczne<\/strong><br \/>\n<strong>Pojemno\u015b\u0107 skokowa<\/strong>\t36.3 cm\u00b3<br \/>\n<strong>Moc<\/strong>\t1.50 kW<br \/>\n<strong>Moc<\/strong>\t2.10 KM<br \/>\n<strong>CO2<\/strong>\t864 g\/kWh<br \/>\n<strong>Ci\u0119\u017car urz\u0105dzenia bez paliwa<\/strong>\t6.8 kg<br \/>\n<strong>\u015arednica kraw\u0119dzi tn\u0105cej<\/strong>\t420 mm<br \/>\n<strong>Standardowe narz\u0119dzia tn\u0105ce<\/strong>\tG\u0142owica \u017cy\u0142k. AC C26-2 \/ Tr\u00f3jz\u0105b 250-3<br \/>\n<strong>Pojemno\u015b\u0107 zbiornika<\/strong>\t0.810 l<br \/>\n<strong>Pojemno\u015b\u0107 zbiornika<\/strong>\t810 cm\u00b3<br \/>\n<strong>D\u0142ugo\u015b\u0107 urz\u0105dzenia bez narz\u0119dzia tn\u0105cego<\/strong>\t181 cm<\/p>\n","protected":false},"featured_media":31528,"template":"","meta":[],"product_brand":[70],"product_cat":[74,76],"product_tag":[],"class_list":{"0":"post-31527","1":"product","2":"type-product","3":"status-publish","4":"has-post-thumbnail","6":"product_brand-stihl","7":"product_cat-narzedzia","8":"product_cat-kosy","10":"first","11":"instock","12":"sale","13":"shipping-taxable","14":"purchasable","15":"product-type-simple"},"aioseo_notices":[],"_links":{"self":[{"href":"https:\/\/profika.com.pl\/index.php\/wp-json\/wp\/v2\/product\/31527","targetHints":{"allow":["GET"]}}],"collection":[{"href":"https:\/\/profika.com.pl\/index.php\/wp-json\/wp\/v2\/product"}],"about":[{"href":"https:\/\/profika.com.pl\/index.php\/wp-json\/wp\/v2\/types\/product"}],"version-history":[{"count":2,"href":"https:\/\/profika.com.pl\/index.php\/wp-json\/wp\/v2\/product\/31527\/revisions"}],"predecessor-version":[{"id":31647,"href":"https:\/\/profika.com.pl\/index.php\/wp-json\/wp\/v2\/product\/31527\/revisions\/31647"}],"wp:featuredmedia":[{"embeddable":true,"href":"https:\/\/profika.com.pl\/index.php\/wp-json\/wp\/v2\/media\/31528"}],"wp:attachment":[{"href":"https:\/\/profika.com.pl\/index.php\/wp-json\/wp\/v2\/media?parent=31527"}],"wp:term":[{"taxonomy":"product_brand","embeddable":true,"href":"https:\/\/profika.com.pl\/index.php\/wp-json\/wp\/v2\/product_brand?post=31527"},{"taxonomy":"product_cat","embeddable":true,"href":"https:\/\/profika.com.pl\/index.php\/wp-json\/wp\/v2\/product_cat?post=31527"},{"taxonomy":"product_tag","embeddable":true,"href":"https:\/\/profika.com.pl\/index.php\/wp-json\/wp\/v2\/product_tag?post=31527"}],"curies":[{"name":"wp","href":"https:\/\/api.w.org\/{rel}","templated":true}]}}