{"id":31530,"date":"2026-02-19T09:35:06","date_gmt":"2026-02-19T08:35:06","guid":{"rendered":"https:\/\/profika.com.pl\/?post_type=product&#038;p=31530"},"modified":"2026-02-19T15:07:23","modified_gmt":"2026-02-19T14:07:23","slug":"kosa-mechaniczna-fs-361-c-em-autocut","status":"publish","type":"product","link":"https:\/\/profika.com.pl\/index.php\/produkt\/kosa-mechaniczna-fs-361-c-em-autocut\/","title":{"rendered":"Kosa mechaniczna FS 361 C-EM AutoCut"},"content":{"rendered":"<p>Kosa spalinowa FS 361 C-EM: sta\u0142a moc i komfort podczas wymagaj\u0105cej pracy koszenia<br \/>\nKosa spalinowa STIHL FS 361 C-EM bardzo skutecznie wspiera profesjonalist\u00f3w w piel\u0119gnacji krajobrazu, rolnictwie i us\u0142ugach komunalnych przy pracach zwi\u0105zanych z koszeniem, oczyszczaniem g\u0119sto zaro\u015bni\u0119tych teren\u00f3w i piel\u0119gnacji m\u0142odnik\u00f3w. Dzi\u0119ki bardzo du\u017cej \u015brednicy koszenia wynosz\u0105cej 520 mm ta wszechstronna i wytrzyma\u0142a kosa spalinowa umo\u017cliwia szybki post\u0119p w pracach koszenia na du\u017cych i skomplikowanych obszarach. Jednocze\u015bnie silnik STIHL 2-MIX o wysokim momencie obrotowym i niskim zu\u017cyciu paliwa  zapewnia wystarczaj\u0105c\u0105 moc, a 4-punktowy system antywibracyjny STIHL umo\u017cliwia niski poziom wibracji podczas koszenia kos\u0105. Chroni to mi\u0119\u015bnie i stawy, podobnie jak ergonomiczny uchwyt obur\u0119czny (uchwyt typu rowerowego), kt\u00f3ry wspomaga naturalny ruch kos\u0105. Innowacyjny uchwyt ADVANCE GRIP zapewnia r\u00f3wnie\u017c wysoce ergonomiczn\u0105 i intuicyjn\u0105 prac\u0119.<\/p>\n<p>STIHL ErgoStart umo\u017cliwia bezproblemowe uruchomienie kosy spalinowej. W pe\u0142ni elektroniczny system sterowania silnikiem STIHL M-Tronic wspomaga \u0142atwy i komfortowy rozruch oraz zapewnia zawsze optymaln\u0105 wydajno\u015b\u0107 silnika. FS 361 C-EM jest wyposa\u017cona w najnowsz\u0105 wersj\u0119 STIHL M-Tronic 3.0.<\/p>\n<p>Obs\u0142ugiwany jedn\u0105 r\u0119k\u0105 uchwyt wielofunkcyjny umo\u017cliwia sterowanie funkcjami silnika w \u0142atwy spos\u00f3b. Przycisk stop pomaga dodatkowo w szybkim ponownym uruchomieniu kosy np. po przerwie w pracy. Lokalny dealer STIHL mo\u017ce skorzysta\u0107 z gniazda diagnostycznego, aby uzyska\u0107 informacje na temat urz\u0105dzenia.<\/p>\n<p>W zale\u017cno\u015bci od wykonywanego zadania kos\u0119 STIHL FS 361 C-EM mo\u017cna wyposa\u017cy\u0107 w r\u00f3\u017cne narz\u0119dzia tn\u0105ce, takie jak n\u00f3\u017c do koszenia trawy, n\u00f3\u017c do rozdrabniania, pi\u0142\u0119 tarczow\u0105 lub szereg g\u0142owic kosz\u0105cych. O tym, jak wymieni\u0107 narz\u0119dzie tn\u0105ce w kosie dowiesz si\u0119 z naszego poradnika. G\u0142owica tn\u0105ca AutoCut 46-2 do\u0142\u0105czona do urz\u0105dzenia jest idealna do skutecznego koszenia spl\u0105tanej trawy i zaro\u015bli. W standardzie: szelki uniwersalne STIHL ADVANCE zapewniaj\u0105ce ergonomiczn\u0105 prac\u0119. Du\u017ca os\u0142ona narz\u0119dzie tn\u0105cego zapewnia lepsz\u0105 ochron\u0119 przed lataj\u0105cymi \u015bcinkami i ma\u0142ymi kamieniami.<\/p>\n","protected":false},"excerpt":{"rendered":"<p><strong>Dane techniczne<\/strong><br \/>\n<strong>Pojemno\u015b\u0107 skokowa<\/strong>\t37.7 cm\u00b3<br \/>\n<strong>Moc<\/strong>\t1.70 kW<br \/>\n<strong>Moc<\/strong>\t2.30 KM<br \/>\n<strong>CO2<\/strong>\t808 g\/kWh<br \/>\n<strong>Ci\u0119\u017car urz\u0105dzenia bez paliwa<\/strong>\t8.6 kg<br \/>\n<strong>\u015arednica kraw\u0119dzi tn\u0105cej<\/strong>\t520 mm<br \/>\n<strong>Standardowe narz\u0119dzia tn\u0105ce<\/strong>\tG\u0142owica \u017cy\u0142kowa AutoCut 46-2<br \/>\n<strong>Pojemno\u015b\u0107 zbiornika<\/strong>\t0.750 l<br \/>\n<strong>Pojemno\u015b\u0107 zbiornika<\/strong>\t750 cm\u00b3<br \/>\n<strong>D\u0142ugo\u015b\u0107 urz\u0105dzenia bez narz\u0119dzia tn\u0105cego<\/strong>\t179 cm<\/p>\n","protected":false},"featured_media":31531,"template":"","meta":[],"product_brand":[70],"product_cat":[74,76],"product_tag":[],"class_list":{"0":"post-31530","1":"product","2":"type-product","3":"status-publish","4":"has-post-thumbnail","6":"product_brand-stihl","7":"product_cat-narzedzia","8":"product_cat-kosy","10":"first","11":"instock","12":"sale","13":"shipping-taxable","14":"purchasable","15":"product-type-simple"},"aioseo_notices":[],"_links":{"self":[{"href":"https:\/\/profika.com.pl\/index.php\/wp-json\/wp\/v2\/product\/31530","targetHints":{"allow":["GET"]}}],"collection":[{"href":"https:\/\/profika.com.pl\/index.php\/wp-json\/wp\/v2\/product"}],"about":[{"href":"https:\/\/profika.com.pl\/index.php\/wp-json\/wp\/v2\/types\/product"}],"version-history":[{"count":2,"href":"https:\/\/profika.com.pl\/index.php\/wp-json\/wp\/v2\/product\/31530\/revisions"}],"predecessor-version":[{"id":31646,"href":"https:\/\/profika.com.pl\/index.php\/wp-json\/wp\/v2\/product\/31530\/revisions\/31646"}],"wp:featuredmedia":[{"embeddable":true,"href":"https:\/\/profika.com.pl\/index.php\/wp-json\/wp\/v2\/media\/31531"}],"wp:attachment":[{"href":"https:\/\/profika.com.pl\/index.php\/wp-json\/wp\/v2\/media?parent=31530"}],"wp:term":[{"taxonomy":"product_brand","embeddable":true,"href":"https:\/\/profika.com.pl\/index.php\/wp-json\/wp\/v2\/product_brand?post=31530"},{"taxonomy":"product_cat","embeddable":true,"href":"https:\/\/profika.com.pl\/index.php\/wp-json\/wp\/v2\/product_cat?post=31530"},{"taxonomy":"product_tag","embeddable":true,"href":"https:\/\/profika.com.pl\/index.php\/wp-json\/wp\/v2\/product_tag?post=31530"}],"curies":[{"name":"wp","href":"https:\/\/api.w.org\/{rel}","templated":true}]}}