{"id":31533,"date":"2026-02-19T09:52:51","date_gmt":"2026-02-19T08:52:51","guid":{"rendered":"https:\/\/profika.com.pl\/?post_type=product&#038;p=31533"},"modified":"2026-02-19T15:00:34","modified_gmt":"2026-02-19T14:00:34","slug":"kosa-mechaniczna-fs-70-c-e","status":"publish","type":"product","link":"https:\/\/profika.com.pl\/index.php\/produkt\/kosa-mechaniczna-fs-70-c-e\/","title":{"rendered":"Kosa mechaniczna FS 70 C-E"},"content":{"rendered":"<p>Kosa spalinowa FS 70 C-E: wygodne koszenie wi\u0119kszych teren\u00f3w zielonych<br \/>\nKosa spalinowa STIHL FS 70 C-E jest odpowiednia do wymagaj\u0105cych zastosowa\u0144 w ogrodzie takich jak koszenie nawet wi\u0119kszych obszar\u00f3w poro\u015bni\u0119tych tward\u0105 traw\u0105.<\/p>\n<p>Kosa nap\u0119dzana jest mocnym i ekonomicznym silnikiem STIHL 2-MIX. Kosa spalinowa jest \u0142atwa do uruchomienia dzi\u0119ki STIHL ErgoStart \u2013 wystarczy p\u0142ynne, r\u00f3wnomierne poci\u0105gni\u0119cie linki rozruchowej. Kosa mechaniczna posiada r\u00f3wnie\u017c praktyczny obur\u0119czny uchwyt do koszenia w ergonomicznym kszta\u0142cie, wspieraj\u0105cym naturalne ruchy kos\u0105. Mo\u017cesz r\u00f3wnie\u017c ustawi\u0107 go w preferowanej pozycji. Te cechy sprawiaj\u0105, \u017ce mo\u017cesz wygodnie i bez zm\u0119czenia piel\u0119gnowa\u0107 wi\u0119ksze ogrody i dzia\u0142ki.<\/p>\n<p>Obs\u0142ug\u0119 u\u0142atwia r\u00f3wnie\u017c obs\u0142ugiwany jedn\u0105 r\u0119k\u0105 wielofunkcyjny uchwyt, kt\u00f3ry umo\u017cliwia \u0142atwe sterowanie kos\u0105 spalinow\u0105 STIHL FS 70 C-E. Kos\u0119 STIHL FS 70 C-E mo\u017cna po przerwie w pracy ponownie uruchomi\u0107 za pomoc\u0105 przycisku stop, bez konieczno\u015bci naciskania jakichkolwiek prze\u0142\u0105cznik\u00f3w.<\/p>\n<p>Obs\u0142uga kosy z pomoc\u0105 do\u0142\u0105czonego seryjnie pasa no\u015bnego jest bardzo praktyczna, zw\u0142aszcza w przypadku d\u0142u\u017cszych okres\u00f3w u\u017cytkowania, poniewa\u017c zwi\u0119ksza komfort pracy i chroni mi\u0119\u015bnie i stawy. Kosa spalinowa FS 70 C-E jest standardowo wyposa\u017cona w g\u0142owic\u0119 kosz\u0105c\u0105 AutoCut C 26-2.<\/p>\n","protected":false},"excerpt":{"rendered":"<p><strong>Dane techniczne<\/strong><br \/>\n<strong>Pojemno\u015b\u0107 skokowa<\/strong>\t27.2 cm\u00b3<br \/>\n<strong>Moc<\/strong>\t0.90 kW<br \/>\n<strong>Moc<\/strong>\t1.22 KM<br \/>\n<strong>CO2<\/strong>\t829 g\/kWh<br \/>\n<strong>Ci\u0119\u017car urz\u0105dzenia bez paliwa<\/strong>\t5.4 kg<br \/>\n<strong>\u015arednica kraw\u0119dzi tn\u0105cej<\/strong>\t420 mm<br \/>\n<strong>Standardowe narz\u0119dzia tn\u0105ce<\/strong>\tG\u0142owica \u017cy\u0142k. AC C26-2<br \/>\n<strong>Pojemno\u015b\u0107 zbiornika<\/strong>\t0.340 l<br \/>\n<strong>Pojemno\u015b\u0107 zbiornika<\/strong>\t340 cm\u00b3<br \/>\n<strong>D\u0142ugo\u015b\u0107 urz\u0105dzenia bez narz\u0119dzia tn\u0105cego<\/strong>\t170 cm<\/p>\n","protected":false},"featured_media":31535,"template":"","meta":[],"product_brand":[70],"product_cat":[74,76],"product_tag":[],"class_list":{"0":"post-31533","1":"product","2":"type-product","3":"status-publish","4":"has-post-thumbnail","6":"product_brand-stihl","7":"product_cat-narzedzia","8":"product_cat-kosy","10":"first","11":"instock","12":"sale","13":"shipping-taxable","14":"purchasable","15":"product-type-simple"},"aioseo_notices":[],"_links":{"self":[{"href":"https:\/\/profika.com.pl\/index.php\/wp-json\/wp\/v2\/product\/31533","targetHints":{"allow":["GET"]}}],"collection":[{"href":"https:\/\/profika.com.pl\/index.php\/wp-json\/wp\/v2\/product"}],"about":[{"href":"https:\/\/profika.com.pl\/index.php\/wp-json\/wp\/v2\/types\/product"}],"version-history":[{"count":2,"href":"https:\/\/profika.com.pl\/index.php\/wp-json\/wp\/v2\/product\/31533\/revisions"}],"predecessor-version":[{"id":31645,"href":"https:\/\/profika.com.pl\/index.php\/wp-json\/wp\/v2\/product\/31533\/revisions\/31645"}],"wp:featuredmedia":[{"embeddable":true,"href":"https:\/\/profika.com.pl\/index.php\/wp-json\/wp\/v2\/media\/31535"}],"wp:attachment":[{"href":"https:\/\/profika.com.pl\/index.php\/wp-json\/wp\/v2\/media?parent=31533"}],"wp:term":[{"taxonomy":"product_brand","embeddable":true,"href":"https:\/\/profika.com.pl\/index.php\/wp-json\/wp\/v2\/product_brand?post=31533"},{"taxonomy":"product_cat","embeddable":true,"href":"https:\/\/profika.com.pl\/index.php\/wp-json\/wp\/v2\/product_cat?post=31533"},{"taxonomy":"product_tag","embeddable":true,"href":"https:\/\/profika.com.pl\/index.php\/wp-json\/wp\/v2\/product_tag?post=31533"}],"curies":[{"name":"wp","href":"https:\/\/api.w.org\/{rel}","templated":true}]}}