{"id":31536,"date":"2026-02-19T09:59:02","date_gmt":"2026-02-19T08:59:02","guid":{"rendered":"https:\/\/profika.com.pl\/?post_type=product&#038;p=31536"},"modified":"2026-02-19T14:56:42","modified_gmt":"2026-02-19T13:56:42","slug":"kosa-mechaniczna-fs-38","status":"publish","type":"product","link":"https:\/\/profika.com.pl\/index.php\/produkt\/kosa-mechaniczna-fs-38\/","title":{"rendered":"Kosa mechaniczna FS 38"},"content":{"rendered":"<p>Kosa spalinowa FS 38: \u0142atwa praca w ogrodzie<br \/>\nNajl\u017cejsza kosa spalinowa STIHL FS 38 jest doskona\u0142ym urz\u0105dzeniem klasy podstawowej dla w\u0142a\u015bcicieli ogrod\u00f3w. Lekka  kosa o wadze 4,2 kg jest idealna do koszenia ma\u0142ych trawnik\u00f3w i przycinania kraw\u0119dzi trawnika oraz prac wyko\u0144czeniowych wok\u00f3\u0142 drzewek i mur\u00f3w. Ta kompaktowa i zwrotna kosa do trawy skutecznie usuwa traw\u0119 i chwasty, nawet na \u015bcie\u017ckach i stopniach. Obs\u0142ugiwany jedn\u0105 r\u0119k\u0105 wielofunkcyjny uchwyt u\u0142atwia obs\u0142ug\u0119, poniewa\u017c wszystkie elementy steruj\u0105ce silnikiem s\u0105 dost\u0119pne za pomoc\u0105 jednej r\u0119ki. Kosa spalinowa STIHL FS 38 posiada uchwyt obwiedniowy kt\u00f3ry umo\u017cliwia precyzyjne prowadzenie drug\u0105 r\u0119k\u0105. Inne zalety tej kosy spalinowej to silnik STIHL 2-MIX, kt\u00f3ry \u0142\u0105czy wysokie osi\u0105gi z ekonomicznym zu\u017cyciem paliwa.<\/p>\n<p>Je\u015bli planujesz pracowa\u0107 w ogrodzie przez d\u0142u\u017cszy czas, zalecamy korzystanie z prostego pasa no\u015bnego, kt\u00f3ry s\u0105 dost\u0119pny jako akcesorium. To znacznie zwi\u0119ksza komfort podczas d\u0142ugich okres\u00f3w u\u017cytkowania, a tak\u017ce chroni mi\u0119\u015bnie i stawy. Kosa seryjnie jest wyposa\u017cona  w g\u0142owic\u0119 \u017cy\u0142kow\u0105 AutoCutC 6-2. Model mo\u017cna r\u00f3wnie\u017c doposa\u017cy\u0107 w STIHL ErgoStart lub STIHL ElastoStart. Oba systemy u\u0142atwiaj\u0105 uruchomienie maszyny i zmniejszaj\u0105 ilo\u015b\u0107 wymaganej do tego si\u0142y.<\/p>\n","protected":false},"excerpt":{"rendered":"<p><strong>Dane techniczne<\/strong><br \/>\n<strong>Pojemno\u015b\u0107 skokowa<\/strong>\t27.2 cm\u00b3<br \/>\n<strong>Moc<\/strong>\t0.80 kW<br \/>\n<strong>Moc<\/strong>\t1.08 KM<br \/>\n<strong>CO2<\/strong>\t857 g\/kWh<br \/>\n<strong>Ci\u0119\u017car urz\u0105dzenia bez paliwa<\/strong>\t4.1 kg<br \/>\n<strong>\u015arednica kraw\u0119dzi tn\u0105cej<\/strong>\t380 mm<br \/>\n<strong>Pojemno\u015b\u0107 zbiornika<\/strong>\t0.330 l<br \/>\n<strong>Pojemno\u015b\u0107 zbiornika<\/strong>\t330 cm\u00b3<br \/>\n<strong>D\u0142ugo\u015b\u0107 urz\u0105dzenia bez narz\u0119dzia tn\u0105cego<\/strong>\t147 cm<\/p>\n","protected":false},"featured_media":31537,"template":"","meta":[],"product_brand":[70],"product_cat":[74,76],"product_tag":[],"class_list":{"0":"post-31536","1":"product","2":"type-product","3":"status-publish","4":"has-post-thumbnail","6":"product_brand-stihl","7":"product_cat-narzedzia","8":"product_cat-kosy","10":"first","11":"instock","12":"sale","13":"shipping-taxable","14":"purchasable","15":"product-type-simple"},"aioseo_notices":[],"_links":{"self":[{"href":"https:\/\/profika.com.pl\/index.php\/wp-json\/wp\/v2\/product\/31536","targetHints":{"allow":["GET"]}}],"collection":[{"href":"https:\/\/profika.com.pl\/index.php\/wp-json\/wp\/v2\/product"}],"about":[{"href":"https:\/\/profika.com.pl\/index.php\/wp-json\/wp\/v2\/types\/product"}],"version-history":[{"count":2,"href":"https:\/\/profika.com.pl\/index.php\/wp-json\/wp\/v2\/product\/31536\/revisions"}],"predecessor-version":[{"id":31644,"href":"https:\/\/profika.com.pl\/index.php\/wp-json\/wp\/v2\/product\/31536\/revisions\/31644"}],"wp:featuredmedia":[{"embeddable":true,"href":"https:\/\/profika.com.pl\/index.php\/wp-json\/wp\/v2\/media\/31537"}],"wp:attachment":[{"href":"https:\/\/profika.com.pl\/index.php\/wp-json\/wp\/v2\/media?parent=31536"}],"wp:term":[{"taxonomy":"product_brand","embeddable":true,"href":"https:\/\/profika.com.pl\/index.php\/wp-json\/wp\/v2\/product_brand?post=31536"},{"taxonomy":"product_cat","embeddable":true,"href":"https:\/\/profika.com.pl\/index.php\/wp-json\/wp\/v2\/product_cat?post=31536"},{"taxonomy":"product_tag","embeddable":true,"href":"https:\/\/profika.com.pl\/index.php\/wp-json\/wp\/v2\/product_tag?post=31536"}],"curies":[{"name":"wp","href":"https:\/\/api.w.org\/{rel}","templated":true}]}}