{"id":31543,"date":"2026-02-19T10:36:04","date_gmt":"2026-02-19T09:36:04","guid":{"rendered":"https:\/\/profika.com.pl\/?post_type=product&#038;p=31543"},"modified":"2026-02-19T14:51:43","modified_gmt":"2026-02-19T13:51:43","slug":"kosiarka-spalinowa-z-napedem-mastercut-fd46s-4-lc159","status":"publish","type":"product","link":"https:\/\/profika.com.pl\/index.php\/produkt\/kosiarka-spalinowa-z-napedem-mastercut-fd46s-4-lc159\/","title":{"rendered":"Kosiarka spalinowa z nap\u0119dem MASTERCUT FD46S\/4\/LC159"},"content":{"rendered":"<p>Samobie\u017cna kosiarka spalinowa z nap\u0119dem Mastercut FD46S\/4\/LC159<br \/>\nKosiarka trawnikowa wyposa\u017cona w spalinowy silnik marki Loncin o pojemno\u015bci 159cm3 . Mocna i trwa\u0142a konstrukcja zar\u00f3wno silnika jak i pozosta\u0142ych element\u00f3w kosiarki. Sprawdzone i nie skomplikowane rozwi\u0105zania techniczne przek\u0142adaj\u0105 si\u0119 na d\u0142ugi okres u\u017cytkowania.<\/p>\n<p>Kosiarka do trawy wyposa\u017cona jest w nap\u0119d francuskiej firmy General Transmision. S\u0105 to \u017cywotne i trwa\u0142e przek\u0142adnie nap\u0119du. Urz\u0105dzenie ze wzgl\u0119du na konstrukcje pozwala kosi\u0107 w 4 mo\u017cliwo\u015bciach tj. zbiera\u0107 do kosza, wyrzuca\u0107 \u015bci\u0119t\u0105 traw\u0119 na bok, mieli\u0107, a tak\u017ce wyrzuca\u0107 traw\u0119 do ty\u0142 bez za\u0142o\u017conego pojemnika zbieraj\u0105cego traw\u0119.<\/p>\n<p>Kosiarka osadzona na czterech du\u017cych ko\u0142ach z \u0142o\u017cyskami. Regulacja wysoko\u015bci koszenia odbywa si\u0119 za pomoc\u0105 jednej d\u017awigni, ca\u0142a kosiarka jest podnoszona lub upuszczana, aby dostosowa\u0107 wysoko\u015b\u0107 koszenia do specyfiki pracy.  P\u0142\u00f3tno kosza wykonane z trwa\u0142ego i grubego materia\u0142u o splocie zapewni\u0105cym \u0142atw\u0105 cyrkulacj\u0119 powietrza co w efekcie przek\u0142ada si\u0119 na jego skuteczne nape\u0142nianie.<\/p>\n<p>W obudowie kosiarki zainstalowano z\u0142\u0105czk\u0119 do podpi\u0119cia w\u0119\u017ca ogrodowego, to rozwi\u0105zanie pozwoli na zachowanie czysto\u015bci obudowy od spodu kosiarki, czyli tam gdzie najbardziej k\u0142opotliwie przeprowadzi\u0107 czyszczenie po ka\u017cdym koszeniu.<\/p>\n<p>Spalinowa kosiarka do trawy wyposa\u017cona jest w regulacj\u0119 obrot\u00f3w silnika, sterowanych za pomoc\u0105 manetki umieszczonej wygodnie na uchwycie kosiarki.  To rozwi\u0105zanie pozwoli doasowa\u0107 pr\u0119dko\u015b\u0107 obrotow\u0105 silnika do wyrsko\u015bci trawy.<\/p>\n","protected":false},"excerpt":{"rendered":"<p><strong>Specyfikacja kosiarki trawnikowej<\/strong><br \/>\n<strong>Szeroko\u015b\u0107 no\u017ca<\/strong> 46cm<br \/>\n<strong>Szeroko\u015b\u0107 ca\u0142kowita kosiarki<\/strong> 53cm<br \/>\n<strong>Ko\u0142a prz\u00f3d<\/strong> 20cm<br \/>\n<strong>Ko\u0142a ty\u0142<\/strong> 25cm<br \/>\n<strong>Centralna regulacja wysoko\u015bci koszenia<\/strong><br \/>\n<strong>Z\u0142\u0105czka do mycia<\/strong><br \/>\n<strong>Przek\u0142adnia nap\u0119du GT<\/strong><br \/>\n<strong>Funkcja zbierania do kosza<\/strong><br \/>\n<strong>Funkcja mielenia<\/strong><br \/>\n<strong>Funkcja wyrzuty tylnego<\/strong><br \/>\n<strong>Funkcja wyrzutu bocznego<\/strong><br \/>\n<strong>Sk\u0142adane r\u0105czki<\/strong><br \/>\n<strong>Sygnalizacja nape\u0142nienia kosza<\/strong><br \/>\n<strong>Kosz 60 L<\/strong> \u2013 p\u0142\u00f3tno\/tworzywo<br \/>\n<strong>Waga netto<\/strong> 32kg<\/p>\n","protected":false},"featured_media":31544,"template":"","meta":[],"product_brand":[132],"product_cat":[139],"product_tag":[],"class_list":{"0":"post-31543","1":"product","2":"type-product","3":"status-publish","4":"has-post-thumbnail","6":"product_brand-mastercut","7":"product_cat-kosiarki-spalinowe","9":"first","10":"instock","11":"sale","12":"shipping-taxable","13":"purchasable","14":"product-type-simple"},"aioseo_notices":[],"_links":{"self":[{"href":"https:\/\/profika.com.pl\/index.php\/wp-json\/wp\/v2\/product\/31543","targetHints":{"allow":["GET"]}}],"collection":[{"href":"https:\/\/profika.com.pl\/index.php\/wp-json\/wp\/v2\/product"}],"about":[{"href":"https:\/\/profika.com.pl\/index.php\/wp-json\/wp\/v2\/types\/product"}],"version-history":[{"count":2,"href":"https:\/\/profika.com.pl\/index.php\/wp-json\/wp\/v2\/product\/31543\/revisions"}],"predecessor-version":[{"id":31642,"href":"https:\/\/profika.com.pl\/index.php\/wp-json\/wp\/v2\/product\/31543\/revisions\/31642"}],"wp:featuredmedia":[{"embeddable":true,"href":"https:\/\/profika.com.pl\/index.php\/wp-json\/wp\/v2\/media\/31544"}],"wp:attachment":[{"href":"https:\/\/profika.com.pl\/index.php\/wp-json\/wp\/v2\/media?parent=31543"}],"wp:term":[{"taxonomy":"product_brand","embeddable":true,"href":"https:\/\/profika.com.pl\/index.php\/wp-json\/wp\/v2\/product_brand?post=31543"},{"taxonomy":"product_cat","embeddable":true,"href":"https:\/\/profika.com.pl\/index.php\/wp-json\/wp\/v2\/product_cat?post=31543"},{"taxonomy":"product_tag","embeddable":true,"href":"https:\/\/profika.com.pl\/index.php\/wp-json\/wp\/v2\/product_tag?post=31543"}],"curies":[{"name":"wp","href":"https:\/\/api.w.org\/{rel}","templated":true}]}}