{"id":31549,"date":"2026-02-19T10:46:37","date_gmt":"2026-02-19T09:46:37","guid":{"rendered":"https:\/\/profika.com.pl\/?post_type=product&#038;p=31549"},"modified":"2026-02-19T14:50:07","modified_gmt":"2026-02-19T13:50:07","slug":"glebogryzarka-spalinowa-mastercut-hsdt1050","status":"publish","type":"product","link":"https:\/\/profika.com.pl\/index.php\/produkt\/glebogryzarka-spalinowa-mastercut-hsdt1050\/","title":{"rendered":"Glebogryzarka spalinowa Mastercut HSDT1050"},"content":{"rendered":"<p>Kultywator spalinowy Mastercut HSDT1050 z zespolonym nap\u0119dem no\u017cy i k\u00f3\u0142. W trakcie pracy ko\u0142a nap\u0119dowe obracaj\u0105 si\u0119 w przeciwnym kierunku co no\u017ce. Zastosowanie takiego systemu zwi\u0119ksza dok\u0142adno\u015b\u0107 wykonanej pracy ograniczaj\u0105c nieskoordynowane ruchy glebogryzarki na boki.<\/p>\n<p>Jednostka nap\u0119dowa to spalinowy silnik g\u00f3rnozaworowy marki Mastercut, swoj\u0105 wysok\u0105jako\u015b\u0107 i \u017cywotno\u015b\u0107 potwierdzi\u0142 w niejednej mszynie ogrodowej, sadowniczej, czy budowlanej. Urz\u0105dzenie przeznaczone do prac w r\u00f3\u017cnorodnych uprawch polowych oraz zadwoniczych.<\/p>\n","protected":false},"excerpt":{"rendered":"<p><strong>Glebogryzarka spalinowa Mastercut specyfikacja:<\/strong><\/p>\n<p><strong>Silnik Mastercut OHV z filtrem mokrym<\/strong><br \/>\n<strong>Pojemno\u015b\u0107 silnika<\/strong> 212cm3<br \/>\n<strong>Moc maksymalna silnika<\/strong> 7KM<br \/>\n<strong>Szeroko\u015b\u0107 pracy<\/strong> 50cm<br \/>\n<strong>Maksymalna g\u0142\u0119boko\u015b\u0107 pracy<\/strong> 32cm<br \/>\n<strong>Nap\u0119d na no\u017ce 1 bieg do przodu + 1 bieg wsteczny<\/strong><br \/>\n<strong>Przeniesienie nap\u0119du na no\u017ce za pask\u00f3w klinowych<\/strong><br \/>\n<strong>Regulacja obrot\u00f3w silnika za pomoc\u0105 manetki przy r\u0105czkach<\/strong><br \/>\n<strong>Uchwyt regulowany w pionie<\/strong><br \/>\n<strong>W zestawie komplet no\u017cy oraz ko\u0142a gumowe<\/strong> 3.50-6<br \/>\n<strong>Waga<\/strong> 71kg <\/p>\n","protected":false},"featured_media":31550,"template":"","meta":[],"product_brand":[132],"product_cat":[74,82],"product_tag":[],"class_list":{"0":"post-31549","1":"product","2":"type-product","3":"status-publish","4":"has-post-thumbnail","6":"product_brand-mastercut","7":"product_cat-narzedzia","8":"product_cat-glebogryzarki","10":"first","11":"instock","12":"sale","13":"shipping-taxable","14":"purchasable","15":"product-type-simple"},"aioseo_notices":[],"_links":{"self":[{"href":"https:\/\/profika.com.pl\/index.php\/wp-json\/wp\/v2\/product\/31549","targetHints":{"allow":["GET"]}}],"collection":[{"href":"https:\/\/profika.com.pl\/index.php\/wp-json\/wp\/v2\/product"}],"about":[{"href":"https:\/\/profika.com.pl\/index.php\/wp-json\/wp\/v2\/types\/product"}],"version-history":[{"count":2,"href":"https:\/\/profika.com.pl\/index.php\/wp-json\/wp\/v2\/product\/31549\/revisions"}],"predecessor-version":[{"id":31553,"href":"https:\/\/profika.com.pl\/index.php\/wp-json\/wp\/v2\/product\/31549\/revisions\/31553"}],"wp:featuredmedia":[{"embeddable":true,"href":"https:\/\/profika.com.pl\/index.php\/wp-json\/wp\/v2\/media\/31550"}],"wp:attachment":[{"href":"https:\/\/profika.com.pl\/index.php\/wp-json\/wp\/v2\/media?parent=31549"}],"wp:term":[{"taxonomy":"product_brand","embeddable":true,"href":"https:\/\/profika.com.pl\/index.php\/wp-json\/wp\/v2\/product_brand?post=31549"},{"taxonomy":"product_cat","embeddable":true,"href":"https:\/\/profika.com.pl\/index.php\/wp-json\/wp\/v2\/product_cat?post=31549"},{"taxonomy":"product_tag","embeddable":true,"href":"https:\/\/profika.com.pl\/index.php\/wp-json\/wp\/v2\/product_tag?post=31549"}],"curies":[{"name":"wp","href":"https:\/\/api.w.org\/{rel}","templated":true}]}}