{"id":31566,"date":"2026-02-19T11:24:54","date_gmt":"2026-02-19T10:24:54","guid":{"rendered":"https:\/\/profika.com.pl\/?post_type=product&#038;p=31566"},"modified":"2026-02-19T14:44:59","modified_gmt":"2026-02-19T13:44:59","slug":"luparka-hydrauliczna-pozioma-mastercut-6t-22kw-230v","status":"publish","type":"product","link":"https:\/\/profika.com.pl\/index.php\/produkt\/luparka-hydrauliczna-pozioma-mastercut-6t-22kw-230v\/","title":{"rendered":"\u0141uparka hydrauliczna pozioma Mastercut 6T 2,2KW 230V"},"content":{"rendered":"<p>\u0141uparka hydrauliczna do drewna Mastercut JT6T<br \/>\nHydrauliczna \u0142uparka do drewna zasilana silnikiem elektrycznym. \u0141uparka hydrauliczna przeznaczona do przygotowania drewna opa\u0142owego. Mocna stalowa konstrukcja \u0142uparki elektrycznej oraz du\u017cy, 6 \u2013 tonowy nacisk pozwala roz\u0142upywa\u0107 polana o \u015brednicy do 30cm oraz d\u0142ugo\u015bci maksymalnej 52cm. <\/p>\n<p>Kompaktowa \u0142uparka hudrauliczna, niewielkie rozmiary i \u0142atwo\u015b\u0107 przechowywania. Urz\u0105dzenie spe\u0142niaj\u0105ce najnowsze normy bezpieczestwa wyposa\u017cone w metalow\u0105 os\u0142on\u0119 obszaru roboczego.  Stalowy klin o podwy\u017cszonej wytrzyma\u0142o\u015bci na \u015bcieranie, roz\u0142upuje drewno na dwie cz\u0119\u015bci. Podawanie drewna do \u0142upania nie wymaga podnoszenia go na du\u017c\u0105 wysoko\u015b\u0107.Dzi\u0119ki niskiemu podestowi, ustawienie polana do \u0142upania nie stanowi wi\u0119kszego problemu. \u0141uparka hydrauliczna oszcz\u0119dza czas i przyspiesza prace zwi\u0105zane z przygotowanie drewna na opa\u0142.   <\/p>\n","protected":false},"excerpt":{"rendered":"<p><strong>Specyfikacja:<\/strong><\/p>\n<p><strong>Nap\u0119d silnik elektryczny<\/strong> 2200W<br \/>\n<strong>Zasilanie<\/strong> 230V 50Hz<br \/>\n<strong>Pompa hydrauliczna 6T<\/strong><br \/>\n<strong>Poziomy uk\u0142ad podawania polana do \u0142uparki<\/strong><br \/>\n<strong>Maksymalna \u015brednica drewna<\/strong> 30cm<br \/>\n<strong>Maksymalna wysoko\u015b\u0107 drewna<\/strong> 52cm<br \/>\n<strong>Pojemno\u015b\u0107 oleju hydraulicznego:<\/strong> 2,9 litra<br \/>\n<strong>Pe\u0142ne ko\u0142a transportowe \u0142uparki<\/strong><br \/>\n<strong>Waga netto<\/strong> 57kg<\/p>\n","protected":false},"featured_media":31567,"template":"","meta":[],"product_brand":[132],"product_cat":[134,133],"product_tag":[],"class_list":{"0":"post-31566","1":"product","2":"type-product","3":"status-publish","4":"has-post-thumbnail","6":"product_brand-mastercut","7":"product_cat-maszyny","8":"product_cat-rozdrabniacze-i-rebaki","10":"first","11":"instock","12":"sale","13":"shipping-taxable","14":"purchasable","15":"product-type-simple"},"aioseo_notices":[],"_links":{"self":[{"href":"https:\/\/profika.com.pl\/index.php\/wp-json\/wp\/v2\/product\/31566","targetHints":{"allow":["GET"]}}],"collection":[{"href":"https:\/\/profika.com.pl\/index.php\/wp-json\/wp\/v2\/product"}],"about":[{"href":"https:\/\/profika.com.pl\/index.php\/wp-json\/wp\/v2\/types\/product"}],"version-history":[{"count":2,"href":"https:\/\/profika.com.pl\/index.php\/wp-json\/wp\/v2\/product\/31566\/revisions"}],"predecessor-version":[{"id":31572,"href":"https:\/\/profika.com.pl\/index.php\/wp-json\/wp\/v2\/product\/31566\/revisions\/31572"}],"wp:featuredmedia":[{"embeddable":true,"href":"https:\/\/profika.com.pl\/index.php\/wp-json\/wp\/v2\/media\/31567"}],"wp:attachment":[{"href":"https:\/\/profika.com.pl\/index.php\/wp-json\/wp\/v2\/media?parent=31566"}],"wp:term":[{"taxonomy":"product_brand","embeddable":true,"href":"https:\/\/profika.com.pl\/index.php\/wp-json\/wp\/v2\/product_brand?post=31566"},{"taxonomy":"product_cat","embeddable":true,"href":"https:\/\/profika.com.pl\/index.php\/wp-json\/wp\/v2\/product_cat?post=31566"},{"taxonomy":"product_tag","embeddable":true,"href":"https:\/\/profika.com.pl\/index.php\/wp-json\/wp\/v2\/product_tag?post=31566"}],"curies":[{"name":"wp","href":"https:\/\/api.w.org\/{rel}","templated":true}]}}