{"id":31573,"date":"2026-02-19T11:36:42","date_gmt":"2026-02-19T10:36:42","guid":{"rendered":"https:\/\/profika.com.pl\/?post_type=product&#038;p=31573"},"modified":"2026-02-19T14:42:08","modified_gmt":"2026-02-19T13:42:08","slug":"kosiarka-spalinowa-z-napedem-mastercut-loncin-sh51s-4-lcv200","status":"publish","type":"product","link":"https:\/\/profika.com.pl\/index.php\/produkt\/kosiarka-spalinowa-z-napedem-mastercut-loncin-sh51s-4-lcv200\/","title":{"rendered":"Kosiarka spalinowa z nap\u0119dem Mastercut Loncin SH51S\/4\/LCV200"},"content":{"rendered":"<p>Kosiarka spalinowa SH51S\/4\/LCV200 to wytrwa\u0142e narz\u0119dzie do piel\u0119gnacji ka\u017cdego ogrodu. Jednostka nap\u0119dowa to sprawdzona konstrukcja marki Loncin o du\u017cej mocy i wydajno\u015bci.<\/p>\n<p>Dodatkowym atutem jest centralna regulacja wysoko\u015bci koszenia, kt\u00f3ra u\u0142atwia na sprawne i optymalne dobranie wysoko\u015bci koszenia do aktualnych potrzeb koszenia. Du\u017ce podw\u00f3jnie \u0142o\u017cyskowane ko\u0142a, z przodu ich \u015brednica wynosi 18cm, a z ty\u0142 to 27,5 cm. Osadzenie podwozia na du\u017cych ko\u0142ach daje p\u0142ynn\u0105 jazd\u0119 nawet przy nier\u00f3wno\u015bciach pojawiaj\u0105cych si\u0119 na trawniku. Kosiarka do trawnik\u00f3w Mastercut daje kilka mo\u017cliwo\u015bci dystrybucji \u015bci\u0119tej trawy. \u015aci\u0119ta trawa mo\u017ce by\u0107 zbierana do kosza, wyrzucana na bok, wyrzucana w ty\u0142 oraz mielona, na co pozwalaj\u0105 specjalne przystawki b\u0119d\u0105ce na wyposa\u017ceniu standardowym. Obudowa kosiarki wyposa\u017cona jest r\u00f3wnie\u017c w z\u0142\u0105czk\u0119 do mycia podwozia, po zako\u0144czonej pracy, wystarczy podpi\u0105\u0107 w\u0119\u017ca z bie\u017c\u0105c\u0105 wod\u0105, a rozbryzguj\u0105ca woda w szybki spos\u00f3b poradzi sobie z pozosta\u0142o\u015bciami po trawie w podwoziu. Poza solidnym silnikiem maszyna wyposa\u017cona zosta\u0142a w francusk\u0105 profesjonalna przek\u0142adnia nap\u0119du marki General Transmissions zapewnia d\u0142ugotrwa\u0142e dzia\u0142anie nap\u0119du na bardzo wysokim poziomie przez d\u0142ugi czas. Nap\u0119d w dowolnym momencie mo\u017cna od\u0142\u0105czy\u0107 i tym samym zapewni\u0107 sobie du\u017c\u0105 sprawno\u015b\u0107 manewrowania przy g\u0119\u015bciejszych nasadzeniach. <\/p>\n","protected":false},"excerpt":{"rendered":"<p><strong>Specyfikacja :<\/strong><br \/>\n<strong>Szeroko\u015b\u0107 koszenia<\/strong> 51cm<br \/>\n<strong>Szeroko\u015b\u0107 ca\u0142kowita kosiarki<\/strong> 54cm<br \/>\n<strong>Ko\u0142a prz\u00f3d<\/strong> 18cm<br \/>\n<strong>Ko\u0142a ty\u0142<\/strong> 27,5cm<br \/>\n<strong>Centralna regulacja wysoko\u015bci koszenia<\/strong><br \/>\n<strong>Z\u0142\u0105czka do mycia<\/strong><br \/>\n<strong>Przek\u0142adnia nap\u0119du GT<\/strong><br \/>\n<strong>Funkcja zbierania do kosza<\/strong><br \/>\n<strong>Funkcja mielenia<\/strong><br \/>\n<strong>Funkcja wyrzuty tylnego<\/strong><br \/>\n<strong>Funkcja wyrzutu bocznego<\/strong><br \/>\n<strong>Sk\u0142adane r\u0105czki<\/strong><br \/>\n<strong>Sygnalizacja nape\u0142nienia kosza<\/strong><br \/>\n<strong>Kosz 62 L<\/strong> \u2013 p\u0142\u00f3tno\/tworzywo<br \/>\n<strong>Waga netto<\/strong> 33kg<\/p>\n","protected":false},"featured_media":31574,"template":"","meta":[],"product_brand":[132],"product_cat":[139,74],"product_tag":[],"class_list":{"0":"post-31573","1":"product","2":"type-product","3":"status-publish","4":"has-post-thumbnail","6":"product_brand-mastercut","7":"product_cat-kosiarki-spalinowe","8":"product_cat-narzedzia","10":"first","11":"instock","12":"sale","13":"shipping-taxable","14":"purchasable","15":"product-type-simple"},"aioseo_notices":[],"_links":{"self":[{"href":"https:\/\/profika.com.pl\/index.php\/wp-json\/wp\/v2\/product\/31573","targetHints":{"allow":["GET"]}}],"collection":[{"href":"https:\/\/profika.com.pl\/index.php\/wp-json\/wp\/v2\/product"}],"about":[{"href":"https:\/\/profika.com.pl\/index.php\/wp-json\/wp\/v2\/types\/product"}],"version-history":[{"count":4,"href":"https:\/\/profika.com.pl\/index.php\/wp-json\/wp\/v2\/product\/31573\/revisions"}],"predecessor-version":[{"id":31639,"href":"https:\/\/profika.com.pl\/index.php\/wp-json\/wp\/v2\/product\/31573\/revisions\/31639"}],"wp:featuredmedia":[{"embeddable":true,"href":"https:\/\/profika.com.pl\/index.php\/wp-json\/wp\/v2\/media\/31574"}],"wp:attachment":[{"href":"https:\/\/profika.com.pl\/index.php\/wp-json\/wp\/v2\/media?parent=31573"}],"wp:term":[{"taxonomy":"product_brand","embeddable":true,"href":"https:\/\/profika.com.pl\/index.php\/wp-json\/wp\/v2\/product_brand?post=31573"},{"taxonomy":"product_cat","embeddable":true,"href":"https:\/\/profika.com.pl\/index.php\/wp-json\/wp\/v2\/product_cat?post=31573"},{"taxonomy":"product_tag","embeddable":true,"href":"https:\/\/profika.com.pl\/index.php\/wp-json\/wp\/v2\/product_tag?post=31573"}],"curies":[{"name":"wp","href":"https:\/\/api.w.org\/{rel}","templated":true}]}}