{"id":31581,"date":"2026-02-19T11:48:44","date_gmt":"2026-02-19T10:48:44","guid":{"rendered":"https:\/\/profika.com.pl\/?post_type=product&#038;p=31581"},"modified":"2026-02-19T14:37:51","modified_gmt":"2026-02-19T13:37:51","slug":"dmuchawa-akumulatorowa-mastercut-20-ah-40v","status":"publish","type":"product","link":"https:\/\/profika.com.pl\/index.php\/produkt\/dmuchawa-akumulatorowa-mastercut-20-ah-40v\/","title":{"rendered":"Dmuchawa akumulatorowa Mastercut 2,0 Ah 40V"},"content":{"rendered":"<p>Lekka i praktyczna dmuchawa akumulatorowa. Posiada mocny, wydajny akuumulator o mocy 40V. Odpowiednio wywa\u017cone urz\u0105dzenie, wyposa\u017cone w ergonomiczne uchwyty zapewniaj\u0105 pewny uchwyt i wygod\u0119 pracy.<\/p>\n<p>Silnik 250W<br \/>\nszybka \u0142adowarka i bateria w zestawie<br \/>\nakumulator 40V<\/p>\n","protected":false},"excerpt":{"rendered":"<p><strong>Specyfikacja:<\/strong><\/p>\n<p><strong>Napi\u0119cie nominalne<\/strong> 40 V, 2Ah<br \/>\n<strong>silnik<\/strong> 250W<br \/>\n<strong>Typ baterii EB20<\/strong> 2,0Ah<br \/>\n<strong>Ilo\u015b\u0107 powietrza<\/strong> 7 m3\/min<br \/>\n<strong>Pr\u0119dko\u015b\u0107 powietrza<\/strong> 39 m\/s<br \/>\n<strong>Waga bez baterii<\/strong> 1,9 kg<br \/>\n<strong>Waga baterii EB20<\/strong> 0,75 kg<br \/>\n<strong>Poziom mocy akustycznej LwA<\/strong> 93,8 dB(A)<br \/>\n<strong>czas \u0142adowania<\/strong> 60min<br \/>\n<strong>czas pracy<\/strong> 15min<\/p>\n","protected":false},"featured_media":31582,"template":"","meta":[],"product_brand":[132],"product_cat":[74,79],"product_tag":[],"class_list":{"0":"post-31581","1":"product","2":"type-product","3":"status-publish","4":"has-post-thumbnail","6":"product_brand-mastercut","7":"product_cat-narzedzia","8":"product_cat-dmuchawy","10":"first","11":"instock","12":"sale","13":"shipping-taxable","14":"purchasable","15":"product-type-simple"},"aioseo_notices":[],"_links":{"self":[{"href":"https:\/\/profika.com.pl\/index.php\/wp-json\/wp\/v2\/product\/31581","targetHints":{"allow":["GET"]}}],"collection":[{"href":"https:\/\/profika.com.pl\/index.php\/wp-json\/wp\/v2\/product"}],"about":[{"href":"https:\/\/profika.com.pl\/index.php\/wp-json\/wp\/v2\/types\/product"}],"version-history":[{"count":3,"href":"https:\/\/profika.com.pl\/index.php\/wp-json\/wp\/v2\/product\/31581\/revisions"}],"predecessor-version":[{"id":31638,"href":"https:\/\/profika.com.pl\/index.php\/wp-json\/wp\/v2\/product\/31581\/revisions\/31638"}],"wp:featuredmedia":[{"embeddable":true,"href":"https:\/\/profika.com.pl\/index.php\/wp-json\/wp\/v2\/media\/31582"}],"wp:attachment":[{"href":"https:\/\/profika.com.pl\/index.php\/wp-json\/wp\/v2\/media?parent=31581"}],"wp:term":[{"taxonomy":"product_brand","embeddable":true,"href":"https:\/\/profika.com.pl\/index.php\/wp-json\/wp\/v2\/product_brand?post=31581"},{"taxonomy":"product_cat","embeddable":true,"href":"https:\/\/profika.com.pl\/index.php\/wp-json\/wp\/v2\/product_cat?post=31581"},{"taxonomy":"product_tag","embeddable":true,"href":"https:\/\/profika.com.pl\/index.php\/wp-json\/wp\/v2\/product_tag?post=31581"}],"curies":[{"name":"wp","href":"https:\/\/api.w.org\/{rel}","templated":true}]}}