{"id":31594,"date":"2026-02-19T12:07:43","date_gmt":"2026-02-19T11:07:43","guid":{"rendered":"https:\/\/profika.com.pl\/?post_type=product&#038;p=31594"},"modified":"2026-02-19T14:33:41","modified_gmt":"2026-02-19T13:33:41","slug":"podkaszarka-do-trawy-mastercut-21v-15-ah-ru-gt01","status":"publish","type":"product","link":"https:\/\/profika.com.pl\/index.php\/produkt\/podkaszarka-do-trawy-mastercut-21v-15-ah-ru-gt01\/","title":{"rendered":"Podkaszarka do trawy Mastercut 21V 1,5 Ah RU-GT01"},"content":{"rendered":"<p>Podkaszarka do trawy RU-GT01 to nowoczesne narz\u0119dzie ogrodowe, kt\u00f3re \u0142\u0105czy w sobie wydajno\u015b\u0107 oraz wygod\u0119 u\u017cytkowania. Zasilana akumulatorem o napi\u0119ciu 21V i pojemno\u015bci 1,5Ah, zapewnia wystarczaj\u0105c\u0105 moc do skutecznego przycinania trawnika i trudno dost\u0119pnych miejsc.<\/p>\n<p>Cechy produktu:<\/p>\n<p>Wydajno\u015b\u0107: Silnik o du\u017cej mocy umo\u017cliwia szybkie i efektywne koszenie trawy.<br \/>\nAkumulator: Zasilanie akumulatorowe eliminuje konieczno\u015b\u0107 korzystania z kabli, co zwi\u0119ksza mobilno\u015b\u0107.<br \/>\nErgonomia: Lekka konstrukcja oraz wygodny uchwyt zapewniaj\u0105 komfort podczas pracy.<br \/>\nWszechstronno\u015b\u0107: Idealna do przycinania trawnika, a tak\u017ce do piel\u0119gnacji kraw\u0119dzi i trudno dost\u0119pnych miejsc.<\/p>\n","protected":false},"excerpt":{"rendered":"<p><strong>Specyfikacja: <\/strong><\/p>\n<p><strong>Napi\u0119cie akumulatora<\/strong> 21 V<br \/>\n<strong>Pojemno\u015b\u0107 akumulatora<\/strong> 1,5Ah<br \/>\n<strong>Typ akumulatora Li-ion<\/strong> 5S1P 5C<br \/>\n<strong>Nat\u0119\u017cenie ja\u0142owe<\/strong> 1,5A<br \/>\n<strong>Pr\u0119dko\u015b\u0107 bez obci\u0105\u017cenia<\/strong>12000 obr.\/min<br \/>\n<strong>Szeroko\u015b\u0107 pracy maks<\/strong> 20cm<br \/>\n<strong>Maksymalna moc silnika<\/strong> 300 W<br \/>\n<strong>Typ silnika Bezszczotkowy<\/strong><br \/>\n<strong>Czas \u0142adowania<\/strong> 2-3 godziny<br \/>\n<strong>Czas roz\u0142adowania bez obci\u0105\u017cenia<\/strong> 40min<br \/>\n<strong>regulacja d\u0142ugo\u015bci na teleskopie:<\/strong> 88-120 cm<br \/>\n<strong>Waga netto<\/strong> 1,7kg<br \/>\n<strong>w komplecie 2 rodzaje no\u017cyk\u00f3w, \u0142adowarka i bateria<\/strong><\/p>\n","protected":false},"featured_media":31595,"template":"","meta":[],"product_brand":[132],"product_cat":[74,75],"product_tag":[],"class_list":{"0":"post-31594","1":"product","2":"type-product","3":"status-publish","4":"has-post-thumbnail","6":"product_brand-mastercut","7":"product_cat-narzedzia","8":"product_cat-podkaszarki","10":"first","11":"instock","12":"sale","13":"shipping-taxable","14":"purchasable","15":"product-type-simple"},"aioseo_notices":[],"_links":{"self":[{"href":"https:\/\/profika.com.pl\/index.php\/wp-json\/wp\/v2\/product\/31594","targetHints":{"allow":["GET"]}}],"collection":[{"href":"https:\/\/profika.com.pl\/index.php\/wp-json\/wp\/v2\/product"}],"about":[{"href":"https:\/\/profika.com.pl\/index.php\/wp-json\/wp\/v2\/types\/product"}],"version-history":[{"count":2,"href":"https:\/\/profika.com.pl\/index.php\/wp-json\/wp\/v2\/product\/31594\/revisions"}],"predecessor-version":[{"id":31601,"href":"https:\/\/profika.com.pl\/index.php\/wp-json\/wp\/v2\/product\/31594\/revisions\/31601"}],"wp:featuredmedia":[{"embeddable":true,"href":"https:\/\/profika.com.pl\/index.php\/wp-json\/wp\/v2\/media\/31595"}],"wp:attachment":[{"href":"https:\/\/profika.com.pl\/index.php\/wp-json\/wp\/v2\/media?parent=31594"}],"wp:term":[{"taxonomy":"product_brand","embeddable":true,"href":"https:\/\/profika.com.pl\/index.php\/wp-json\/wp\/v2\/product_brand?post=31594"},{"taxonomy":"product_cat","embeddable":true,"href":"https:\/\/profika.com.pl\/index.php\/wp-json\/wp\/v2\/product_cat?post=31594"},{"taxonomy":"product_tag","embeddable":true,"href":"https:\/\/profika.com.pl\/index.php\/wp-json\/wp\/v2\/product_tag?post=31594"}],"curies":[{"name":"wp","href":"https:\/\/api.w.org\/{rel}","templated":true}]}}