{"id":31609,"date":"2026-02-19T12:28:33","date_gmt":"2026-02-19T11:28:33","guid":{"rendered":"https:\/\/profika.com.pl\/?post_type=product&#038;p=31609"},"modified":"2026-02-19T14:29:32","modified_gmt":"2026-02-19T13:29:32","slug":"sekator-do-galezi-mastercut-21v-15-ah-ru-sc01","status":"publish","type":"product","link":"https:\/\/profika.com.pl\/index.php\/produkt\/sekator-do-galezi-mastercut-21v-15-ah-ru-sc01\/","title":{"rendered":"Sekator do ga\u0142\u0119zi Mastercut 21V 1,5 Ah RU-SC01"},"content":{"rendered":"<p>Sekator akumulatorowy RU-SC01 to nowoczesne narz\u0119dzie ogrodnicze, kt\u00f3re oferuje wygod\u0119 i efektywno\u015b\u0107 w piel\u0119gnacji ro\u015blin. Zaprojektowany z my\u015bl\u0105 o \u0142atwym u\u017cytkowaniu, idealnie sprawdza si\u0119 w przycinaniu ga\u0142\u0119zi oraz krzew\u00f3w.<\/p>\n<p>Kluczowe cechy produktu:<\/p>\n<p>Akumulatorowa konstrukcja: Umo\u017cliwia swobodne poruszanie si\u0119 bez potrzeby pod\u0142\u0105czenia do \u017ar\u00f3d\u0142a zasilania.<br \/>\nWydajno\u015b\u0107: Dzi\u0119ki mocnemu silnikowi, sekator radzi sobie z twardymi ga\u0142\u0119ziami, co zwi\u0119ksza jego wszechstronno\u015b\u0107.<br \/>\nErgonomiczny design: Lekka konstrukcja oraz wygodne uchwyty zapewniaj\u0105 komfort podczas d\u0142u\u017cszego u\u017cytkowania.<\/p>\n","protected":false},"excerpt":{"rendered":"<p><strong>Specyfikacja:<\/strong><\/p>\n<p><strong>Napi\u0119cie i pojemno\u015b\u0107<\/strong> &#8211; 21V\/1,5Ah<br \/>\n<strong>Napi\u0119cie \u0142adowania<\/strong> &#8211; AC110-220V<br \/>\n<strong>Czas pracy bez obci\u0105\u017cenie<\/strong> 60min<br \/>\n<strong>Czas \u0142adowania <\/strong>&#8211; 2h-3h<br \/>\n<strong>Silnik bezszczotkowy<\/strong><br \/>\n<strong>Akumulator<\/strong> 5S1P 5C<br \/>\n<strong>Moment obrotowy maksymalny<\/strong> 35Nm, minimalny 16Nm<br \/>\n<strong>Moc znamionowa<\/strong> -100W<br \/>\n<strong>Maksymalna moc<\/strong> -300W<br \/>\n<strong>Waga narz\u0119dzia netto<\/strong> &#8211; 0,98 kg<br \/>\n<strong>Waga z akumulatorem:<\/strong> 1,3 kg<br \/>\n<strong>\u015arednica ci\u0119cia mi\u0119kkich ga\u0142\u0119zi do<\/strong> &#8211; 30 mm<br \/>\n<strong>Temperatura pracy<\/strong> 0C &#8211; 25\u00b0C<\/p>\n","protected":false},"featured_media":31610,"template":"","meta":[],"product_brand":[132],"product_cat":[74,77],"product_tag":[],"class_list":{"0":"post-31609","1":"product","2":"type-product","3":"status-publish","4":"has-post-thumbnail","6":"product_brand-mastercut","7":"product_cat-narzedzia","8":"product_cat-nozyce","10":"first","11":"instock","12":"sale","13":"shipping-taxable","14":"purchasable","15":"product-type-simple"},"aioseo_notices":[],"_links":{"self":[{"href":"https:\/\/profika.com.pl\/index.php\/wp-json\/wp\/v2\/product\/31609","targetHints":{"allow":["GET"]}}],"collection":[{"href":"https:\/\/profika.com.pl\/index.php\/wp-json\/wp\/v2\/product"}],"about":[{"href":"https:\/\/profika.com.pl\/index.php\/wp-json\/wp\/v2\/types\/product"}],"version-history":[{"count":2,"href":"https:\/\/profika.com.pl\/index.php\/wp-json\/wp\/v2\/product\/31609\/revisions"}],"predecessor-version":[{"id":31636,"href":"https:\/\/profika.com.pl\/index.php\/wp-json\/wp\/v2\/product\/31609\/revisions\/31636"}],"wp:featuredmedia":[{"embeddable":true,"href":"https:\/\/profika.com.pl\/index.php\/wp-json\/wp\/v2\/media\/31610"}],"wp:attachment":[{"href":"https:\/\/profika.com.pl\/index.php\/wp-json\/wp\/v2\/media?parent=31609"}],"wp:term":[{"taxonomy":"product_brand","embeddable":true,"href":"https:\/\/profika.com.pl\/index.php\/wp-json\/wp\/v2\/product_brand?post=31609"},{"taxonomy":"product_cat","embeddable":true,"href":"https:\/\/profika.com.pl\/index.php\/wp-json\/wp\/v2\/product_cat?post=31609"},{"taxonomy":"product_tag","embeddable":true,"href":"https:\/\/profika.com.pl\/index.php\/wp-json\/wp\/v2\/product_tag?post=31609"}],"curies":[{"name":"wp","href":"https:\/\/api.w.org\/{rel}","templated":true}]}}