{"id":31614,"date":"2026-02-19T12:36:18","date_gmt":"2026-02-19T11:36:18","guid":{"rendered":"https:\/\/profika.com.pl\/?post_type=product&#038;p=31614"},"modified":"2026-02-19T14:24:10","modified_gmt":"2026-02-19T13:24:10","slug":"nozyce-do-trawy-i-zywoplotu-mastercut-21v-15-ah-ru-mht01","status":"publish","type":"product","link":"https:\/\/profika.com.pl\/index.php\/produkt\/nozyce-do-trawy-i-zywoplotu-mastercut-21v-15-ah-ru-mht01\/","title":{"rendered":"No\u017cyce do trawy i \u017cywop\u0142otu Mastercut 21V 1,5 Ah RU-MHT01"},"content":{"rendered":"<p>No\u017cyce do trawy i \u017cywop\u0142otu RU-MHT01 to innowacyjne narz\u0119dzie, kt\u00f3re \u0142\u0105czy funkcje przycinania \u017cywop\u0142ot\u00f3w oraz trawnika w jednym urz\u0105dzeniu. Dzi\u0119ki akumulatorowi o napi\u0119ciu 21 V i pojemno\u015bci 1,5 Ah, urz\u0105dzenie zapewnia wystarczaj\u0105c\u0105 moc do efektywnego ci\u0119cia.<\/p>\n<p>Kluczowe cechy:<\/p>\n<p>Typ 2w1: Umo\u017cliwia przycinanie zar\u00f3wno \u017cywop\u0142ot\u00f3w, jak i trawy, co czyni je wszechstronnym narz\u0119dziem dla ogrodnik\u00f3w.<br \/>\nMoc: Posiada silnik o mocy 550 W, kt\u00f3ry zapewnia szybkie i skuteczne ci\u0119cie.<br \/>\nWaga: Zaledwie 1,8 kg, co u\u0142atwia obs\u0142ug\u0119 i zmniejsza zm\u0119czenie podczas d\u0142ugiego u\u017cytkowania<\/p>\n<p>No\u017cyce RU-MHT01 stanowi\u0105 doskona\u0142e rozwi\u0105zanie dla os\u00f3b poszukuj\u0105cych efektywnego i wygodnego narz\u0119dzia do piel\u0119gnacji ogrodu.<\/p>\n","protected":false},"excerpt":{"rendered":"<p><strong>Dane techniczne:<\/strong><\/p>\n<p><strong>Napi\u0119cie:<\/strong> 21 V<br \/>\n<strong>Pojemno\u015b\u0107 akumulatora<\/strong> 1,5Ah<br \/>\n<strong>Pr\u0105d ja\u0142owy:<\/strong> 1,5A<br \/>\n<strong>Silnik:<\/strong> szczotkowy 550W<br \/>\n<strong>Pr\u0119dko\u015b\u0107 bez obci\u0105\u017cenia:<\/strong> 1350 obr.\/min<br \/>\n<strong>D\u0142ugo\u015b\u0107 ostrza:<\/strong> 220mm<br \/>\n<strong>Rozmiar ci\u0119cia:<\/strong> 6 mm<br \/>\n<strong>Czas \u0142adowania:<\/strong> 2-3 godziny<br \/>\n<strong>Bateria:<\/strong> 5S1P 5C 1500mA<br \/>\n<strong>Czas roz\u0142adowania bez obci\u0105\u017cenia:<\/strong> 30 minut<br \/>\n<strong>Waga netto:<\/strong> 1,8kg<\/p>\n","protected":false},"featured_media":31615,"template":"","meta":[],"product_brand":[132],"product_cat":[74,77],"product_tag":[],"class_list":{"0":"post-31614","1":"product","2":"type-product","3":"status-publish","4":"has-post-thumbnail","6":"product_brand-mastercut","7":"product_cat-narzedzia","8":"product_cat-nozyce","10":"first","11":"instock","12":"sale","13":"shipping-taxable","14":"purchasable","15":"product-type-simple"},"aioseo_notices":[],"_links":{"self":[{"href":"https:\/\/profika.com.pl\/index.php\/wp-json\/wp\/v2\/product\/31614","targetHints":{"allow":["GET"]}}],"collection":[{"href":"https:\/\/profika.com.pl\/index.php\/wp-json\/wp\/v2\/product"}],"about":[{"href":"https:\/\/profika.com.pl\/index.php\/wp-json\/wp\/v2\/types\/product"}],"version-history":[{"count":1,"href":"https:\/\/profika.com.pl\/index.php\/wp-json\/wp\/v2\/product\/31614\/revisions"}],"predecessor-version":[{"id":31620,"href":"https:\/\/profika.com.pl\/index.php\/wp-json\/wp\/v2\/product\/31614\/revisions\/31620"}],"wp:featuredmedia":[{"embeddable":true,"href":"https:\/\/profika.com.pl\/index.php\/wp-json\/wp\/v2\/media\/31615"}],"wp:attachment":[{"href":"https:\/\/profika.com.pl\/index.php\/wp-json\/wp\/v2\/media?parent=31614"}],"wp:term":[{"taxonomy":"product_brand","embeddable":true,"href":"https:\/\/profika.com.pl\/index.php\/wp-json\/wp\/v2\/product_brand?post=31614"},{"taxonomy":"product_cat","embeddable":true,"href":"https:\/\/profika.com.pl\/index.php\/wp-json\/wp\/v2\/product_cat?post=31614"},{"taxonomy":"product_tag","embeddable":true,"href":"https:\/\/profika.com.pl\/index.php\/wp-json\/wp\/v2\/product_tag?post=31614"}],"curies":[{"name":"wp","href":"https:\/\/api.w.org\/{rel}","templated":true}]}}