{"id":31621,"date":"2026-02-19T12:54:21","date_gmt":"2026-02-19T11:54:21","guid":{"rendered":"https:\/\/profika.com.pl\/?post_type=product&#038;p=31621"},"modified":"2026-02-19T14:19:10","modified_gmt":"2026-02-19T13:19:10","slug":"rozdrabniacz-spalinowy-mastercut-gbk-70-1","status":"publish","type":"product","link":"https:\/\/profika.com.pl\/index.php\/produkt\/rozdrabniacz-spalinowy-mastercut-gbk-70-1\/","title":{"rendered":"Rozdrabniacz spalinowy Mastercut GBK-70-1"},"content":{"rendered":"<p>Spalinowy rozdrabniacz do ga\u0142\u0119zi GBK-70-1 Rato MasterCut<br \/>\nUrz\u0105dzenie, kt\u00f3re u\u0142atwi ci prac\u0119, doskonale rozdrabnia ga\u0142\u0119zie z krzew\u00f3w, drzew i \u017cywop\u0142ot\u00f3w. Powsta\u0142e odpady mo\u017cesz u\u017cy\u0107 jako kompost lub wysypa\u0107 dooko\u0142a krzew\u00f3w. Dzi\u0119ki ruchowi ostrza uzyskujesz jednolity, rozdrobniony materia\u0142. Mocny, niezawodny silnik spalinowy pozwoli na d\u0142ugotrwa\u0142\u0105 i wydajn\u0105 prac\u0119. Du\u017ce ko\u0142a i uchwyt, dzi\u0119ki kt\u00f3rym z \u0142atwo\u015bci\u0105 przetransportujesz rozdrabniacz w obszar pracy.<\/p>\n","protected":false},"excerpt":{"rendered":"<p><strong>Specyfikacja:<\/strong><br \/>\n<strong>Silnik:<\/strong><br \/>\n<strong>Marka silnika Rato<\/strong> \/ model R210<br \/>\n<strong>Pojemno\u015b\u0107 silnika:<\/strong>212 cm3<br \/>\n<strong>Moc silnika<\/strong> 4,4kW \/ 3600 obr\/min<br \/>\n<strong>Moment obrotowy<\/strong> 12Nm \/ 2800obr\/min<br \/>\n<strong>Smarowanie rozbryzgowe<\/strong><br \/>\n<strong>Rozrusznik r\u0119czny<\/strong><br \/>\n<strong>Czujnik poziomu oleju<\/strong><\/p>\n<p><strong>Rozdrabniacz:<\/strong><br \/>\n<strong>G\u0142owica robocza:<\/strong> b\u0119bnowa no\u017cami.<br \/>\n<strong>Ostrze skrawaj\u0105ce na b\u0119bnie<\/strong><br \/>\n<strong>Ostrze kontruj\u0105ce<\/strong> 1szt<br \/>\n<strong>Bezpo\u015bredni nap\u0119d g\u0142owicy ze silnika<\/strong><br \/>\n<strong>Maksymalna grubo\u015b\u0107 ga\u0142\u0119zi<\/strong> 60mm<br \/>\n<strong>Waga netto<\/strong> 45 kg<\/p>\n","protected":false},"featured_media":31622,"template":"","meta":[],"product_brand":[132],"product_cat":[134,133],"product_tag":[],"class_list":{"0":"post-31621","1":"product","2":"type-product","3":"status-publish","4":"has-post-thumbnail","6":"product_brand-mastercut","7":"product_cat-maszyny","8":"product_cat-rozdrabniacze-i-rebaki","10":"first","11":"instock","12":"sale","13":"shipping-taxable","14":"purchasable","15":"product-type-simple"},"aioseo_notices":[],"_links":{"self":[{"href":"https:\/\/profika.com.pl\/index.php\/wp-json\/wp\/v2\/product\/31621","targetHints":{"allow":["GET"]}}],"collection":[{"href":"https:\/\/profika.com.pl\/index.php\/wp-json\/wp\/v2\/product"}],"about":[{"href":"https:\/\/profika.com.pl\/index.php\/wp-json\/wp\/v2\/types\/product"}],"version-history":[{"count":3,"href":"https:\/\/profika.com.pl\/index.php\/wp-json\/wp\/v2\/product\/31621\/revisions"}],"predecessor-version":[{"id":31635,"href":"https:\/\/profika.com.pl\/index.php\/wp-json\/wp\/v2\/product\/31621\/revisions\/31635"}],"wp:featuredmedia":[{"embeddable":true,"href":"https:\/\/profika.com.pl\/index.php\/wp-json\/wp\/v2\/media\/31622"}],"wp:attachment":[{"href":"https:\/\/profika.com.pl\/index.php\/wp-json\/wp\/v2\/media?parent=31621"}],"wp:term":[{"taxonomy":"product_brand","embeddable":true,"href":"https:\/\/profika.com.pl\/index.php\/wp-json\/wp\/v2\/product_brand?post=31621"},{"taxonomy":"product_cat","embeddable":true,"href":"https:\/\/profika.com.pl\/index.php\/wp-json\/wp\/v2\/product_cat?post=31621"},{"taxonomy":"product_tag","embeddable":true,"href":"https:\/\/profika.com.pl\/index.php\/wp-json\/wp\/v2\/product_tag?post=31621"}],"curies":[{"name":"wp","href":"https:\/\/api.w.org\/{rel}","templated":true}]}}