{"id":31628,"date":"2026-02-19T14:16:01","date_gmt":"2026-02-19T13:16:01","guid":{"rendered":"https:\/\/profika.com.pl\/?post_type=product&#038;p=31628"},"modified":"2026-02-19T14:16:01","modified_gmt":"2026-02-19T13:16:01","slug":"rebak-walcowy-polaniarka-gbn-70-mastercut","status":"publish","type":"product","link":"https:\/\/profika.com.pl\/index.php\/produkt\/rebak-walcowy-polaniarka-gbn-70-mastercut\/","title":{"rendered":"R\u0119bak walcowy, polaniarka GBN-70 MasterCut"},"content":{"rendered":"<p>R\u0119bak walcowy polaniarka Masteruct GBN-70<br \/>\nUrz\u0105dzenie kawa\u0142kuje konary drzew na odcinki oko\u0142o 150mm, przygotowuje drewno do opa\u0142u czyli polana. W szybki i sprawny spos\u00f3b uzyskuje si\u0119 z konar\u00f3w drewno opa\u0142owe. Drewno o \u015brednicy maksymalnej do 70mm \u015bwie\u017co \u015bci\u0119tych ga\u0142\u0119zi i mniejszej znakomicie nadaje si\u0119 na opa\u0142 lub podpa\u0142k\u0119. Pozosta\u0142o\u015bci po wycince drzew takie jak konary i ga\u0142\u0119zie nie l\u0105duj\u0105 na ognisku, a mo\u017cna je zagospodarowa\u0107 jako opa\u0142 co maksymalizuje wykorzystanie drewna w gospodarstwie domowym.  <\/p>\n","protected":false},"excerpt":{"rendered":"<p><strong>Specyfikacja: <\/strong><\/p>\n<p><strong>Model:<\/strong> GBN-70<br \/>\n<strong>Maksymalna wydajno\u015b\u0107 rozdrabniania:<\/strong> mi\u0119kka \u015bwie\u017ca ga\u0142\u0105\u017a 70 mm<br \/>\n<strong>Maksymalna pr\u0119dko\u015b\u0107 ostrza:<\/strong> 240 obr.\/min<br \/>\n<strong>Ilo\u015b\u0107 ostrzy:<\/strong> 4 szt<br \/>\n<strong>Pojemno\u015b\u0107 skokowa:<\/strong> 212 cm3<br \/>\n<strong>Obj\u0119to\u015b\u0107 paliwa:<\/strong> 3,6 l<br \/>\n<strong>Obj\u0119to\u015b\u0107 oleju:<\/strong> 0,55 l (10W-30)<br \/>\n<strong>System startowy:<\/strong> rozrusznik r\u0119czny<br \/>\n<strong>Rodzaj paliwa:<\/strong> 95 # Benzyna bezo\u0142owiowa<br \/>\n<strong>Wymiary ca\u0142kowite:<\/strong> 1760 mm x 640 mm x 1120 mm<br \/>\n<strong>Waga netto:<\/strong> 112 kg<\/p>\n","protected":false},"featured_media":31629,"template":"","meta":[],"product_brand":[132],"product_cat":[134,133],"product_tag":[],"class_list":{"0":"post-31628","1":"product","2":"type-product","3":"status-publish","4":"has-post-thumbnail","6":"product_brand-mastercut","7":"product_cat-maszyny","8":"product_cat-rozdrabniacze-i-rebaki","10":"first","11":"instock","12":"sale","13":"shipping-taxable","14":"purchasable","15":"product-type-simple"},"aioseo_notices":[],"_links":{"self":[{"href":"https:\/\/profika.com.pl\/index.php\/wp-json\/wp\/v2\/product\/31628","targetHints":{"allow":["GET"]}}],"collection":[{"href":"https:\/\/profika.com.pl\/index.php\/wp-json\/wp\/v2\/product"}],"about":[{"href":"https:\/\/profika.com.pl\/index.php\/wp-json\/wp\/v2\/types\/product"}],"version-history":[{"count":2,"href":"https:\/\/profika.com.pl\/index.php\/wp-json\/wp\/v2\/product\/31628\/revisions"}],"predecessor-version":[{"id":31756,"href":"https:\/\/profika.com.pl\/index.php\/wp-json\/wp\/v2\/product\/31628\/revisions\/31756"}],"wp:featuredmedia":[{"embeddable":true,"href":"https:\/\/profika.com.pl\/index.php\/wp-json\/wp\/v2\/media\/31629"}],"wp:attachment":[{"href":"https:\/\/profika.com.pl\/index.php\/wp-json\/wp\/v2\/media?parent=31628"}],"wp:term":[{"taxonomy":"product_brand","embeddable":true,"href":"https:\/\/profika.com.pl\/index.php\/wp-json\/wp\/v2\/product_brand?post=31628"},{"taxonomy":"product_cat","embeddable":true,"href":"https:\/\/profika.com.pl\/index.php\/wp-json\/wp\/v2\/product_cat?post=31628"},{"taxonomy":"product_tag","embeddable":true,"href":"https:\/\/profika.com.pl\/index.php\/wp-json\/wp\/v2\/product_tag?post=31628"}],"curies":[{"name":"wp","href":"https:\/\/api.w.org\/{rel}","templated":true}]}}