{"id":31667,"date":"2026-02-20T14:24:42","date_gmt":"2026-02-20T13:24:42","guid":{"rendered":"https:\/\/profika.com.pl\/?post_type=product&#038;p=31667"},"modified":"2026-02-20T14:24:42","modified_gmt":"2026-02-20T13:24:42","slug":"glebogryzarka-spalinowa-mastercut-hsdt80a2","status":"publish","type":"product","link":"https:\/\/profika.com.pl\/index.php\/produkt\/glebogryzarka-spalinowa-mastercut-hsdt80a2\/","title":{"rendered":"Glebogryzarka spalinowa Mastercut HSDT80A2"},"content":{"rendered":"<p>Mocna 7,0KM glebogryzarka spalinowa Mastercut HSDT80A2 z pasowo-z\u0119batym przeniesieniem nap\u0119du. Przeniesienie nap\u0119du na no\u017ce odbywa si\u0119 za pomoc\u0105 \u0142a\u0144cucha zamkni\u0119tego w metalowej obudowie. Os\u0142ona \u0142a\u0144cucha sk\u0142ada si\u0119z dw\u00f3ch po\u0142\u00f3wek, z\u0142\u0105czonych za pomoc\u0105 \u015brub, daje to \u0142atwy dost\u0119p do z\u0119batek osi oraz \u0142a\u0144cucha nap\u0119dowego w przypadku konserwacji urz\u0105dzenia.<\/p>\n<p>Regulowana szeroko\u015b\u0107 pracy w trzech zakresach. Poszerzenie lub zw\u0119\u017cenie szeroko\u015bci agregatu spulchniaj\u0105cego odbywa si\u0119 w \u0142atwy i prosty spos\u00f3b bez konieczno\u015bci u\u017cywania narz\u0119dzi. Przy maksymalnej ilo\u015bci zestawu no\u017cy szeroko\u015b\u0107 i pracy to 80cm. No\u017ce zako\u0144czone talerzami docinaj\u0105cymi kraw\u0119d\u017a ziemi.<\/p>\n<p>Regulowane r\u0105czki glebogryzarki w trzech zakresach pozwol\u0105 dopasowa\u0107 ich pozycj\u0119 do operatora i warunk\u00f3w pracy. Za\u0142\u0105czanie no\u017cy odbywa si\u0119 po przez naci\u015bni\u0119cie d\u017awigni znajduj\u0105cych si\u0119 w ergonomicznym po\u0142o\u017ceniu pod palcami operatora. D\u017awignie za\u0142\u0105czania bieg\u00f3w wyposa\u017cone s\u0105 w zabezpieczanie przed przypadkowym za\u0142\u0105czeniem no\u017cy Ponadto manetki wykonane s\u0105 z wytrzyma\u0142ego tworzywa. Na r\u0105czkach glebogryzarki znajduje si\u0119 przycisk do zatrzymania silnika oraz d\u017awignia regulacji obrot\u00f3w silnika.<\/p>\n<p>Jednostka nap\u0119d\u00f3w glebogryzarki to wytrzyma\u0142y silnik czterosuwowy wyposa\u017cony w skuteczny mokry filtr powietrza spe\u0142niaj\u0105cy najnowsze normy emisji spalin i ha\u0142asu. Przednie ko\u0142o transportowe w prosty spos\u00f3b mo\u017cna odchyli\u0107 do g\u00f3ry w czasie pracy w ziemi.<\/p>\n<p>Urz\u0105dzenie mo\u017cna doposa\u017cy\u0107 w dodatkowy osprz\u0119t taki jak p\u0142ug do orki, obsypnik do ziemi, kultywator (plewnik), wyrywacz do warzyw, ko\u0142a metalowe. Stalowe ko\u0142a s\u0105 konieczne, aby mo\u017cna by\u0142o pracowa\u0107 wymienionym osprz\u0119tem. Glebogryzarka w swoim podstawowym wyposa\u017ceniu posiada ju\u017c konsole \/ adapter dodatkowego osprz\u0119tu.<\/p>\n","protected":false},"excerpt":{"rendered":"<p><strong>Specyfikacja:<\/strong><\/p>\n<p><strong>Silnik Mastercut OHV z filtrem mokrym<\/strong><br \/>\n<strong>Pojemno\u015b\u0107 silnika 212cm3<\/strong><br \/>\n<strong>Moc maksymalna silnika 7KM<\/strong><br \/>\n<strong>Szeroko\u015b\u0107 pracy regulowana 35\/65\/80cm<\/strong><br \/>\n<strong>Maksymalna g\u0142\u0119boko\u015b\u0107 pracy 32cm<\/strong><br \/>\n<strong>Nap\u0119d na no\u017ce 1 bieg do przodu 1 wsteczny<\/strong><br \/>\n<strong>Przeniesienie nap\u0119du na no\u017ce za pomoc\u0105 \u0142a\u0144cucha<\/strong><br \/>\n<strong>Regulacja obrot\u00f3w silnika za pomoc\u0105 manetki przy r\u0105czkach<\/strong><br \/>\n<strong>Uchwyt regulowany w pionie<\/strong><br \/>\n<strong>Ko\u0142o dojazdowe przednie<\/strong><br \/>\n<strong>Adapter osprz\u0119tu na wyposa\u017ceniu standardowym<\/strong><br \/>\n<strong>Waga 52kg<\/strong><\/p>\n","protected":false},"featured_media":31668,"template":"","meta":[],"product_brand":[132],"product_cat":[74,82],"product_tag":[],"class_list":{"0":"post-31667","1":"product","2":"type-product","3":"status-publish","4":"has-post-thumbnail","6":"product_brand-mastercut","7":"product_cat-narzedzia","8":"product_cat-glebogryzarki","10":"first","11":"instock","12":"sale","13":"shipping-taxable","14":"purchasable","15":"product-type-simple"},"aioseo_notices":[],"_links":{"self":[{"href":"https:\/\/profika.com.pl\/index.php\/wp-json\/wp\/v2\/product\/31667","targetHints":{"allow":["GET"]}}],"collection":[{"href":"https:\/\/profika.com.pl\/index.php\/wp-json\/wp\/v2\/product"}],"about":[{"href":"https:\/\/profika.com.pl\/index.php\/wp-json\/wp\/v2\/types\/product"}],"version-history":[{"count":2,"href":"https:\/\/profika.com.pl\/index.php\/wp-json\/wp\/v2\/product\/31667\/revisions"}],"predecessor-version":[{"id":31673,"href":"https:\/\/profika.com.pl\/index.php\/wp-json\/wp\/v2\/product\/31667\/revisions\/31673"}],"wp:featuredmedia":[{"embeddable":true,"href":"https:\/\/profika.com.pl\/index.php\/wp-json\/wp\/v2\/media\/31668"}],"wp:attachment":[{"href":"https:\/\/profika.com.pl\/index.php\/wp-json\/wp\/v2\/media?parent=31667"}],"wp:term":[{"taxonomy":"product_brand","embeddable":true,"href":"https:\/\/profika.com.pl\/index.php\/wp-json\/wp\/v2\/product_brand?post=31667"},{"taxonomy":"product_cat","embeddable":true,"href":"https:\/\/profika.com.pl\/index.php\/wp-json\/wp\/v2\/product_cat?post=31667"},{"taxonomy":"product_tag","embeddable":true,"href":"https:\/\/profika.com.pl\/index.php\/wp-json\/wp\/v2\/product_tag?post=31667"}],"curies":[{"name":"wp","href":"https:\/\/api.w.org\/{rel}","templated":true}]}}