{"id":31674,"date":"2026-02-20T14:33:38","date_gmt":"2026-02-20T13:33:38","guid":{"rendered":"https:\/\/profika.com.pl\/?post_type=product&#038;p=31674"},"modified":"2026-02-20T14:33:38","modified_gmt":"2026-02-20T13:33:38","slug":"glebogryzarka-spalinowa-mastercut-shb60t","status":"publish","type":"product","link":"https:\/\/profika.com.pl\/index.php\/produkt\/glebogryzarka-spalinowa-mastercut-shb60t\/","title":{"rendered":"Glebogryzarka spalinowa Mastercut SHB60T"},"content":{"rendered":"<p>Glebogryzarka spalinowa Mastercut SHB60T to urz\u0105dzenie do piel\u0119gnacji ogr\u00f3dka oraz dzia\u0142ki. Idealny niezb\u0119dnik os\u00f3b poszukuj\u0105cych sprz\u0119tu do spulchniania i wyr\u00f3wnywania uprawionej ju\u017c gleby w przydomowych ogrodach. Maszyna wyposa\u017cona jest silnik spalinowy o mocy 3,5KM. Przeniesienie nap\u0119du na no\u017ce odbywa si\u0119 za pomoc\u0105 przek\u0142adni \u015blimakowej zamkni\u0119tej w obudowie wykonanej ze stopu aluminium. Lekka i kompaktowa glebogryzarka z regulowan\u0105 szeroko\u015bci\u0105 pracy, b\u0119dzie znacz\u0105co u\u0142atwia\u0107 prace ziemne w ogrodzie.<\/p>\n","protected":false},"excerpt":{"rendered":"<p><strong> Specyfikacja:<\/strong><\/p>\n<p><strong>Silnik Mastercut OHV<\/strong><br \/>\n<strong>Pojemno\u015b\u0107 silnika 139cm3<\/strong><br \/>\n<strong>Moc maksymalna silnika 3,5KM<\/strong><br \/>\n<strong>Szeroko\u015b\u0107 pracy regulowana 25\/60cm<\/strong><br \/>\n<strong>Wysoko\u015b\u0107 no\u017cy 28cm<\/strong><br \/>\n<strong>Nap\u0119d na no\u017ce 1 bieg do przodu<\/strong><br \/>\n<strong>Przeniesienie nap\u0119du na no\u017ce za pomoc\u0105 przek\u0142adni \u015blimakowej<\/strong><br \/>\n<strong>Regulacja obrot\u00f3w silnika za pomoc\u0105 manetki przy r\u0105czkach<\/strong><br \/>\n<strong>Komfortowy uchwyt ustalony na optymalnej wysoko\u015bci<\/strong><br \/>\n<strong>Ko\u0142o dojazdowe przednie<\/strong><br \/>\n<strong>Waga 36kg<\/strong> <\/p>\n","protected":false},"featured_media":31675,"template":"","meta":[],"product_brand":[132],"product_cat":[74,82],"product_tag":[],"class_list":{"0":"post-31674","1":"product","2":"type-product","3":"status-publish","4":"has-post-thumbnail","6":"product_brand-mastercut","7":"product_cat-narzedzia","8":"product_cat-glebogryzarki","10":"first","11":"instock","12":"sale","13":"shipping-taxable","14":"purchasable","15":"product-type-simple"},"aioseo_notices":[],"_links":{"self":[{"href":"https:\/\/profika.com.pl\/index.php\/wp-json\/wp\/v2\/product\/31674","targetHints":{"allow":["GET"]}}],"collection":[{"href":"https:\/\/profika.com.pl\/index.php\/wp-json\/wp\/v2\/product"}],"about":[{"href":"https:\/\/profika.com.pl\/index.php\/wp-json\/wp\/v2\/types\/product"}],"version-history":[{"count":1,"href":"https:\/\/profika.com.pl\/index.php\/wp-json\/wp\/v2\/product\/31674\/revisions"}],"predecessor-version":[{"id":31680,"href":"https:\/\/profika.com.pl\/index.php\/wp-json\/wp\/v2\/product\/31674\/revisions\/31680"}],"wp:featuredmedia":[{"embeddable":true,"href":"https:\/\/profika.com.pl\/index.php\/wp-json\/wp\/v2\/media\/31675"}],"wp:attachment":[{"href":"https:\/\/profika.com.pl\/index.php\/wp-json\/wp\/v2\/media?parent=31674"}],"wp:term":[{"taxonomy":"product_brand","embeddable":true,"href":"https:\/\/profika.com.pl\/index.php\/wp-json\/wp\/v2\/product_brand?post=31674"},{"taxonomy":"product_cat","embeddable":true,"href":"https:\/\/profika.com.pl\/index.php\/wp-json\/wp\/v2\/product_cat?post=31674"},{"taxonomy":"product_tag","embeddable":true,"href":"https:\/\/profika.com.pl\/index.php\/wp-json\/wp\/v2\/product_tag?post=31674"}],"curies":[{"name":"wp","href":"https:\/\/api.w.org\/{rel}","templated":true}]}}