{"id":31681,"date":"2026-02-20T14:40:24","date_gmt":"2026-02-20T13:40:24","guid":{"rendered":"https:\/\/profika.com.pl\/?post_type=product&#038;p=31681"},"modified":"2026-02-20T14:40:24","modified_gmt":"2026-02-20T13:40:24","slug":"kosiarka-bebnowa-mastercut-58cm-loncin-sgp500","status":"publish","type":"product","link":"https:\/\/profika.com.pl\/index.php\/produkt\/kosiarka-bebnowa-mastercut-58cm-loncin-sgp500\/","title":{"rendered":"Kosiarka b\u0119bnowa Mastercut 58cm Loncin SGP500"},"content":{"rendered":"<p>Maszyna dla najbardziej wymagaj\u0105cych u\u017cytkownik\u00f3w, przeznaczona g\u0142\u00f3wnie do koszenia wysokiej trawy na du\u017cych powierzchniach, przez co jest idealnym pomocnikiem przy koszeniu przero\u015bni\u0119tych powierzchni. Skoszona trawa uk\u0142ada si\u0119 w r\u00f3wnych rz\u0119dach, dzi\u0119ki czemu mo\u017ce zosta\u0107 wykorzystana do suszenia. Wyposa\u017cona w du\u017ce ko\u0142a z grubym bie\u017cnikiem, kt\u00f3ry zapewnia doskona\u0142\u0105 przyczepno\u015b\u0107 w trudnym terenie.<\/p>\n<p>Wyposa\u017cona jest w rewelacyjny i bezawaryjny silnik OHV benzynowy Loncin 196 cm3. Kosiarka posiada b\u0119ben \u015blizgowy, na kt\u00f3rym za\u0142o\u017cone s\u0105 4 no\u017ce tn\u0105ce, dzi\u0119ki takiemu rozwi\u0105zaniu trawa koszona jest na pokos, a w razie trafienia na przeszkod\u0119 no\u017ce automatycznie chowaj\u0105 si\u0119 unikaj\u0105c uszkodzenia. Szeroko\u015b\u0107 koszenia wynosi 58 cm. Jest on u\u017cywany do koszenia  niskiej oraz \u015brednio wysokiej trawy, kt\u00f3ra pozostaje \u015bci\u0119ta i zmielona  na ziemi. Kompaktowa konstrukcja, nap\u0119d na tylne ko\u0142a i niska waga sprawiaj\u0105, \u017ce SGP500 Mastercut jest bardzo zwinna i \u0142atwa w transporcie.<\/p>\n","protected":false},"excerpt":{"rendered":"<p><strong>Specyfikacja: <\/strong><\/p>\n<p><strong>silnik:<\/strong> Loncin 196 cm3 OHV<br \/>\n<strong>Moc maksymalna:<\/strong>  6,5 KM<br \/>\n<strong>rozrusznik:<\/strong> r\u0119czny<br \/>\n<strong>moment obrotowy:<\/strong> 10,8 Nm<br \/>\n<strong>szetoko\u015b\u0107 ci\u0119cia:<\/strong> 580 mm<br \/>\n<strong>ilo\u015b\u0107 ostrzy:<\/strong> 4 szt<br \/>\n<strong>maksymalne nachylenie:<\/strong> 20 stopni<br \/>\n<strong>masa netto:<\/strong> 60 kg<\/p>\n","protected":false},"featured_media":31682,"template":"","meta":[],"product_brand":[132],"product_cat":[139,74],"product_tag":[],"class_list":{"0":"post-31681","1":"product","2":"type-product","3":"status-publish","4":"has-post-thumbnail","6":"product_brand-mastercut","7":"product_cat-kosiarki-spalinowe","8":"product_cat-narzedzia","10":"first","11":"instock","12":"sale","13":"shipping-taxable","14":"purchasable","15":"product-type-simple"},"aioseo_notices":[],"_links":{"self":[{"href":"https:\/\/profika.com.pl\/index.php\/wp-json\/wp\/v2\/product\/31681","targetHints":{"allow":["GET"]}}],"collection":[{"href":"https:\/\/profika.com.pl\/index.php\/wp-json\/wp\/v2\/product"}],"about":[{"href":"https:\/\/profika.com.pl\/index.php\/wp-json\/wp\/v2\/types\/product"}],"version-history":[{"count":1,"href":"https:\/\/profika.com.pl\/index.php\/wp-json\/wp\/v2\/product\/31681\/revisions"}],"predecessor-version":[{"id":31685,"href":"https:\/\/profika.com.pl\/index.php\/wp-json\/wp\/v2\/product\/31681\/revisions\/31685"}],"wp:featuredmedia":[{"embeddable":true,"href":"https:\/\/profika.com.pl\/index.php\/wp-json\/wp\/v2\/media\/31682"}],"wp:attachment":[{"href":"https:\/\/profika.com.pl\/index.php\/wp-json\/wp\/v2\/media?parent=31681"}],"wp:term":[{"taxonomy":"product_brand","embeddable":true,"href":"https:\/\/profika.com.pl\/index.php\/wp-json\/wp\/v2\/product_brand?post=31681"},{"taxonomy":"product_cat","embeddable":true,"href":"https:\/\/profika.com.pl\/index.php\/wp-json\/wp\/v2\/product_cat?post=31681"},{"taxonomy":"product_tag","embeddable":true,"href":"https:\/\/profika.com.pl\/index.php\/wp-json\/wp\/v2\/product_tag?post=31681"}],"curies":[{"name":"wp","href":"https:\/\/api.w.org\/{rel}","templated":true}]}}