{"id":31692,"date":"2026-02-20T14:53:34","date_gmt":"2026-02-20T13:53:34","guid":{"rendered":"https:\/\/profika.com.pl\/?post_type=product&#038;p=31692"},"modified":"2026-02-20T14:53:35","modified_gmt":"2026-02-20T13:53:35","slug":"kosiarka-spalinowa-z-napedem-mastercut-fd51s-4-lc196_hw","status":"publish","type":"product","link":"https:\/\/profika.com.pl\/index.php\/produkt\/kosiarka-spalinowa-z-napedem-mastercut-fd51s-4-lc196_hw\/","title":{"rendered":"Kosiarka spalinowa z nap\u0119dem MASTERCUT FD51S\/4\/LC196_HW"},"content":{"rendered":"<p>Kosiarka spalinowa FD51S\/4\/LC196_HW jest wytrwa\u0142ym narz\u0119dziem przeznaczonym do pracy i piel\u0119gnacji ka\u017cdego ogrodu. Jednostka nap\u0119dowa to sprawdzony i wydajny silnik LONCIN o du\u017cej mocy. Silnik nap\u0119dza stalowe ostrze tn\u0105ce, kt\u00f3re skutecznie tnie traw\u0119 i efektywnie wrzuca do kosza, wyrzuca na bok lub w ty\u0142 albo j\u0105 mieli. Mielenie trawy nie wymaga jej zbierania, a pozostawione \u015bci\u0119te \u017ad\u017ab\u0142a trawy stanowi\u0105 naw\u00f3z. Dodatkowym atutem jest centralna regulacja wysoko\u015bci koszenia, wysoko\u015b\u0107 koszenia mo\u017cna dostosowa\u0107 przy pomocy jednej d\u017awigni. Du\u017ce ko\u0142a osadzone na dw\u00f3ch \u0142o\u017cyskach ka\u017cde, sprawdzaj\u0105 si\u0119 zar\u00f3wno na p\u0142askich r\u00f3wnych trawnikach jak i w bardziej wymagaj\u0105cym terenie. Mocne uchwyty daj\u0105 pewne i stabilne prowadzenie w d\u0142ugim okresie czasu.<\/p>\n<p>Spalinowa kosiarka do trawy Mastercut wyposa\u017cona jest we w\u0142asny nap\u0119d, kt\u00f3ry sprawia \u017ce urz\u0105dzenie samo jedzie. Przek\u0142adnia nap\u0119du to profesjonalna skrzynia z\u0119bata francuskiego producenta, gwarantuj\u0105ca trwa\u0142o\u015b\u0107 eksploatacji.<\/p>\n","protected":false},"excerpt":{"rendered":"<p><strong>Specyfikacja:<\/strong><br \/>\n<strong>kosiarka z nap\u0119dem na tylne ko\u0142a<\/strong><br \/>\n<strong>nap\u0119d roz\u0142\u0105czany<\/strong><br \/>\n<strong>przek\u0142adnia nap\u0119du marki General Transmissions<\/strong><br \/>\n<strong>szeroko\u015b\u0107 koszenia <\/strong>51 cm<br \/>\n<strong>regulacja obrot\u00f3w silnika<\/strong><br \/>\n<strong>element tn\u0105cy<\/strong> \u2013 stalowa listwa \/ n\u00f3\u017c<br \/>\n<strong>ko\u0142a \u0142o\u017cyskowane prz\u00f3d o \u015brednicy<\/strong> 20cm<br \/>\n<strong>ko\u0142a \u0142o\u017cyskowane ty\u0142 o \u015brednicy<\/strong> 30cm<br \/>\n<strong>wysoko\u015b\u0107 koszenia regulowana centralnie<\/strong> 25-75mm, 7 stopniowa<br \/>\n<strong>pojemno\u015b\u0107 kosza<\/strong> 60l<br \/>\n<strong>kosz hybrydowy, p\u0142\u00f3cienno-plastikowy<\/strong><br \/>\n<strong>funkcje 4w1<\/strong> &#8211; zbieranie do kosza, wyrzut boczny, wyrzut tylny, mielenie<br \/>\n<strong>z\u0142\u0105czka do mycia<\/strong><br \/>\n<strong>waga netto<\/strong> 34 kg<\/p>\n","protected":false},"featured_media":31693,"template":"","meta":[],"product_brand":[132],"product_cat":[139,74],"product_tag":[],"class_list":{"0":"post-31692","1":"product","2":"type-product","3":"status-publish","4":"has-post-thumbnail","6":"product_brand-mastercut","7":"product_cat-kosiarki-spalinowe","8":"product_cat-narzedzia","10":"first","11":"instock","12":"sale","13":"shipping-taxable","14":"purchasable","15":"product-type-simple"},"aioseo_notices":[],"_links":{"self":[{"href":"https:\/\/profika.com.pl\/index.php\/wp-json\/wp\/v2\/product\/31692","targetHints":{"allow":["GET"]}}],"collection":[{"href":"https:\/\/profika.com.pl\/index.php\/wp-json\/wp\/v2\/product"}],"about":[{"href":"https:\/\/profika.com.pl\/index.php\/wp-json\/wp\/v2\/types\/product"}],"version-history":[{"count":1,"href":"https:\/\/profika.com.pl\/index.php\/wp-json\/wp\/v2\/product\/31692\/revisions"}],"predecessor-version":[{"id":31697,"href":"https:\/\/profika.com.pl\/index.php\/wp-json\/wp\/v2\/product\/31692\/revisions\/31697"}],"wp:featuredmedia":[{"embeddable":true,"href":"https:\/\/profika.com.pl\/index.php\/wp-json\/wp\/v2\/media\/31693"}],"wp:attachment":[{"href":"https:\/\/profika.com.pl\/index.php\/wp-json\/wp\/v2\/media?parent=31692"}],"wp:term":[{"taxonomy":"product_brand","embeddable":true,"href":"https:\/\/profika.com.pl\/index.php\/wp-json\/wp\/v2\/product_brand?post=31692"},{"taxonomy":"product_cat","embeddable":true,"href":"https:\/\/profika.com.pl\/index.php\/wp-json\/wp\/v2\/product_cat?post=31692"},{"taxonomy":"product_tag","embeddable":true,"href":"https:\/\/profika.com.pl\/index.php\/wp-json\/wp\/v2\/product_tag?post=31692"}],"curies":[{"name":"wp","href":"https:\/\/api.w.org\/{rel}","templated":true}]}}