{"id":31698,"date":"2026-02-20T15:01:22","date_gmt":"2026-02-20T14:01:22","guid":{"rendered":"https:\/\/profika.com.pl\/?post_type=product&#038;p=31698"},"modified":"2026-02-20T15:01:22","modified_gmt":"2026-02-20T14:01:22","slug":"kosiarka-spalinowa-mastercut-sh53s-4-gcv170","status":"publish","type":"product","link":"https:\/\/profika.com.pl\/index.php\/produkt\/kosiarka-spalinowa-mastercut-sh53s-4-gcv170\/","title":{"rendered":"Kosiarka spalinowa MASTERCUT SH53S\/4\/GCV170"},"content":{"rendered":"<p>MasterCut SH53S\/4\/GCV170 to po\u0142\u0105czenie japo\u0144skiej precyzji silnika Honda GCV170 z wygod\u0105 obs\u0142ugi i wydajnym systemem koszenia. Dzi\u0119ki nap\u0119dowi na tylne ko\u0142a, szeroko\u015bci roboczej 53 cm i funkcji mulczowania, skoszenie trawnika staje si\u0119 szybsze, \u0142atwiejsze i bardziej efektywne.<\/p>\n","protected":false},"excerpt":{"rendered":"<p><strong>Specyfikacja:<\/strong><\/p>\n<p><strong>Model<\/strong> SH53S\/4\/GCV170 MasterCut<br \/>\n<strong>Silnik Honda GCV170<\/strong><br \/>\n<strong>Rozruch Tradycyjny<\/strong><br \/>\n<strong>ko\u0142a <\/strong>25\/17cm<br \/>\n<strong>Pojemno\u015b\u0107 silnika<\/strong> 166 cm3<br \/>\n<strong>Moc silnika<\/strong> 3,6kW \/ 3600 obr\/min<br \/>\n<strong>Szeroko\u015b\u0107 koszenia<\/strong> 53 cm<br \/>\n<strong>Wysoko\u015b\u0107 Koszenia<\/strong> 25-75 mm<br \/>\n<strong>Nap\u0119d GT<\/strong><br \/>\n<strong>Pojemno\u015b\u0107 kosza<\/strong> 62L<br \/>\n<strong>Funkcje pracy 4w1 zbieranie do kosza, wyrzut boczny<\/strong><\/p>\n","protected":false},"featured_media":31699,"template":"","meta":[],"product_brand":[132],"product_cat":[139,74],"product_tag":[],"class_list":{"0":"post-31698","1":"product","2":"type-product","3":"status-publish","4":"has-post-thumbnail","6":"product_brand-mastercut","7":"product_cat-kosiarki-spalinowe","8":"product_cat-narzedzia","10":"first","11":"instock","12":"sale","13":"shipping-taxable","14":"purchasable","15":"product-type-simple"},"aioseo_notices":[],"_links":{"self":[{"href":"https:\/\/profika.com.pl\/index.php\/wp-json\/wp\/v2\/product\/31698","targetHints":{"allow":["GET"]}}],"collection":[{"href":"https:\/\/profika.com.pl\/index.php\/wp-json\/wp\/v2\/product"}],"about":[{"href":"https:\/\/profika.com.pl\/index.php\/wp-json\/wp\/v2\/types\/product"}],"version-history":[{"count":1,"href":"https:\/\/profika.com.pl\/index.php\/wp-json\/wp\/v2\/product\/31698\/revisions"}],"predecessor-version":[{"id":31703,"href":"https:\/\/profika.com.pl\/index.php\/wp-json\/wp\/v2\/product\/31698\/revisions\/31703"}],"wp:featuredmedia":[{"embeddable":true,"href":"https:\/\/profika.com.pl\/index.php\/wp-json\/wp\/v2\/media\/31699"}],"wp:attachment":[{"href":"https:\/\/profika.com.pl\/index.php\/wp-json\/wp\/v2\/media?parent=31698"}],"wp:term":[{"taxonomy":"product_brand","embeddable":true,"href":"https:\/\/profika.com.pl\/index.php\/wp-json\/wp\/v2\/product_brand?post=31698"},{"taxonomy":"product_cat","embeddable":true,"href":"https:\/\/profika.com.pl\/index.php\/wp-json\/wp\/v2\/product_cat?post=31698"},{"taxonomy":"product_tag","embeddable":true,"href":"https:\/\/profika.com.pl\/index.php\/wp-json\/wp\/v2\/product_tag?post=31698"}],"curies":[{"name":"wp","href":"https:\/\/api.w.org\/{rel}","templated":true}]}}