{"id":31704,"date":"2026-02-20T15:27:42","date_gmt":"2026-02-20T14:27:42","guid":{"rendered":"https:\/\/profika.com.pl\/?post_type=product&#038;p=31704"},"modified":"2026-02-20T15:27:42","modified_gmt":"2026-02-20T14:27:42","slug":"zamiatarka-spalinowa-mastercut-100cm-loncin-196cc-shss100v-lc196","status":"publish","type":"product","link":"https:\/\/profika.com.pl\/index.php\/produkt\/zamiatarka-spalinowa-mastercut-100cm-loncin-196cc-shss100v-lc196\/","title":{"rendered":"Zamiatarka spalinowa MASTERCUT 100cm Loncin 196cc SHSS100V\/LC196"},"content":{"rendered":"<p>Zamiatarka spalinowa SHSS100V to urz\u0105dzenie, kt\u00f3re pozwoli na szybkie i dok\u0142adne usuni\u0119cie zanieczyszcze\u0144 takich jak piasek, ziemia, li\u015bcie oraz wszystkie sypkie brudy z utwardzonych powierzchni. Jej szczotki poradz\u0105 sobie r\u00f3wnie\u017c ze \u015bniegiem. Szczotka dok\u0142adnie wymiecie \u015bnieg i zrobi to du\u017co dok\u0142adniej w por\u00f3wnaniu do od\u015bnie\u017carek wirnikowych, kt\u00f3re lepiej si\u0119 sprawdzaj\u0105 w przypadku du\u017cego opadu \u015bniegu. Zamiatarka poradzi sobie nie tylko w otwartych przestrzeniach takich jak parkingi, place u\u017cyteczno\u015bci publicznej ale r\u00f3wnie\u017c w zamkni\u0119tych obiektach jak du\u017ce hale. Szeroko\u015b\u0107 robocza urz\u0105dzenia to 100 cm, co czyni\u0105 j\u0105 bardzo wydajn\u0105.<\/p>\n<p>Zainstalowana jednostka nap\u0119dowa Loncin o du\u017cej trwa\u0142o\u015bci i du\u017cym momencie obrotowym sprawdzi si\u0119 zar\u00f3wno w pracach przy domowych jak i na obiektach firmowych. Silnik Loncin to sprawdzona i chwalona konstrukcja przez nie jednego u\u017cytkownika w r\u00f3\u017cnych maszynach ogrodowych i budowlanych.<\/p>\n<p>Po uruchomieniu silnika, szczotki oraz nap\u0119d nadal pozostaj\u0105 w pozycji neutralnej, dopiero po za\u0142\u0105czeniu d\u017awigni maszyna przechodzi w tryb pracy. Osobna d\u017awignia do w\u0142\u0105czenia szczotek oraz osobna d\u017awignia do w\u0142\u0105czenia nap\u0119du. <\/p>\n<p>Szczotki wykonuj\u0105c ruch wirowy wymiataj\u0105 py\u0142, kurz, piasek przed siebie. Za pomoc\u0105 regulacji mo\u017cna ustawi\u0107 szczotk\u0119 w 5 pozycjach &#8211; ustawiaj\u0105c k\u0105t pracy na d\u017awigni. A osadzone na \u0142o\u017cyskach obrotowe ko\u0142a podporowe wspomagaj\u0105 prac\u0119 poprzez precyzyjny system regulacji.<\/p>\n<p>Ponadto zamiatarka spalinowa przystosowana jest do zaadaptowania pojemnika zbieraj\u0105cego oraz spychu do \u015bniegu, dzi\u0119ki tej rozbudowie Twoja maszyna stanie si\u0119 bardziej wszechstronna oraz wygodna w u\u017cytkowaniu.<\/p>\n","protected":false},"excerpt":{"rendered":"<p><strong>Specyfikacja:<\/strong><\/p>\n<p><strong>Silnik:<\/strong>  Loncin V200<br \/>\n<strong>Pojemno\u015b\u0107:<\/strong> 196 cm3<br \/>\n<strong>moc:<\/strong> 3,8KW<br \/>\n<strong>szeroko\u015b\u0107 robocza:<\/strong> 1000mm<br \/>\n<strong>\u015arednica szczotki:<\/strong> 350mm<br \/>\n<strong>Szybko\u015b\u0107 szczotki:<\/strong> 180-350 obr.\/min<br \/>\n<strong>Biegi:<\/strong> 3 do przodu+ 1 do ty\u0142u<br \/>\n<strong>Kierownica:<\/strong> 3-po\u0142o\u017ceniowa  <\/p>\n","protected":false},"featured_media":31705,"template":"","meta":[],"product_brand":[132],"product_cat":[142,74],"product_tag":[],"class_list":{"0":"post-31704","1":"product","2":"type-product","3":"status-publish","4":"has-post-thumbnail","6":"product_brand-mastercut","7":"product_cat-zamiatarki","8":"product_cat-narzedzia","10":"first","11":"instock","12":"sale","13":"shipping-taxable","14":"purchasable","15":"product-type-simple"},"aioseo_notices":[],"_links":{"self":[{"href":"https:\/\/profika.com.pl\/index.php\/wp-json\/wp\/v2\/product\/31704","targetHints":{"allow":["GET"]}}],"collection":[{"href":"https:\/\/profika.com.pl\/index.php\/wp-json\/wp\/v2\/product"}],"about":[{"href":"https:\/\/profika.com.pl\/index.php\/wp-json\/wp\/v2\/types\/product"}],"version-history":[{"count":1,"href":"https:\/\/profika.com.pl\/index.php\/wp-json\/wp\/v2\/product\/31704\/revisions"}],"predecessor-version":[{"id":31709,"href":"https:\/\/profika.com.pl\/index.php\/wp-json\/wp\/v2\/product\/31704\/revisions\/31709"}],"wp:featuredmedia":[{"embeddable":true,"href":"https:\/\/profika.com.pl\/index.php\/wp-json\/wp\/v2\/media\/31705"}],"wp:attachment":[{"href":"https:\/\/profika.com.pl\/index.php\/wp-json\/wp\/v2\/media?parent=31704"}],"wp:term":[{"taxonomy":"product_brand","embeddable":true,"href":"https:\/\/profika.com.pl\/index.php\/wp-json\/wp\/v2\/product_brand?post=31704"},{"taxonomy":"product_cat","embeddable":true,"href":"https:\/\/profika.com.pl\/index.php\/wp-json\/wp\/v2\/product_cat?post=31704"},{"taxonomy":"product_tag","embeddable":true,"href":"https:\/\/profika.com.pl\/index.php\/wp-json\/wp\/v2\/product_tag?post=31704"}],"curies":[{"name":"wp","href":"https:\/\/api.w.org\/{rel}","templated":true}]}}