{"id":31715,"date":"2026-02-21T10:56:29","date_gmt":"2026-02-21T09:56:29","guid":{"rendered":"https:\/\/profika.com.pl\/?post_type=product&#038;p=31715"},"modified":"2026-02-21T10:56:29","modified_gmt":"2026-02-21T09:56:29","slug":"rider-z6-ego-power-107cm-zt4201e-l-drazki-kierownicze","status":"publish","type":"product","link":"https:\/\/profika.com.pl\/index.php\/produkt\/rider-z6-ego-power-107cm-zt4201e-l-drazki-kierownicze\/","title":{"rendered":"RIDER Z6 EGO POWER 107CM ZT4201E-L (dr\u0105\u017cki kierownicze)"},"content":{"rendered":"<p>Kosiarka akumulatorowa o zerowym promieniu skr\u0119tu EGO POWER + Z6 to unikat na rynku kosiarek mobilnych. Dzi\u0119ki technologii Peak Power\u2122 mo\u017ce jednocze\u015bnie pobiera\u0107 energi\u0119 z nawet sze\u015bciu akumulator\u00f3w litowych EGO 56 V, kt\u00f3re s\u0105 r\u00f3wnie\u017c kompatybilne z ca\u0142\u0105 gam\u0105 produkt\u00f3w EGO. To sprawia, \u017ce \u200b\u200bZ6 jest pierwszym Riderem na \u015awiecie zasilanym uniwersalnymi bateriami. Jego 4 bezszczotkowe silniki dostarczaj\u0105 moc na poziomie 22-konnego silnika benzynowego, przy maksymalnej pr\u0119dko\u015bci jazdy do 12,8 km\/h.<\/p>\n<p>Nawet 8000 m2 na jednym \u0142adowaniu<br \/>\nPo jednym na\u0142adowaniu sze\u015bciu akumulator\u00f3w 10 Ah ta kosiarka o zerowym promieniu kosi do 8000 m2. Wysoko\u015b\u0107 koszenia w zakresie od 2,5 do 10 cm mo\u017cna \u0142atwo regulowa\u0107 jedn\u0105 r\u0119k\u0105 za pomoc\u0105 ergonomicznego uchwytu. Mo\u017cesz r\u00f3wnie\u017c p\u0142ynnie regulowa\u0107 pr\u0119dko\u015b\u0107 no\u017cy na wy\u015bwietlaczu LCD w pi\u0119ciu pr\u0119dko\u015bciach od 2400 do 3200 obrot\u00f3w na minut\u0119.<\/p>\n<p>Trzy sposoby pracy<br \/>\nDzi\u0119ki funkcji 3 w 1 to od Ciebie zale\u017cy, co zrobisz ze skoszon\u0105 traw\u0105. Mo\u017cesz go mulczowa\u0107, u\u017cy\u0107 wyrzutu bocznego lub zebra\u0107 do kosza.<\/p>\n<p>Wyposa\u017cenie premium w standardzie<br \/>\n32 mocne diody LED o\u015bwietlaj\u0105 otoczenie kierowcy pod k\u0105tem 360\u00b0, zapewniaj\u0105c operatorowi doskona\u0142\u0105 widoczno\u015b\u0107 we wszystkich kierunkach, nawet przy s\u0142abym o\u015bwietleniu. Ponadto kierowca Z6 jest wyposa\u017cony w dwa uchwyty na butelki, zamykany schowek z portem USB do \u0142adowania telefonu kom\u00f3rkowego oraz specjaln\u0105 kiesze\u0144 do bezpiecznego przechowywania telefonu kom\u00f3rkowego na wyci\u0105gni\u0119cie r\u0119ki.<\/p>\n","protected":false},"excerpt":{"rendered":"<p><strong>Zestaw zawiera:<\/strong><\/p>\n<p><strong>Rider Kosiarka akumulatorowa Z6 Zero Turn ZT4200L EGO Power+<\/strong> (1 szt.)<\/p>\n<p><strong>Bateria 10 Ah 560Wh 4P BA5600T 56V EGO POWER+<\/strong> (1 szt.)<\/p>\n<p><strong>Bateria 5.0Ah 280 Wh 2P BA2800T 56V EGO POWER+<\/strong> (1 szt.)<\/p>\n<p><strong>Za\u015blepka do mulczowania deflektora Ridera ZT4200E-L AMP4200 EGO<\/strong> (1 szt.)<\/p>\n","protected":false},"featured_media":31716,"template":"","meta":[],"product_brand":[103],"product_cat":[74,81],"product_tag":[],"class_list":{"0":"post-31715","1":"product","2":"type-product","3":"status-publish","4":"has-post-thumbnail","6":"product_brand-ego","7":"product_cat-narzedzia","8":"product_cat-kosiarki-akumulatorowe","10":"first","11":"instock","12":"sale","13":"shipping-taxable","14":"purchasable","15":"product-type-simple"},"aioseo_notices":[],"_links":{"self":[{"href":"https:\/\/profika.com.pl\/index.php\/wp-json\/wp\/v2\/product\/31715","targetHints":{"allow":["GET"]}}],"collection":[{"href":"https:\/\/profika.com.pl\/index.php\/wp-json\/wp\/v2\/product"}],"about":[{"href":"https:\/\/profika.com.pl\/index.php\/wp-json\/wp\/v2\/types\/product"}],"version-history":[{"count":1,"href":"https:\/\/profika.com.pl\/index.php\/wp-json\/wp\/v2\/product\/31715\/revisions"}],"predecessor-version":[{"id":31717,"href":"https:\/\/profika.com.pl\/index.php\/wp-json\/wp\/v2\/product\/31715\/revisions\/31717"}],"wp:featuredmedia":[{"embeddable":true,"href":"https:\/\/profika.com.pl\/index.php\/wp-json\/wp\/v2\/media\/31716"}],"wp:attachment":[{"href":"https:\/\/profika.com.pl\/index.php\/wp-json\/wp\/v2\/media?parent=31715"}],"wp:term":[{"taxonomy":"product_brand","embeddable":true,"href":"https:\/\/profika.com.pl\/index.php\/wp-json\/wp\/v2\/product_brand?post=31715"},{"taxonomy":"product_cat","embeddable":true,"href":"https:\/\/profika.com.pl\/index.php\/wp-json\/wp\/v2\/product_cat?post=31715"},{"taxonomy":"product_tag","embeddable":true,"href":"https:\/\/profika.com.pl\/index.php\/wp-json\/wp\/v2\/product_tag?post=31715"}],"curies":[{"name":"wp","href":"https:\/\/api.w.org\/{rel}","templated":true}]}}