{"id":31718,"date":"2026-02-21T11:11:09","date_gmt":"2026-02-21T10:11:09","guid":{"rendered":"https:\/\/profika.com.pl\/?post_type=product&#038;p=31718"},"modified":"2026-02-21T11:11:09","modified_gmt":"2026-02-21T10:11:09","slug":"odkurzacz-akumulatorowy-na-sucho-mokro-ego-power","status":"publish","type":"product","link":"https:\/\/profika.com.pl\/index.php\/produkt\/odkurzacz-akumulatorowy-na-sucho-mokro-ego-power\/","title":{"rendered":"Odkurzacz akumulatorowy na sucho\/mokro EGO POWER +"},"content":{"rendered":"<p>Pojemno\u015b\u0107 i akcesoria dla maksymalnej funkcjonalno\u015bci<br \/>\nEGO POWER+ WDV0900E wyposa\u017cony jest w pojemny zbiornik o pojemno\u015bci 34 litr\u00f3w, co umo\u017cliwia d\u0142ugotrwa\u0142\u0105 prac\u0119 bez konieczno\u015bci cz\u0119stego opr\u00f3\u017cniania. Wbudowany schowek na akcesoria zapewnia wygodne przechowywanie wszystkich niezb\u0119dnych ko\u0144c\u00f3wek, co czyni ten odkurzacz kompaktowym i \u0142atwym w przechowywaniu.<\/p>\n<p>W zestawie znajdziesz bogaty wyb\u00f3r akcesori\u00f3w, kt\u00f3re zwi\u0119kszaj\u0105 wszechstronno\u015b\u0107 urz\u0105dzenia:<\/p>\n<p>Dwie rury przed\u0142u\u017caj\u0105ce dla zwi\u0119kszenia zasi\u0119gu<br \/>\nDysza szczelinowa do trudno dost\u0119pnych miejsc<br \/>\nOkr\u0105g\u0142a dysza szczotkowa do kurzu, idealna do delikatnych powierzchni<br \/>\nMa\u0142a dysza pod\u0142ogowa z listw\u0105 szczotkow\u0105 do codziennego sprz\u0105tania<br \/>\nSzeroka dysza z gumow\u0105 listw\u0105 do wi\u0119kszych powierzchni<br \/>\nW\u0105\u017c o d\u0142ugo\u015bci 2,1 m zapewniaj\u0105cy swobod\u0119 ruchu<br \/>\nDodatkowo, odkurzacz posiada funkcj\u0119 czyszczenia filtra, co znacznie przed\u0142u\u017ca jego \u017cywotno\u015b\u0107 i utrzymuje sta\u0142\u0105, wysok\u0105 wydajno\u015b\u0107 pracy.<\/p>\n<p>Innowacyjna konstrukcja EGO POWER+ WDV0900E \u0142\u0105czy w sobie moc akumulatorow\u0105 z wydajno\u015bci\u0105 tradycyjnych odkurzaczy sieciowych. Brak kabla zapewnia swobod\u0119 ruchu i umo\u017cliwia sprz\u0105tanie w miejscach oddalonych od \u017ar\u00f3de\u0142 zasilania. Jest to idealne rozwi\u0105zanie zar\u00f3wno dla profesjonalist\u00f3w, jak i wymagaj\u0105cych u\u017cytkownik\u00f3w domowych.<\/p>\n<p>Dzi\u0119ki solidnej konstrukcji i wysokiej jako\u015bci materia\u0142om, EGO POWER+ WDV0900E to inwestycja na lata. Urz\u0105dzenie zosta\u0142o zaprojektowane z my\u015bl\u0105 o trwa\u0142o\u015bci i niezawodno\u015bci, co czyni je idealnym wyborem dla os\u00f3b ceni\u0105cych jako\u015b\u0107 i efektywno\u015b\u0107.<\/p>\n<p>Podsumowuj\u0105c, odkurzacz do pracy na sucho i mokro EGO POWER+ WDV0900E to wszechstronne, wydajne i innowacyjne urz\u0105dzenie, kt\u00f3re spe\u0142ni oczekiwania nawet najbardziej wymagaj\u0105cych u\u017cytkownik\u00f3w. \u0141\u0105cz\u0105c w sobie moc, pojemno\u015b\u0107 i bogaty zestaw akcesori\u00f3w, stanowi kompleksowe rozwi\u0105zanie dla wszystkich wyzwa\u0144 zwi\u0105zanych ze sprz\u0105taniem, zar\u00f3wno w domu, jak i w profesjonalnych zastosowaniach.<\/p>\n","protected":false},"excerpt":{"rendered":"<p><strong>Specyfikacja:<\/strong><br \/>\n <strong>Maksymalne podci\u015bnienie<\/strong> [mbar] 250<br \/>\n <strong>Przep\u0142yw powietrza<\/strong> [l\/min] Low: 1900 \/ High: 2500 \/ Turbo: 3100<br \/>\n <strong>Waga bez akumulatora<\/strong> [kg] 12,1<\/p>\n<p><strong>Akcesoria w zestawie:<\/strong><br \/>\n<strong>2\u00d7 rury przed\u0142u\u017caj\u0105ce,<\/strong><br \/>\n<strong>1\u00d7 ssawka szczelinowa, <\/strong><br \/>\n<strong>1\u00d7 szczotka do kurzu,<\/strong><br \/>\n<strong>1\u00d7 ma\u0142a ssawka pod\u0142ogowa ze szczotk\u0105,<\/strong><br \/>\n<strong>1\u00d7 szeroka ssawka, 1\u00d7 adapter do elektronarz\u0119dzi<\/strong><\/p>\n","protected":false},"featured_media":31719,"template":"","meta":[],"product_brand":[103],"product_cat":[80],"product_tag":[],"class_list":{"0":"post-31718","1":"product","2":"type-product","3":"status-publish","4":"has-post-thumbnail","6":"product_brand-ego","7":"product_cat-odkurzacze","9":"first","10":"instock","11":"sale","12":"shipping-taxable","13":"purchasable","14":"product-type-simple"},"aioseo_notices":[],"_links":{"self":[{"href":"https:\/\/profika.com.pl\/index.php\/wp-json\/wp\/v2\/product\/31718","targetHints":{"allow":["GET"]}}],"collection":[{"href":"https:\/\/profika.com.pl\/index.php\/wp-json\/wp\/v2\/product"}],"about":[{"href":"https:\/\/profika.com.pl\/index.php\/wp-json\/wp\/v2\/types\/product"}],"version-history":[{"count":1,"href":"https:\/\/profika.com.pl\/index.php\/wp-json\/wp\/v2\/product\/31718\/revisions"}],"predecessor-version":[{"id":31723,"href":"https:\/\/profika.com.pl\/index.php\/wp-json\/wp\/v2\/product\/31718\/revisions\/31723"}],"wp:featuredmedia":[{"embeddable":true,"href":"https:\/\/profika.com.pl\/index.php\/wp-json\/wp\/v2\/media\/31719"}],"wp:attachment":[{"href":"https:\/\/profika.com.pl\/index.php\/wp-json\/wp\/v2\/media?parent=31718"}],"wp:term":[{"taxonomy":"product_brand","embeddable":true,"href":"https:\/\/profika.com.pl\/index.php\/wp-json\/wp\/v2\/product_brand?post=31718"},{"taxonomy":"product_cat","embeddable":true,"href":"https:\/\/profika.com.pl\/index.php\/wp-json\/wp\/v2\/product_cat?post=31718"},{"taxonomy":"product_tag","embeddable":true,"href":"https:\/\/profika.com.pl\/index.php\/wp-json\/wp\/v2\/product_tag?post=31718"}],"curies":[{"name":"wp","href":"https:\/\/api.w.org\/{rel}","templated":true}]}}