{"id":31724,"date":"2026-02-21T11:37:43","date_gmt":"2026-02-21T10:37:43","guid":{"rendered":"https:\/\/profika.com.pl\/?post_type=product&#038;p=31724"},"modified":"2026-02-21T11:37:43","modified_gmt":"2026-02-21T10:37:43","slug":"plecakowy-pas-nosny-ze-stelazem-ego-power-professional-ego-bh1000-zawiera-adapter-adb1000","status":"publish","type":"product","link":"https:\/\/profika.com.pl\/index.php\/produkt\/plecakowy-pas-nosny-ze-stelazem-ego-power-professional-ego-bh1000-zawiera-adapter-adb1000\/","title":{"rendered":"Plecakowy pas no\u015bny ze stela\u017cem EGO POWER+ PROFESSIONAL EGO-BH1000 (zawiera adapter ADB1000)"},"content":{"rendered":"<p>Wygodne zasilanie bez ogranicze\u0144 \u2013 plecak BH1001 z adapterem ADB1000<br \/>\nStela\u017c plecakowy BH1001 EGO Power+ w zestawie z adapterem ADB1000 to idealne rozwi\u0105zanie dla u\u017cytkownik\u00f3w, kt\u00f3rzy chc\u0105 przenie\u015b\u0107 ci\u0119\u017car akumulatora z narz\u0119dzia na plecy. Komplet ten umo\u017cliwia wygodne i efektywne zasilanie wszystkich narz\u0119dzi akumulatorowych EGO Power+ \u2013 zar\u00f3wno z serii standardowej, jak i Pro X. To uniwersalne i ergonomiczne rozwi\u0105zanie zwi\u0119ksza swobod\u0119 ruchu, a jednocze\u015bnie minimalizuje zm\u0119czenie, szczeg\u00f3lnie przy d\u0142ugotrwa\u0142ej pracy z ci\u0119\u017cszymi akumulatorami.<\/p>\n<p>Kompatybilno\u015b\u0107 z platform\u0105 EGO Power+ i wygoda u\u017cytkowania<br \/>\nZestaw BH1001 z adapterem ADB1000 jest kompatybilny z ka\u017cd\u0105 bateri\u0105 z serii EGO ARC Lithium\u2122 56V. Adapter ADB1000 pozwala na szybkie pod\u0142\u0105czanie i od\u0142\u0105czanie akumulator\u00f3w, co znacz\u0105co u\u0142atwia prac\u0119 i zwi\u0119ksza efektywno\u015b\u0107. Dodatkowo stela\u017c posiada uchwyt transportowy oraz mo\u017cliwo\u015b\u0107 pionowego przechowywania, co podnosi komfort u\u017cytkowania.<\/p>\n<p>Profesjonalna ergonomia, oszcz\u0119dno\u015b\u0107 i ekologia<br \/>\nWyb\u00f3r stela\u017ca plecakowego z adapterem to nie tylko wygoda, ale te\u017c ekologiczna i ekonomiczna alternatywa dla rozwi\u0105za\u0144 spalinowych. Praca bez emisji spalin, ni\u017csze koszty eksploatacji oraz brak ha\u0142asu sprawiaj\u0105, \u017ce zestaw BH1001 + ADB1000 to doskona\u0142y wyb\u00f3r dla profesjonalist\u00f3w i wymagaj\u0105cych u\u017cytkownik\u00f3w domowych. Dzi\u0119ki r\u00f3wnomiernemu rozk\u0142adowi ci\u0119\u017caru i wysokiemu komfortowi noszenia, praca staje si\u0119 bardziej wydajna i mniej obci\u0105\u017caj\u0105ca.<\/p>\n","protected":false},"excerpt":{"rendered":"<p><strong>Wygodne zasilanie bez ogranicze\u0144 \u2013 plecak BH1000 z adapterem ADB1000<\/strong><\/p>\n","protected":false},"featured_media":31725,"template":"","meta":[],"product_brand":[103],"product_cat":[143,73],"product_tag":[],"class_list":{"0":"post-31724","1":"product","2":"type-product","3":"status-publish","4":"has-post-thumbnail","6":"product_brand-ego","7":"product_cat-stelaz-plecakowy","8":"product_cat-akcesoria","10":"first","11":"instock","12":"sale","13":"shipping-taxable","14":"purchasable","15":"product-type-simple"},"aioseo_notices":[],"_links":{"self":[{"href":"https:\/\/profika.com.pl\/index.php\/wp-json\/wp\/v2\/product\/31724","targetHints":{"allow":["GET"]}}],"collection":[{"href":"https:\/\/profika.com.pl\/index.php\/wp-json\/wp\/v2\/product"}],"about":[{"href":"https:\/\/profika.com.pl\/index.php\/wp-json\/wp\/v2\/types\/product"}],"version-history":[{"count":2,"href":"https:\/\/profika.com.pl\/index.php\/wp-json\/wp\/v2\/product\/31724\/revisions"}],"predecessor-version":[{"id":31727,"href":"https:\/\/profika.com.pl\/index.php\/wp-json\/wp\/v2\/product\/31724\/revisions\/31727"}],"wp:featuredmedia":[{"embeddable":true,"href":"https:\/\/profika.com.pl\/index.php\/wp-json\/wp\/v2\/media\/31725"}],"wp:attachment":[{"href":"https:\/\/profika.com.pl\/index.php\/wp-json\/wp\/v2\/media?parent=31724"}],"wp:term":[{"taxonomy":"product_brand","embeddable":true,"href":"https:\/\/profika.com.pl\/index.php\/wp-json\/wp\/v2\/product_brand?post=31724"},{"taxonomy":"product_cat","embeddable":true,"href":"https:\/\/profika.com.pl\/index.php\/wp-json\/wp\/v2\/product_cat?post=31724"},{"taxonomy":"product_tag","embeddable":true,"href":"https:\/\/profika.com.pl\/index.php\/wp-json\/wp\/v2\/product_tag?post=31724"}],"curies":[{"name":"wp","href":"https:\/\/api.w.org\/{rel}","templated":true}]}}