{"id":31735,"date":"2026-02-21T12:08:11","date_gmt":"2026-02-21T11:08:11","guid":{"rendered":"https:\/\/profika.com.pl\/?post_type=product&#038;p=31735"},"modified":"2026-02-21T12:08:11","modified_gmt":"2026-02-21T11:08:11","slug":"kosiarka-akumulatorowa-z-napedem-47-cm-ego-power-lm1900e-sp-56v-50ah-z-akumulatorem-50ah-i-szybka-ladowarka-ch5500e","status":"publish","type":"product","link":"https:\/\/profika.com.pl\/index.php\/produkt\/kosiarka-akumulatorowa-z-napedem-47-cm-ego-power-lm1900e-sp-56v-50ah-z-akumulatorem-50ah-i-szybka-ladowarka-ch5500e\/","title":{"rendered":"Kosiarka akumulatorowa z nap\u0119dem 47 cm, EGO POWER+ LM1900E-SP, 56V\/5,0Ah (z akumulatorem 5,0Ah i szybk\u0105 \u0142adowark\u0105 CH5500E)"},"content":{"rendered":"<p>LM1900E-SP to kosiarka akumulatorowa marki EGO Power+, kt\u00f3ra sprawi, \u017ce piel\u0119gnacja trawnika b\u0119dzie \u0142atwiejsza i przyjemniejsza ni\u017c kiedykolwiek wcze\u015bniej. Urz\u0105dzenie wyposa\u017cone jest w silnik bezszczotkowy, kt\u00f3ry pozwala na osi\u0105gni\u0119cie niespotykanej dot\u0105d wydajno\u015bci.<\/p>\n<p>Kosiarka do ma\u0142ych i du\u017cych ogrod\u00f3w<br \/>\nDzi\u0119ki szeroko\u015bci koszenia wynosz\u0105cej 47 cm, kosiarka nadaje si\u0119 do piel\u0119gnacji zar\u00f3wno ma\u0142ych, jak i wi\u0119kszych trawnik\u00f3w. Dost\u0119pne trzy poziomy regulacji wysoko\u015bci koszenia umo\u017cliwiaj\u0105 precyzyjne dostosowanie pracy kosiarki do indywidualnych potrzeb u\u017cytkownika.<\/p>\n<p>Bez spalin i ha\u0142asu<br \/>\nKosiarka LM1900E-SP dzia\u0142a na zasilaniu akumulatorowym, co sprawia, \u017ce jest cicha i przyjazna dla \u015brodowiska. Urz\u0105dzenie nie emituje szkodliwych substancji, co pozytywnie wp\u0142ywa na zdrowie u\u017cytkownik\u00f3w oraz otoczenia.<\/p>\n<p>Kosiarka wielozadaniowa<br \/>\nWarto r\u00f3wnie\u017c wspomnie\u0107 o funkcji 3w1, kt\u00f3ra pozwala na koszenie, zbieranie i rozdrabnianie skoszonej trawy. Zastosowany w kosiarce system Power+ zapewnia du\u017c\u0105 moc i wytrzyma\u0142o\u015b\u0107, dzi\u0119ki czemu urz\u0105dzenie jest niezawodne i przystosowane do pracy w r\u00f3\u017cnych warunkach. W przypadku mulczowania, wymagany jest zakup dodatkowego no\u017ca i wyk\u0142adki mulczuj\u0105cej. Produkt znajdziesz w naszym sklepie pod symbolem ABP1900.<\/p>\n","protected":false},"excerpt":{"rendered":"<p><strong>Specyfikacja:<\/strong><\/p>\n<p><strong>Szeroko\u015b\u0107 ci\u0119cia [cm]<\/strong> 47<br \/>\n<strong>Pr\u0119dko\u015b\u0107 nap\u0119du [m\/s (km\/h)]<\/strong> 0.6 &#8211; 1.4 (2.2 &#8211; 5.0)<br \/>\n<strong>Materia\u0142 obudowy<\/strong> polimer<br \/>\n<strong>Sugerowana powierzchnia trawnika [m2]<\/strong> 800<br \/>\n<strong>Obroty no\u017ca [obr\/min]<\/strong> 3000<br \/>\n<strong>Ustawienia wysoko\u015bci koszenia [mm]<\/strong> 20\/27\/37\/60\/70\/80<br \/>\n<strong>Pojemno\u015b\u0107 kosza [L]<\/strong> 55<br \/>\n<strong>Waga bez baterii [kg]<\/strong> 25<br \/>\n<strong>Typ silnika bezszczotkowy<\/strong><\/p>\n","protected":false},"featured_media":31736,"template":"","meta":[],"product_brand":[103],"product_cat":[74,81],"product_tag":[],"class_list":{"0":"post-31735","1":"product","2":"type-product","3":"status-publish","4":"has-post-thumbnail","6":"product_brand-ego","7":"product_cat-narzedzia","8":"product_cat-kosiarki-akumulatorowe","10":"first","11":"instock","12":"sale","13":"shipping-taxable","14":"purchasable","15":"product-type-simple"},"aioseo_notices":[],"_links":{"self":[{"href":"https:\/\/profika.com.pl\/index.php\/wp-json\/wp\/v2\/product\/31735","targetHints":{"allow":["GET"]}}],"collection":[{"href":"https:\/\/profika.com.pl\/index.php\/wp-json\/wp\/v2\/product"}],"about":[{"href":"https:\/\/profika.com.pl\/index.php\/wp-json\/wp\/v2\/types\/product"}],"version-history":[{"count":1,"href":"https:\/\/profika.com.pl\/index.php\/wp-json\/wp\/v2\/product\/31735\/revisions"}],"predecessor-version":[{"id":31737,"href":"https:\/\/profika.com.pl\/index.php\/wp-json\/wp\/v2\/product\/31735\/revisions\/31737"}],"wp:featuredmedia":[{"embeddable":true,"href":"https:\/\/profika.com.pl\/index.php\/wp-json\/wp\/v2\/media\/31736"}],"wp:attachment":[{"href":"https:\/\/profika.com.pl\/index.php\/wp-json\/wp\/v2\/media?parent=31735"}],"wp:term":[{"taxonomy":"product_brand","embeddable":true,"href":"https:\/\/profika.com.pl\/index.php\/wp-json\/wp\/v2\/product_brand?post=31735"},{"taxonomy":"product_cat","embeddable":true,"href":"https:\/\/profika.com.pl\/index.php\/wp-json\/wp\/v2\/product_cat?post=31735"},{"taxonomy":"product_tag","embeddable":true,"href":"https:\/\/profika.com.pl\/index.php\/wp-json\/wp\/v2\/product_tag?post=31735"}],"curies":[{"name":"wp","href":"https:\/\/api.w.org\/{rel}","templated":true}]}}